

{"id":248,"date":"2018-05-03T01:20:46","date_gmt":"2018-05-02T23:20:46","guid":{"rendered":"https:\/\/avf.asso.fr\/villeneuve-loubet\/?page_id=248"},"modified":"2018-05-03T12:19:41","modified_gmt":"2018-05-03T10:19:41","slug":"actus","status":"publish","type":"page","link":"https:\/\/avf.asso.fr\/villeneuve-loubet\/actus\/","title":{"rendered":"Actualit\u00e9s"},"content":{"rendered":"<div id=\"news\" class=\"nobg\"><div id=\"2001\" class=\"news-item row no-gutter\"><div class=\"news-thumb col-6\"><a href=\"https:\/\/avf.asso.fr\/villeneuve-loubet\/actualites\/resto-du-dimanche-a-lhippodrome\/\"><img src=\"\" alt=\"Villeneuve-Loubet\" \/><\/a><div class=\"news-cat\" style=\"background-color:#bf00d1;\"><a href=\"https:\/\/avf.asso.fr\/villeneuve-loubet\/actualites\/category\/agenda\/\">Agenda<\/a><\/div><\/div><div class=\"news-info col-6\"><a href=\"https:\/\/avf.asso.fr\/villeneuve-loubet\/actualites\/resto-du-dimanche-a-lhippodrome\/\"><h2 class=\"title-sub\">Resto du dimanche \u00e0 l&rsquo;hippodrome<\/h2><\/a>&nbsp;<\/div> <\/div><div id=\"1886\" class=\"news-item row no-gutter\"><div class=\"news-thumb col-6\"><a href=\"https:\/\/avf.asso.fr\/villeneuve-loubet\/actualites\/randonnee-a-casterino\/\"><img src=\"\" alt=\"Villeneuve-Loubet\" \/><\/a><div class=\"news-cat\" style=\"background-color:#bf00d1;\"><a href=\"https:\/\/avf.asso.fr\/villeneuve-loubet\/actualites\/category\/agenda\/\">Agenda<\/a><\/div><\/div><div class=\"news-info col-6\"><a href=\"https:\/\/avf.asso.fr\/villeneuve-loubet\/actualites\/randonnee-a-casterino\/\"><h2 class=\"title-sub\">Randonn\u00e9e \u00e0 Cast\u00e9rino<\/h2><\/a><img decoding=\"async\" loading=\"lazy\" src=\"https:\/\/avf.asso.fr\/villeneuve-loubet\/wp-content\/uploads\/sites\/331\/2023\/07\/Vallee-des-Merveilles-300x300.png\" alt=\"\" class=\"alignnone size-medium wp-image-1890\" width=\"300\" height=\"300\" srcset=\"https:\/\/avf.asso.fr\/villeneuve-loubet\/wp-content\/uploads\/sites\/331\/2023\/07\/Vallee-des-Merveilles-300x300.png 300w, https:\/\/avf.asso.fr\/villeneuve-loubet\/wp-content\/uploads\/sites\/331\/2023\/07\/Vallee-des-Merveilles-150x150.png 150w, https:\/\/avf.asso.fr\/villeneuve-loubet\/wp-content\/uploads\/sites\/331\/2023\/07\/Vallee-des-Merveilles-768x768.png 768w, https:\/\/avf.asso.fr\/villeneuve-loubet\/wp-content\/uploads\/sites\/331\/2023\/07\/Vallee-des-Merveilles-360x360.png 360w, https:\/\/avf.asso.fr\/villeneuve-loubet\/wp-content\/uploads\/sites\/331\/2023\/07\/Vallee-des-Merveilles.png 800w\" sizes=\"(max-width: 300px) 100vw, 300px\" \/><\/div> <\/div><div id=\"1865\" class=\"news-item row no-gutter\"><div class=\"news-thumb col-6\"><a href=\"https:\/\/avf.asso.fr\/villeneuve-loubet\/actualites\/voyage-en-hollande\/\"><img width=\"358\" height=\"148\" src=\"https:\/\/avf.asso.fr\/villeneuve-loubet\/wp-content\/uploads\/sites\/331\/2023\/05\/Floralies-Hollande-358x148.jpg\" class=\"attachment-home_news size-home_news wp-post-image\" alt=\"\" decoding=\"async\" loading=\"lazy\" \/><\/a><div class=\"news-cat\" style=\"background-color:#bf00d1;\"><a href=\"https:\/\/avf.asso.fr\/villeneuve-loubet\/actualites\/category\/agenda\/\">Agenda<\/a><\/div><\/div><div class=\"news-info col-6\"><a href=\"https:\/\/avf.asso.fr\/villeneuve-loubet\/actualites\/voyage-en-hollande\/\"><h2 class=\"title-sub\">Voyage en Hollande<\/h2><\/a><img decoding=\"async\" loading=\"lazy\" src=\"https:\/\/avf.asso.fr\/villeneuve-loubet\/wp-content\/uploads\/sites\/331\/2023\/05\/Hollande-bateau-300x118.jpg\" alt=\"\" class=\"alignnone size-medium wp-image-1868\" width=\"300\" height=\"118\" srcset=\"https:\/\/avf.asso.fr\/villeneuve-loubet\/wp-content\/uploads\/sites\/331\/2023\/05\/Hollande-bateau-300x118.jpg 300w, https:\/\/avf.asso.fr\/villeneuve-loubet\/wp-content\/uploads\/sites\/331\/2023\/05\/Hollande-bateau-768x303.jpg 768w, https:\/\/avf.asso.fr\/villeneuve-loubet\/wp-content\/uploads\/sites\/331\/2023\/05\/Hollande-bateau.jpg 861w\" sizes=\"(max-width: 300px) 100vw, 300px\" \/><\/div> <\/div><div id=\"1830\" class=\"news-item row no-gutter\"><div class=\"news-thumb col-6\"><a href=\"https:\/\/avf.asso.fr\/villeneuve-loubet\/actualites\/bistro-rando-a-tourettes\/\"><img width=\"358\" height=\"148\" src=\"https:\/\/avf.asso.fr\/villeneuve-loubet\/wp-content\/uploads\/sites\/331\/2023\/04\/Tourettes-gal-358x148.png\" class=\"attachment-home_news size-home_news wp-post-image\" alt=\"\" decoding=\"async\" loading=\"lazy\" \/><\/a><div class=\"news-cat\" style=\"background-color:#bf00d1;\"><a href=\"https:\/\/avf.asso.fr\/villeneuve-loubet\/actualites\/category\/agenda\/\">Agenda<\/a><\/div><\/div><div class=\"news-info col-6\"><a href=\"https:\/\/avf.asso.fr\/villeneuve-loubet\/actualites\/bistro-rando-a-tourettes\/\"><h2 class=\"title-sub\">Bistro Rando \u00e0 Tourrettes sur Loup<\/h2><\/a>Visite de Tourrettes sur Loup\r\n\r\n&nbsp;\r\n\r\n<img decoding=\"async\" loading=\"lazy\" src=\"https:\/\/avf.asso.fr\/villeneuve-loubet\/wp-content\/uploads\/sites\/331\/2023\/04\/Bistro-rando-Tourrettes-16-300x186.jpg\" alt=\"\" class=\"alignnone size-medium wp-image-1838\" width=\"300\" height=\"186\" srcset=\"https:\/\/avf.asso.fr\/villeneuve-loubet\/wp-content\/uploads\/sites\/331\/2023\/04\/Bistro-rando-Tourrettes-16-300x186.jpg 300w, https:\/\/avf.asso.fr\/villeneuve-loubet\/wp-content\/uploads\/sites\/331\/2023\/04\/Bistro-rando-Tourrettes-16-1024x635.jpg 1024w, https:\/\/avf.asso.fr\/villeneuve-loubet\/wp-content\/uploads\/sites\/331\/2023\/04\/Bistro-rando-Tourrettes-16-768x476.jpg 768w, https:\/\/avf.asso.fr\/villeneuve-loubet\/wp-content\/uploads\/sites\/331\/2023\/04\/Bistro-rando-Tourrettes-16-1536x952.jpg 1536w, https:\/\/avf.asso.fr\/villeneuve-loubet\/wp-content\/uploads\/sites\/331\/2023\/04\/Bistro-rando-Tourrettes-16-2048x1269.jpg 2048w\" sizes=\"(max-width: 300px) 100vw, 300px\" \/><\/div> <\/div><div id=\"1810\" class=\"news-item row no-gutter\"><div class=\"news-thumb col-6\"><a href=\"https:\/\/avf.asso.fr\/villeneuve-loubet\/actualites\/restaurant-danois-du-dimanche\/\"><img src=\"\" alt=\"Villeneuve-Loubet\" \/><\/a><div class=\"news-cat\" style=\"background-color:#bf00d1;\"><a href=\"https:\/\/avf.asso.fr\/villeneuve-loubet\/actualites\/category\/agenda\/\">Agenda<\/a><\/div><\/div><div class=\"news-info col-6\"><a href=\"https:\/\/avf.asso.fr\/villeneuve-loubet\/actualites\/restaurant-danois-du-dimanche\/\"><h2 class=\"title-sub\">Restaurant Danois du dimanche<\/h2><\/a><a href=\"https:\/\/avf.asso.fr\/villeneuve-loubet\/wp-content\/uploads\/sites\/331\/2023\/02\/resto-danois-dimanche.pdf\" class=\"pdfemb-viewer\" style=\"\" data-width=\"max\" data-height=\"max\"  data-toolbar=\"bottom\" data-toolbar-fixed=\"off\">resto danois dimanche<br\/><\/a><\/div> <\/div><div id=\"1808\" class=\"news-item row no-gutter\"><div class=\"news-thumb col-6\"><a href=\"https:\/\/avf.asso.fr\/villeneuve-loubet\/actualites\/visite-de-la-grotte-cosquer-a-marseille\/\"><img src=\"\" alt=\"Villeneuve-Loubet\" \/><\/a><div class=\"news-cat\" style=\"background-color:#bf00d1;\"><a href=\"https:\/\/avf.asso.fr\/villeneuve-loubet\/actualites\/category\/agenda\/\">Agenda<\/a><\/div><\/div><div class=\"news-info col-6\"><a href=\"https:\/\/avf.asso.fr\/villeneuve-loubet\/actualites\/visite-de-la-grotte-cosquer-a-marseille\/\"><h2 class=\"title-sub\">Visite de la grotte Cosquer \u00e0 Marseille<\/h2><\/a><a href=\"https:\/\/avf.asso.fr\/villeneuve-loubet\/wp-content\/uploads\/sites\/331\/2023\/02\/Visite-de-Marseille-et-la-Grotte-Cosquer.pdf\" class=\"pdfemb-viewer\" style=\"\" data-width=\"max\" data-height=\"max\"  data-toolbar=\"bottom\" data-toolbar-fixed=\"off\">Visite de Marseille et la Grotte Cosquer<br\/><\/a><\/div> <\/div><div id=\"1782\" class=\"news-item row no-gutter\"><div class=\"news-thumb col-6\"><a href=\"https:\/\/avf.asso.fr\/villeneuve-loubet\/actualites\/lavf-cest-nous-et-cest-vous\/\"><img src=\"\" alt=\"Villeneuve-Loubet\" \/><\/a><div class=\"news-cat\" style=\"background-color:#bf00d1;\"><a href=\"https:\/\/avf.asso.fr\/villeneuve-loubet\/actualites\/category\/agenda\/\">Agenda<\/a><\/div><\/div><div class=\"news-info col-6\"><a href=\"https:\/\/avf.asso.fr\/villeneuve-loubet\/actualites\/lavf-cest-nous-et-cest-vous\/\"><h2 class=\"title-sub\">L&rsquo;AVF c&rsquo;est nous et c&rsquo;est vous<\/h2><\/a><a href=\"https:\/\/avf.asso.fr\/villeneuve-loubet\/wp-content\/uploads\/sites\/331\/2022\/12\/Trombinoscope-pour-AG-13-12-2022.pdf\" class=\"pdfemb-viewer\" style=\"\" data-width=\"max\" data-height=\"max\"  data-toolbar=\"bottom\" data-toolbar-fixed=\"off\">Trombinoscope pour AG 13-12-2022<br\/><\/a><\/div> <\/div><div id=\"1779\" class=\"news-item row no-gutter\"><div class=\"news-thumb col-6\"><a href=\"https:\/\/avf.asso.fr\/villeneuve-loubet\/actualites\/petanque-avec-georges\/\"><img src=\"\" alt=\"Villeneuve-Loubet\" \/><\/a><div class=\"news-cat\" style=\"background-color:#bf00d1;\"><a href=\"https:\/\/avf.asso.fr\/villeneuve-loubet\/actualites\/category\/agenda\/\">Agenda<\/a><\/div><\/div><div class=\"news-info col-6\"><a href=\"https:\/\/avf.asso.fr\/villeneuve-loubet\/actualites\/petanque-avec-georges\/\"><h2 class=\"title-sub\">P\u00e9tanque avec Georges<\/h2><\/a><a href=\"https:\/\/avf.asso.fr\/villeneuve-loubet\/wp-content\/uploads\/sites\/331\/2022\/12\/Petanque-avec-george.pdf\" class=\"pdfemb-viewer\" style=\"\" data-width=\"max\" data-height=\"max\"  data-toolbar=\"bottom\" data-toolbar-fixed=\"off\">Petanque avec george<br\/><\/a><\/div> <\/div><div id=\"1777\" class=\"news-item row no-gutter\"><div class=\"news-thumb col-6\"><a href=\"https:\/\/avf.asso.fr\/villeneuve-loubet\/actualites\/peindre-ensemble-avec-fanfan\/\"><img src=\"\" alt=\"Villeneuve-Loubet\" \/><\/a><div class=\"news-cat\" style=\"background-color:#bf00d1;\"><a href=\"https:\/\/avf.asso.fr\/villeneuve-loubet\/actualites\/category\/agenda\/\">Agenda<\/a><\/div><\/div><div class=\"news-info col-6\"><a href=\"https:\/\/avf.asso.fr\/villeneuve-loubet\/actualites\/peindre-ensemble-avec-fanfan\/\"><h2 class=\"title-sub\">Peindre ensemble avec Fanfan<\/h2><\/a><a href=\"https:\/\/avf.asso.fr\/villeneuve-loubet\/wp-content\/uploads\/sites\/331\/2022\/12\/Peindre-ensemble-2.pdf\" class=\"pdfemb-viewer\" style=\"\" data-width=\"max\" data-height=\"max\"  data-toolbar=\"bottom\" data-toolbar-fixed=\"off\">Peindre ensemble 2<br\/><\/a><\/div> <\/div><div id=\"1775\" class=\"news-item row no-gutter\"><div class=\"news-thumb col-6\"><a href=\"https:\/\/avf.asso.fr\/villeneuve-loubet\/actualites\/petit-resto-du-dimanche-a-lhippodrome\/\"><img src=\"\" alt=\"Villeneuve-Loubet\" \/><\/a><div class=\"news-cat\" style=\"background-color:#bf00d1;\"><a href=\"https:\/\/avf.asso.fr\/villeneuve-loubet\/actualites\/category\/agenda\/\">Agenda<\/a><\/div><\/div><div class=\"news-info col-6\"><a href=\"https:\/\/avf.asso.fr\/villeneuve-loubet\/actualites\/petit-resto-du-dimanche-a-lhippodrome\/\"><h2 class=\"title-sub\">Petit resto du dimanche \u00e0 l&rsquo;hippodrome<\/h2><\/a><a href=\"https:\/\/avf.asso.fr\/villeneuve-loubet\/wp-content\/uploads\/sites\/331\/2022\/12\/Petits-resto.pdf\" class=\"pdfemb-viewer\" style=\"\" data-width=\"max\" data-height=\"max\"  data-toolbar=\"bottom\" data-toolbar-fixed=\"off\">Petits resto<br\/><\/a><\/div> <\/div><\/div>\n","protected":false},"excerpt":{"rendered":"","protected":false},"author":13,"featured_media":0,"parent":0,"menu_order":0,"comment_status":"closed","ping_status":"closed","template":"actualites.php","meta":[],"acf":[],"_links":{"self":[{"href":"https:\/\/avf.asso.fr\/villeneuve-loubet\/wp-json\/wp\/v2\/pages\/248"}],"collection":[{"href":"https:\/\/avf.asso.fr\/villeneuve-loubet\/wp-json\/wp\/v2\/pages"}],"about":[{"href":"https:\/\/avf.asso.fr\/villeneuve-loubet\/wp-json\/wp\/v2\/types\/page"}],"author":[{"embeddable":true,"href":"https:\/\/avf.asso.fr\/villeneuve-loubet\/wp-json\/wp\/v2\/users\/13"}],"replies":[{"embeddable":true,"href":"https:\/\/avf.asso.fr\/villeneuve-loubet\/wp-json\/wp\/v2\/comments?post=248"}],"version-history":[{"count":3,"href":"https:\/\/avf.asso.fr\/villeneuve-loubet\/wp-json\/wp\/v2\/pages\/248\/revisions"}],"predecessor-version":[{"id":1089,"href":"https:\/\/avf.asso.fr\/villeneuve-loubet\/wp-json\/wp\/v2\/pages\/248\/revisions\/1089"}],"wp:attachment":[{"href":"https:\/\/avf.asso.fr\/villeneuve-loubet\/wp-json\/wp\/v2\/media?parent=248"}],"curies":[{"name":"wp","href":"https:\/\/api.w.org\/{rel}","templated":true}]}}