{"id":226,"date":"2018-04-26T19:17:52","date_gmt":"2018-04-26T17:17:52","guid":{"rendered":"https:\/\/avf.asso.fr\/troyes-champagne-metropole\/?page_id=226"},"modified":"2024-10-12T11:28:01","modified_gmt":"2024-10-12T09:28:01","slug":"activites","status":"publish","type":"page","link":"https:\/\/avf.asso.fr\/troyes-champagne-metropole\/activites\/","title":{"rendered":"Les animations"},"content":{"rendered":"<table style=\"width: 100%; border-collapse: collapse; border-style: solid;\" border=\"1\">\n<tbody>\n<tr style=\"height: 18px;\">\n<td style=\"width: 9.34407%; height: 18px; text-align: center;\"><span style=\"color: #ff0000;\"><strong>D\u00c9COUVRIR<\/strong><\/span><\/td>\n<td style=\"width: 10.4122%; height: 18px; text-align: center;\"><span style=\"color: #ff0000;\"><strong>RENCONTRER<\/strong><\/span><\/td>\n<td style=\"width: 13.5671%; height: 18px; text-align: center;\"><span style=\"color: #ff0000;\"><strong>DISCUTER<\/strong><\/span><\/td>\n<\/tr>\n<tr style=\"height: 18px;\">\n<td style=\"width: 9.34407%; height: 18px;\"><strong>Allons au cin\u00e9ma<\/strong><\/td>\n<td style=\"width: 10.4122%; height: 18px;\"><strong>Soir\u00e9e \u00e0 th\u00e8me<\/strong><\/td>\n<td style=\"width: 13.5671%; height: 18px;\"><strong>Conversation anglaise<\/strong><\/td>\n<\/tr>\n<tr style=\"height: 18px;\">\n<td style=\"width: 9.34407%; height: 18px;\"><strong>D\u00e9ambulation tricasse<\/strong><\/td>\n<td style=\"width: 10.4122%; height: 18px;\"><strong>Repas partag\u00e9<\/strong><\/td>\n<td style=\"width: 13.5671%; height: 18px;\"><strong>Conversation italienne<\/strong><\/td>\n<\/tr>\n<tr style=\"height: 18px;\">\n<td style=\"width: 9.34407%; height: 18px;\"><strong>Sorties culturelles<\/strong><\/td>\n<td style=\"width: 10.4122%; height: 18px;\"><\/td>\n<td style=\"width: 13.5671%; height: 18px;\"><strong>conversation espagnol<\/strong><\/td>\n<\/tr>\n<tr style=\"height: 18px;\">\n<td style=\"width: 9.34407%; height: 18px;\"><\/td>\n<td style=\"width: 10.4122%; height: 18px;\"><\/td>\n<td style=\"width: 13.5671%; height: 18px;\"><\/td>\n<\/tr>\n<tr style=\"height: 18px;\">\n<td style=\"width: 9.34407%; height: 18px; text-align: center;\"><span style=\"color: #ff0000;\"><strong>CR\u00c9ER<\/strong><\/span><\/td>\n<td style=\"width: 10.4122%; height: 18px; text-align: center;\"><span style=\"color: #ff0000;\"><strong>JOUER<\/strong><\/span><\/td>\n<td style=\"width: 13.5671%; height: 18px; text-align: center;\"><span style=\"color: #ff0000;\"><strong>BOUGER<\/strong><\/span><\/td>\n<\/tr>\n<tr style=\"height: 18px;\">\n<td style=\"width: 9.34407%; height: 18px;\"><strong>Peinture &amp; aquarelle<\/strong><\/td>\n<td style=\"width: 10.4122%; height: 18px;\"><strong>Scrabble<\/strong><\/td>\n<td style=\"width: 13.5671%; height: 18px;\"><strong>Marche active<\/strong><\/td>\n<\/tr>\n<tr style=\"height: 18px;\">\n<td style=\"width: 9.34407%; height: 18px;\"><strong>Cartonnage<\/strong><\/td>\n<td style=\"width: 10.4122%; height: 18px;\"><strong>Jeux de soci\u00e9t\u00e9<\/strong><\/td>\n<td style=\"width: 13.5671%; height: 18px;\"><\/td>\n<\/tr>\n<tr style=\"height: 18px;\">\n<td style=\"width: 9.34407%; height: 18px;\"><strong>Broderie tricot<\/strong><\/td>\n<td style=\"width: 10.4122%; height: 18px;\"><\/td>\n<td style=\"width: 13.5671%; height: 18px; text-align: center;\"><span style=\"color: #ff0000;\"><strong>ATELIER INFORMATIQUE<\/strong><\/span><\/td>\n<\/tr>\n<tr style=\"height: 18px;\">\n<td style=\"width: 9.34407%; height: 18px;\"><\/td>\n<td style=\"width: 10.4122%; height: 18px;\"><\/td>\n<td style=\"width: 13.5671%; height: 18px;\"><strong>Initiation &amp; d\u00e9pannage<\/strong><\/td>\n<\/tr>\n<tr style=\"height: 18px;\">\n<td style=\"width: 9.34407%; height: 18px;\"><\/td>\n<td style=\"width: 10.4122%; height: 18px;\"><\/td>\n<td style=\"width: 13.5671%; height: 18px;\"><\/td>\n<\/tr>\n<\/tbody>\n<\/table>\n<p>&nbsp;<\/p>\n","protected":false},"excerpt":{"rendered":"<p>D\u00c9COUVRIR RENCONTRER DISCUTER Allons au cin\u00e9ma Soir\u00e9e \u00e0 th\u00e8me Conversation anglaise D\u00e9ambulation tricasse Repas partag\u00e9 Conversation italienne Sorties culturelles conversation espagnol CR\u00c9ER JOUER BOUGER Peinture &amp; aquarelle Scrabble Marche active Cartonnage Jeux de soci\u00e9t\u00e9 Broderie tricot ATELIER INFORMATIQUE Initiation &amp; d\u00e9pannage &nbsp;<\/p>\n","protected":false},"author":1,"featured_media":0,"parent":0,"menu_order":0,"comment_status":"closed","ping_status":"closed","template":"","meta":[],"acf":[],"_links":{"self":[{"href":"https:\/\/avf.asso.fr\/troyes-champagne-metropole\/wp-json\/wp\/v2\/pages\/226"}],"collection":[{"href":"https:\/\/avf.asso.fr\/troyes-champagne-metropole\/wp-json\/wp\/v2\/pages"}],"about":[{"href":"https:\/\/avf.asso.fr\/troyes-champagne-metropole\/wp-json\/wp\/v2\/types\/page"}],"author":[{"embeddable":true,"href":"https:\/\/avf.asso.fr\/troyes-champagne-metropole\/wp-json\/wp\/v2\/users\/1"}],"replies":[{"embeddable":true,"href":"https:\/\/avf.asso.fr\/troyes-champagne-metropole\/wp-json\/wp\/v2\/comments?post=226"}],"version-history":[{"count":9,"href":"https:\/\/avf.asso.fr\/troyes-champagne-metropole\/wp-json\/wp\/v2\/pages\/226\/revisions"}],"predecessor-version":[{"id":1505,"href":"https:\/\/avf.asso.fr\/troyes-champagne-metropole\/wp-json\/wp\/v2\/pages\/226\/revisions\/1505"}],"wp:attachment":[{"href":"https:\/\/avf.asso.fr\/troyes-champagne-metropole\/wp-json\/wp\/v2\/media?parent=226"}],"curies":[{"name":"wp","href":"https:\/\/api.w.org\/{rel}","templated":true}]}}