{"id":960,"date":"2019-04-25T10:33:11","date_gmt":"2019-04-25T08:33:11","guid":{"rendered":"https:\/\/avf.asso.fr\/saint-nom-la-breteche\/?page_id=960"},"modified":"2019-08-27T03:24:32","modified_gmt":"2019-08-27T01:24:32","slug":"pratique-langue-etrangere","status":"publish","type":"page","link":"https:\/\/avf.asso.fr\/saint-nom-la-breteche\/pratique-langue-etrangere\/","title":{"rendered":"Pratique Langue \u00c9trang\u00e8re"},"content":{"rendered":"<ul>\n<li>Conversation Franco-Anglaise\n<ul>\n<li>Annie Boidin\u00a0 \u00a0 \u00a0 2 vendredis \/ mois 13h30 &#8211; 15h30<\/li>\n<li>Annie Bescond\u00a0 1\u00a0 lundi \/ mois<\/li>\n<li><\/li>\n<\/ul>\n<\/li>\n<li>Conversation Franco-Espagnole\n<ul>\n<li>Catherine Jos\u00e9phine\u00a0 \u00a01 jeudi \/ mois<\/li>\n<li><\/li>\n<\/ul>\n<\/li>\n<li>\u00a0Conversation Franco-Italienne\n<ul>\n<li>\u00e0 compl\u00e9ter<\/li>\n<li><\/li>\n<\/ul>\n<\/li>\n<\/ul>\n<ul>\n<li>Book Club &#8211; \u00c9change autour d&rsquo;un livre\n<ul>\n<li>Annie Bescond\u00a0 \u00a01 vendredi soir \/ mois<\/li>\n<\/ul>\n<\/li>\n<\/ul>\n","protected":false},"excerpt":{"rendered":"<p>Conversation Franco-Anglaise Annie Boidin\u00a0 \u00a0 \u00a0 2 vendredis \/ mois 13h30 &#8211; 15h30 Annie Bescond\u00a0 1\u00a0 lundi \/ mois Conversation Franco-Espagnole Catherine Jos\u00e9phine\u00a0 \u00a01 jeudi \/ mois \u00a0Conversation Franco-Italienne \u00e0 compl\u00e9ter Book Club &#8211; \u00c9change autour d&rsquo;un livre Annie Bescond\u00a0 \u00a01 vendredi soir \/ mois<\/p>\n","protected":false},"author":5517,"featured_media":1063,"parent":0,"menu_order":0,"comment_status":"closed","ping_status":"closed","template":"","meta":[],"acf":[],"_links":{"self":[{"href":"https:\/\/avf.asso.fr\/saint-nom-la-breteche\/wp-json\/wp\/v2\/pages\/960"}],"collection":[{"href":"https:\/\/avf.asso.fr\/saint-nom-la-breteche\/wp-json\/wp\/v2\/pages"}],"about":[{"href":"https:\/\/avf.asso.fr\/saint-nom-la-breteche\/wp-json\/wp\/v2\/types\/page"}],"author":[{"embeddable":true,"href":"https:\/\/avf.asso.fr\/saint-nom-la-breteche\/wp-json\/wp\/v2\/users\/5517"}],"replies":[{"embeddable":true,"href":"https:\/\/avf.asso.fr\/saint-nom-la-breteche\/wp-json\/wp\/v2\/comments?post=960"}],"version-history":[{"count":7,"href":"https:\/\/avf.asso.fr\/saint-nom-la-breteche\/wp-json\/wp\/v2\/pages\/960\/revisions"}],"predecessor-version":[{"id":1059,"href":"https:\/\/avf.asso.fr\/saint-nom-la-breteche\/wp-json\/wp\/v2\/pages\/960\/revisions\/1059"}],"wp:featuredmedia":[{"embeddable":true,"href":"https:\/\/avf.asso.fr\/saint-nom-la-breteche\/wp-json\/wp\/v2\/media\/1063"}],"wp:attachment":[{"href":"https:\/\/avf.asso.fr\/saint-nom-la-breteche\/wp-json\/wp\/v2\/media?parent=960"}],"curies":[{"name":"wp","href":"https:\/\/api.w.org\/{rel}","templated":true}]}}