

{"id":248,"date":"2018-05-03T01:20:46","date_gmt":"2018-05-02T23:20:46","guid":{"rendered":"https:\/\/avf.asso.fr\/saint-nom-la-breteche\/?page_id=248"},"modified":"2018-05-03T12:19:41","modified_gmt":"2018-05-03T10:19:41","slug":"actus","status":"publish","type":"page","link":"https:\/\/avf.asso.fr\/saint-nom-la-breteche\/actus\/","title":{"rendered":"Actualit\u00e9s"},"content":{"rendered":"<div id=\"news\" class=\"nobg\"><div id=\"1023\" class=\"news-item row no-gutter\"><div class=\"news-thumb col-6\"><a href=\"https:\/\/avf.asso.fr\/saint-nom-la-breteche\/actualites\/forum-des-associations-2019\/\"><img width=\"353\" height=\"148\" src=\"https:\/\/avf.asso.fr\/saint-nom-la-breteche\/wp-content\/uploads\/sites\/201\/2019\/07\/avf_snlb-353x148.jpg\" class=\"attachment-home_news size-home_news wp-post-image\" alt=\"\" decoding=\"async\" loading=\"lazy\" \/><\/a><div class=\"news-cat\" style=\"background-color:#bf00d1;\"><a href=\"https:\/\/avf.asso.fr\/saint-nom-la-breteche\/actualites\/category\/agenda\/\">Agenda<\/a><\/div><\/div><div class=\"news-info col-6\"><a href=\"https:\/\/avf.asso.fr\/saint-nom-la-breteche\/actualites\/forum-des-associations-2019\/\"><h2 class=\"title-sub\">Forum des Associations 2020<\/h2><\/a>Rendez-vous <strong>samedi 5 septembre<\/strong> \u00e0 l&rsquo;Espace JKM pour votre adh\u00e9sion\u00a0et vous inscrire aux diverses activit\u00e9s.\r\n\r\nNous esp\u00e9rons que vous serez nombreux.\r\n\r\nNous serons \u00e0 votre \u00e9coute.\r\n\r\n&nbsp;<\/div> <\/div><div id=\"1224\" class=\"news-item row no-gutter\"><div class=\"news-thumb col-6\"><a href=\"https:\/\/avf.asso.fr\/saint-nom-la-breteche\/actualites\/concert-la-voix-des-anges\/\"><img width=\"352\" height=\"148\" src=\"https:\/\/avf.asso.fr\/saint-nom-la-breteche\/wp-content\/uploads\/sites\/201\/2024\/10\/concert-352x148.jpg\" class=\"attachment-home_news size-home_news wp-post-image\" alt=\"\" decoding=\"async\" loading=\"lazy\" \/><\/a><div class=\"news-cat\" style=\"background-color:;\"><a href=\"\"><\/a><\/div><\/div><div class=\"news-info col-6\"><a href=\"https:\/\/avf.asso.fr\/saint-nom-la-breteche\/actualites\/concert-la-voix-des-anges\/\"><h2 class=\"title-sub\">Concert \u00ab\u00a0La voix des anges\u00a0\u00bb<\/h2><\/a><h2><span style=\"color: #3366ff;\">Jeudi 20 f\u00e9vrier 2025, \u00e0 20h30<\/span><\/h2><\/div> <\/div><div id=\"1218\" class=\"news-item row no-gutter\"><div class=\"news-thumb col-6\"><a href=\"https:\/\/avf.asso.fr\/saint-nom-la-breteche\/actualites\/le-journal-de-lile-de-france-doctobre-2024\/\"><img width=\"358\" height=\"148\" src=\"https:\/\/avf.asso.fr\/saint-nom-la-breteche\/wp-content\/uploads\/sites\/201\/2021\/06\/journal-358x148.png\" class=\"attachment-home_news size-home_news wp-post-image\" alt=\"\" decoding=\"async\" loading=\"lazy\" \/><\/a><div class=\"news-cat\" style=\"background-color:;\"><a href=\"\"><\/a><\/div><\/div><div class=\"news-info col-6\"><a href=\"https:\/\/avf.asso.fr\/saint-nom-la-breteche\/actualites\/le-journal-de-lile-de-france-doctobre-2024\/\"><h2 class=\"title-sub\">Le journal de l&rsquo;\u00cele de France d&rsquo;octobre 2024<\/h2><\/a><img decoding=\"async\" loading=\"lazy\" src=\"https:\/\/avf.asso.fr\/ile-de-france\/wp-content\/uploads\/sites\/55\/2024\/10\/journal-uravf-logo-300x86.png\" alt=\"\" width=\"300\" height=\"86\" class=\"alignnone size-medium wp-image-4270\" \/><\/div> <\/div><div id=\"1210\" class=\"news-item row no-gutter\"><div class=\"news-thumb col-6\"><a href=\"https:\/\/avf.asso.fr\/saint-nom-la-breteche\/actualites\/concert-offenbach\/\"><img width=\"352\" height=\"148\" src=\"https:\/\/avf.asso.fr\/saint-nom-la-breteche\/wp-content\/uploads\/sites\/201\/2024\/10\/concert-352x148.jpg\" class=\"attachment-home_news size-home_news wp-post-image\" alt=\"\" decoding=\"async\" loading=\"lazy\" \/><\/a><div class=\"news-cat\" style=\"background-color:;\"><a href=\"\"><\/a><\/div><\/div><div class=\"news-info col-6\"><a href=\"https:\/\/avf.asso.fr\/saint-nom-la-breteche\/actualites\/concert-offenbach\/\"><h2 class=\"title-sub\">Concert OFFENBACH<\/h2><\/a><h2><span style=\"color: #3366ff;\">le Samedi 7 d\u00e9cembre \u00e0 16 heures<\/span><\/h2><\/div> <\/div><div id=\"1204\" class=\"news-item row no-gutter\"><div class=\"news-thumb col-6\"><a href=\"https:\/\/avf.asso.fr\/saint-nom-la-breteche\/actualites\/lantonienne-2024\/\"><img width=\"358\" height=\"148\" src=\"https:\/\/avf.asso.fr\/saint-nom-la-breteche\/wp-content\/uploads\/sites\/201\/2024\/03\/antonienne-3.jpg-358x148.png\" class=\"attachment-home_news size-home_news wp-post-image\" alt=\"\" decoding=\"async\" loading=\"lazy\" \/><\/a><div class=\"news-cat\" style=\"background-color:;\"><a href=\"\"><\/a><\/div><\/div><div class=\"news-info col-6\"><a href=\"https:\/\/avf.asso.fr\/saint-nom-la-breteche\/actualites\/lantonienne-2024\/\"><h2 class=\"title-sub\">L&rsquo;Antonienne 2024<\/h2><\/a><img decoding=\"async\" loading=\"lazy\" src=\"https:\/\/avf.asso.fr\/ile-de-france\/wp-content\/uploads\/sites\/55\/2024\/03\/antonnienne-2024-1.jpg\" alt=\"\" width=\"300\" height=\"300\" class=\"alignnone size-full wp-image-4203\" \/><\/div> <\/div><div id=\"1201\" class=\"news-item row no-gutter\"><div class=\"news-thumb col-6\"><a href=\"https:\/\/avf.asso.fr\/saint-nom-la-breteche\/actualites\/ah-lirlande\/\"><img width=\"358\" height=\"148\" src=\"https:\/\/avf.asso.fr\/saint-nom-la-breteche\/wp-content\/uploads\/sites\/201\/2024\/01\/irlande-10-358x148.png\" class=\"attachment-home_news size-home_news wp-post-image\" alt=\"\" decoding=\"async\" loading=\"lazy\" \/><\/a><div class=\"news-cat\" style=\"background-color:;\"><a href=\"\"><\/a><\/div><\/div><div class=\"news-info col-6\"><a href=\"https:\/\/avf.asso.fr\/saint-nom-la-breteche\/actualites\/ah-lirlande\/\"><h2 class=\"title-sub\">Ah l\u2019Irlande !<\/h2><\/a><strong>Du 18 au 24 mai 2024 et du 11 au 17 mai\r\n<\/strong><\/div> <\/div><div id=\"1182\" class=\"news-item row no-gutter\"><div class=\"news-thumb col-6\"><a href=\"https:\/\/avf.asso.fr\/saint-nom-la-breteche\/actualites\/de-la-venetie-a-la-lombardie\/\"><img width=\"358\" height=\"148\" src=\"https:\/\/avf.asso.fr\/saint-nom-la-breteche\/wp-content\/uploads\/sites\/201\/2024\/01\/Italie-8-358x148.png\" class=\"attachment-home_news size-home_news wp-post-image\" alt=\"\" decoding=\"async\" loading=\"lazy\" \/><\/a><div class=\"news-cat\" style=\"background-color:;\"><a href=\"\"><\/a><\/div><\/div><div class=\"news-info col-6\"><a href=\"https:\/\/avf.asso.fr\/saint-nom-la-breteche\/actualites\/de-la-venetie-a-la-lombardie\/\"><h2 class=\"title-sub\">De la V\u00e9n\u00e9tie \u00e0 la Lombardie<\/h2><\/a><span style=\"color: #000000;\"><strong>Du 04\/10\/2024 au 09\/10\/2024<\/strong><\/span><\/div> <\/div><div id=\"1178\" class=\"news-item row no-gutter\"><div class=\"news-thumb col-6\"><a href=\"https:\/\/avf.asso.fr\/saint-nom-la-breteche\/actualites\/le-journal-de-lile-de-france-de-decembre-2023\/\"><img width=\"358\" height=\"148\" src=\"https:\/\/avf.asso.fr\/saint-nom-la-breteche\/wp-content\/uploads\/sites\/201\/2022\/10\/journal-358x148.png\" class=\"attachment-home_news size-home_news wp-post-image\" alt=\"\" decoding=\"async\" loading=\"lazy\" \/><\/a><div class=\"news-cat\" style=\"background-color:;\"><a href=\"\"><\/a><\/div><\/div><div class=\"news-info col-6\"><a href=\"https:\/\/avf.asso.fr\/saint-nom-la-breteche\/actualites\/le-journal-de-lile-de-france-de-decembre-2023\/\"><h2 class=\"title-sub\">Le journal de l\u2019\u00cele de France de d\u00e9cembre 2023<\/h2><\/a><img decoding=\"async\" loading=\"lazy\" src=\"https:\/\/avf.asso.fr\/ile-de-france\/wp-content\/uploads\/sites\/55\/2023\/12\/Capture-decran-2023-12-21-11.29.03-300x86.png\" alt=\"\" width=\"513\" height=\"147\" class=\"alignnone wp-image-4138\" \/><\/div> <\/div><div id=\"1175\" class=\"news-item row no-gutter\"><div class=\"news-thumb col-6\"><a href=\"https:\/\/avf.asso.fr\/saint-nom-la-breteche\/actualites\/le-journal-de-lile-de-france-de-septembre-2023\/\"><img width=\"358\" height=\"148\" src=\"https:\/\/avf.asso.fr\/saint-nom-la-breteche\/wp-content\/uploads\/sites\/201\/2022\/10\/journal-358x148.png\" class=\"attachment-home_news size-home_news wp-post-image\" alt=\"\" decoding=\"async\" loading=\"lazy\" \/><\/a><div class=\"news-cat\" style=\"background-color:;\"><a href=\"\"><\/a><\/div><\/div><div class=\"news-info col-6\"><a href=\"https:\/\/avf.asso.fr\/saint-nom-la-breteche\/actualites\/le-journal-de-lile-de-france-de-septembre-2023\/\"><h2 class=\"title-sub\">Le journal de l\u2019\u00cele de France de septembre 2023<\/h2><\/a><img decoding=\"async\" loading=\"lazy\" src=\"https:\/\/avf.asso.fr\/ile-de-france\/wp-content\/uploads\/sites\/55\/2021\/06\/le-journal-idf-sd-300x86.jpg\" alt=\"\" width=\"513\" height=\"147\" class=\"alignnone  wp-image-3458\" \/><\/div> <\/div><div id=\"1164\" class=\"news-item row no-gutter\"><div class=\"news-thumb col-6\"><a href=\"https:\/\/avf.asso.fr\/saint-nom-la-breteche\/actualites\/concert-viva-verdi\/\"><img src=\"https:\/\/avf.asso.fr\/saint-nom-la-breteche\/wp-content\/uploads\/sites\/201\/2019\/08\/forum_ass_2018.jpg\" alt=\"Saint-Nom-La-Bret\u00eache\" \/><\/a><div class=\"news-cat\" style=\"background-color:#bf00d1;\"><a href=\"https:\/\/avf.asso.fr\/saint-nom-la-breteche\/actualites\/category\/agenda\/\">Agenda<\/a><\/div><\/div><div class=\"news-info col-6\"><a href=\"https:\/\/avf.asso.fr\/saint-nom-la-breteche\/actualites\/concert-viva-verdi\/\"><h2 class=\"title-sub\">Concert Viva Verdi<\/h2><\/a><h2><span style=\"color: #008080;\">Samedi 23 septembre 2023 &#8211; 16 heures<\/span><\/h2><\/div> <\/div><div id=\"1169\" class=\"news-item row no-gutter\"><div class=\"news-thumb col-6\"><a href=\"https:\/\/avf.asso.fr\/saint-nom-la-breteche\/actualites\/escapade-musicale-offenbach-a-marrakech\/\"><img width=\"358\" height=\"148\" src=\"https:\/\/avf.asso.fr\/saint-nom-la-breteche\/wp-content\/uploads\/sites\/201\/2023\/06\/Photo-Marakech-358x148.jpg\" class=\"attachment-home_news size-home_news wp-post-image\" alt=\"\" decoding=\"async\" loading=\"lazy\" \/><\/a><div class=\"news-cat\" style=\"background-color:;\"><a href=\"\"><\/a><\/div><\/div><div class=\"news-info col-6\"><a href=\"https:\/\/avf.asso.fr\/saint-nom-la-breteche\/actualites\/escapade-musicale-offenbach-a-marrakech\/\"><h2 class=\"title-sub\">Escapade musicale Offenbach \u00e0 Marrakech<\/h2><\/a>Du 09\/10\/2023 au 13\/10\/2023<\/div> <\/div><\/div>\n","protected":false},"excerpt":{"rendered":"","protected":false},"author":13,"featured_media":0,"parent":0,"menu_order":0,"comment_status":"closed","ping_status":"closed","template":"actualites.php","meta":[],"acf":[],"_links":{"self":[{"href":"https:\/\/avf.asso.fr\/saint-nom-la-breteche\/wp-json\/wp\/v2\/pages\/248"}],"collection":[{"href":"https:\/\/avf.asso.fr\/saint-nom-la-breteche\/wp-json\/wp\/v2\/pages"}],"about":[{"href":"https:\/\/avf.asso.fr\/saint-nom-la-breteche\/wp-json\/wp\/v2\/types\/page"}],"author":[{"embeddable":true,"href":"https:\/\/avf.asso.fr\/saint-nom-la-breteche\/wp-json\/wp\/v2\/users\/13"}],"replies":[{"embeddable":true,"href":"https:\/\/avf.asso.fr\/saint-nom-la-breteche\/wp-json\/wp\/v2\/comments?post=248"}],"version-history":[{"count":3,"href":"https:\/\/avf.asso.fr\/saint-nom-la-breteche\/wp-json\/wp\/v2\/pages\/248\/revisions"}],"predecessor-version":[{"id":1046,"href":"https:\/\/avf.asso.fr\/saint-nom-la-breteche\/wp-json\/wp\/v2\/pages\/248\/revisions\/1046"}],"wp:attachment":[{"href":"https:\/\/avf.asso.fr\/saint-nom-la-breteche\/wp-json\/wp\/v2\/media?parent=248"}],"curies":[{"name":"wp","href":"https:\/\/api.w.org\/{rel}","templated":true}]}}