{"id":170,"date":"2018-04-25T11:06:10","date_gmt":"2018-04-25T09:06:10","guid":{"rendered":"https:\/\/avf.asso.fr\/pontoise\/?page_id=170"},"modified":"2022-03-20T12:24:52","modified_gmt":"2022-03-20T11:24:52","slug":"qui-sommes-nous","status":"publish","type":"page","link":"https:\/\/avf.asso.fr\/pontoise\/qui-sommes-nous\/","title":{"rendered":"Pr\u00e9sentation"},"content":{"rendered":"<h2>L&rsquo;histoire de Pontoise<\/h2>\n<div><\/div>\n<div>Dans les <strong>ann\u00e9es 1960<\/strong>, on <em>assiste<\/em> au d\u00e9veloppement de la d\u00e9centralisation dans notre pays qui va entrainer une plus grande mobilit\u00e9 des familles. Celle-ci va conduire \u00e0 cr\u00e9er des structures d\u2019accueil d\u2019aide \u00e0 la mobilit\u00e9 dans de nombreuses villes. C\u2019est dans ce but que Pontoise AVF Accueil a \u00e9t\u00e9 cr\u00e9e en 1967 sous l\u2019impulsion de Janine BURLE avant de devenir AVF Pontoise, en 2001.<\/div>\n<div>Depuis la cr\u00e9ation de notre association, adh\u00e9rente du r\u00e9seau Union National des Accueils des Villes Fran\u00e7aises (UNAVF), 17 Pr\u00e9sidents se sont succ\u00e9d\u00e9s.<\/div>\n<div><\/div>\n<p>&nbsp;<\/p>\n<p>&nbsp;<\/p>\n<table style=\"border-collapse: collapse; width: 100%;\" border=\"1\">\n<tbody>\n<tr>\n<td style=\"width: 25%;\">tab 1<\/td>\n<td style=\"width: 25%;\">2<\/td>\n<td style=\"width: 25%;\">3<\/td>\n<td style=\"width: 25%;\">4<\/td>\n<\/tr>\n<tr>\n<td style=\"width: 25%;\"><img decoding=\"async\" loading=\"lazy\" class=\"aligncenter size-medium wp-image-603\" src=\"https:\/\/avf.asso.fr\/pontoise\/wp-content\/uploads\/sites\/221\/2018\/10\/1540486565159164860765-300x225.jpg\" alt=\"\" width=\"300\" height=\"225\" srcset=\"https:\/\/avf.asso.fr\/pontoise\/wp-content\/uploads\/sites\/221\/2018\/10\/1540486565159164860765-300x225.jpg 300w, https:\/\/avf.asso.fr\/pontoise\/wp-content\/uploads\/sites\/221\/2018\/10\/1540486565159164860765-768x576.jpg 768w, https:\/\/avf.asso.fr\/pontoise\/wp-content\/uploads\/sites\/221\/2018\/10\/1540486565159164860765-1024x768.jpg 1024w\" sizes=\"(max-width: 300px) 100vw, 300px\" \/><\/td>\n<td style=\"width: 25%;\"><img decoding=\"async\" loading=\"lazy\" class=\"aligncenter size-full wp-image-595\" src=\"https:\/\/avf.asso.fr\/pontoise\/wp-content\/uploads\/sites\/221\/2018\/10\/06_Papillon-au-Parc-de-lOisans-Monetier-les-Bains_B\u00e9drin-Copier.jpg\" alt=\"\" width=\"200\" height=\"150\" \/><\/td>\n<td style=\"width: 25%;\"><img decoding=\"async\" loading=\"lazy\" class=\"aligncenter size-medium wp-image-372\" src=\"https:\/\/avf.asso.fr\/pontoise\/wp-content\/uploads\/sites\/221\/2018\/04\/DSC02821-e1538899179841-300x225.jpg\" alt=\"\" width=\"300\" height=\"225\" srcset=\"https:\/\/avf.asso.fr\/pontoise\/wp-content\/uploads\/sites\/221\/2018\/04\/DSC02821-e1538899179841-300x225.jpg 300w, https:\/\/avf.asso.fr\/pontoise\/wp-content\/uploads\/sites\/221\/2018\/04\/DSC02821-e1538899179841.jpg 500w\" sizes=\"(max-width: 300px) 100vw, 300px\" \/><\/td>\n<td style=\"width: 25%;\"><img decoding=\"async\" loading=\"lazy\" class=\"aligncenter size-medium wp-image-371\" src=\"https:\/\/avf.asso.fr\/pontoise\/wp-content\/uploads\/sites\/221\/2018\/04\/DSC02816-225x300.jpg\" alt=\"\" width=\"225\" height=\"300\" srcset=\"https:\/\/avf.asso.fr\/pontoise\/wp-content\/uploads\/sites\/221\/2018\/04\/DSC02816-225x300.jpg 225w, https:\/\/avf.asso.fr\/pontoise\/wp-content\/uploads\/sites\/221\/2018\/04\/DSC02816-768x1024.jpg 768w, https:\/\/avf.asso.fr\/pontoise\/wp-content\/uploads\/sites\/221\/2018\/04\/DSC02816.jpg 1944w\" sizes=\"(max-width: 225px) 100vw, 225px\" \/><\/td>\n<\/tr>\n<tr>\n<td style=\"width: 25%;\"><\/td>\n<td style=\"width: 25%;\"><\/td>\n<td style=\"width: 25%;\"><\/td>\n<td style=\"width: 25%;\"><\/td>\n<\/tr>\n<\/tbody>\n<\/table>\n<div><\/div>\n<div><\/div>\n<blockquote>\n<div>citation<\/div>\n<\/blockquote>\n<div><\/div>\n<div>\n<p><img decoding=\"async\" loading=\"lazy\" class=\"aligncenter size-medium wp-image-354\" src=\"https:\/\/avf.asso.fr\/pontoise\/wp-content\/uploads\/sites\/221\/2018\/09\/DSC02775-300x225.jpg\" alt=\"\" width=\"300\" height=\"225\" \/><\/p>\n<p>PAGE en MODIFICATION BJ<\/p>\n<h2><img decoding=\"async\" loading=\"lazy\" class=\"aligncenter size-full wp-image-781\" src=\"https:\/\/avf.asso.fr\/pontoise\/wp-content\/uploads\/sites\/221\/2019\/01\/Sans-titre-1.png\" alt=\"\" width=\"123\" height=\"143\" \/><\/h2>\n<\/div>\n","protected":false},"excerpt":{"rendered":"<p>L&rsquo;histoire de Pontoise Dans les ann\u00e9es 1960, on assiste au d\u00e9veloppement de la d\u00e9centralisation dans notre pays qui va entrainer une plus grande mobilit\u00e9 des familles. Celle-ci va conduire \u00e0 cr\u00e9er des structures d\u2019accueil d\u2019aide \u00e0 la mobilit\u00e9 dans de nombreuses villes. C\u2019est dans ce but que Pontoise AVF Accueil a \u00e9t\u00e9 cr\u00e9e en 1967 [&hellip;]<\/p>\n","protected":false},"author":1,"featured_media":372,"parent":0,"menu_order":0,"comment_status":"closed","ping_status":"closed","template":"","meta":[],"acf":[],"_links":{"self":[{"href":"https:\/\/avf.asso.fr\/pontoise\/wp-json\/wp\/v2\/pages\/170"}],"collection":[{"href":"https:\/\/avf.asso.fr\/pontoise\/wp-json\/wp\/v2\/pages"}],"about":[{"href":"https:\/\/avf.asso.fr\/pontoise\/wp-json\/wp\/v2\/types\/page"}],"author":[{"embeddable":true,"href":"https:\/\/avf.asso.fr\/pontoise\/wp-json\/wp\/v2\/users\/1"}],"replies":[{"embeddable":true,"href":"https:\/\/avf.asso.fr\/pontoise\/wp-json\/wp\/v2\/comments?post=170"}],"version-history":[{"count":10,"href":"https:\/\/avf.asso.fr\/pontoise\/wp-json\/wp\/v2\/pages\/170\/revisions"}],"predecessor-version":[{"id":950,"href":"https:\/\/avf.asso.fr\/pontoise\/wp-json\/wp\/v2\/pages\/170\/revisions\/950"}],"wp:featuredmedia":[{"embeddable":true,"href":"https:\/\/avf.asso.fr\/pontoise\/wp-json\/wp\/v2\/media\/372"}],"wp:attachment":[{"href":"https:\/\/avf.asso.fr\/pontoise\/wp-json\/wp\/v2\/media?parent=170"}],"curies":[{"name":"wp","href":"https:\/\/api.w.org\/{rel}","templated":true}]}}