

{"id":248,"date":"2018-05-03T01:20:46","date_gmt":"2018-05-02T23:20:46","guid":{"rendered":"https:\/\/avf.asso.fr\/mamers\/?page_id=248"},"modified":"2018-05-03T12:19:41","modified_gmt":"2018-05-03T10:19:41","slug":"actus","status":"publish","type":"page","link":"https:\/\/avf.asso.fr\/mamers\/actus\/","title":{"rendered":"Actualit\u00e9s"},"content":{"rendered":"<div id=\"news\" class=\"nobg\"><div id=\"1114\" class=\"news-item row no-gutter\"><div class=\"news-thumb col-6\"><a href=\"https:\/\/avf.asso.fr\/mamers\/actualites\/jrvb-a-saint-nazaire\/\"><img width=\"358\" height=\"148\" src=\"https:\/\/avf.asso.fr\/mamers\/wp-content\/uploads\/sites\/294\/2024\/02\/JRVB4-scaled-358x148.jpg\" class=\"attachment-home_news size-home_news wp-post-image\" alt=\"\" decoding=\"async\" loading=\"lazy\" \/><\/a><div class=\"news-cat\" style=\"background-color:#bf00d1;\"><a href=\"https:\/\/avf.asso.fr\/mamers\/actualites\/category\/agenda\/\">Agenda<\/a><\/div><\/div><div class=\"news-info col-6\"><a href=\"https:\/\/avf.asso.fr\/mamers\/actualites\/jrvb-a-saint-nazaire\/\"><h2 class=\"title-sub\">JRVB \u00e0 Saint Nazaire<\/h2><\/a>La journ\u00e9e de remerciements et de valorisation des b\u00e9n\u00e9voles aura lieu le samedi 8 juin \u00e0 Saint Nazaire<\/div> <\/div><div id=\"1111\" class=\"news-item row no-gutter\"><div class=\"news-thumb col-6\"><a href=\"https:\/\/avf.asso.fr\/mamers\/actualites\/parution-du-flash-info-de-lunavf\/\"><img width=\"358\" height=\"148\" src=\"https:\/\/avf.asso.fr\/mamers\/wp-content\/uploads\/sites\/294\/2022\/04\/Newsletter-358x148.jpg\" class=\"attachment-home_news size-home_news wp-post-image\" alt=\"\" decoding=\"async\" loading=\"lazy\" \/><\/a><div class=\"news-cat\" style=\"background-color:#f7f300;\"><a href=\"https:\/\/avf.asso.fr\/mamers\/actualites\/category\/newsletter-de-lunavf\/\">Newsletter de l'UNAVF<\/a><\/div><\/div><div class=\"news-info col-6\"><a href=\"https:\/\/avf.asso.fr\/mamers\/actualites\/parution-du-flash-info-de-lunavf\/\"><h2 class=\"title-sub\">Parution du flash info de l&rsquo;UNAVF<\/h2><\/a>Le flash info de l&rsquo;UNAVF janvier 2024 est publi\u00e9<\/div> <\/div><div id=\"1031\" class=\"news-item row no-gutter\"><div class=\"news-thumb col-6\"><a href=\"https:\/\/avf.asso.fr\/mamers\/actualites\/parution-du-flash-info-unavf\/\"><img width=\"358\" height=\"148\" src=\"https:\/\/avf.asso.fr\/mamers\/wp-content\/uploads\/sites\/294\/2022\/12\/Flash-info-358x148.jpg\" class=\"attachment-home_news size-home_news wp-post-image\" alt=\"\" decoding=\"async\" loading=\"lazy\" \/><\/a><div class=\"news-cat\" style=\"background-color:#f7f300;\"><a href=\"https:\/\/avf.asso.fr\/mamers\/actualites\/category\/newsletter-de-lunavf\/\">Newsletter de l'UNAVF<\/a><\/div><\/div><div class=\"news-info col-6\"><a href=\"https:\/\/avf.asso.fr\/mamers\/actualites\/parution-du-flash-info-unavf\/\"><h2 class=\"title-sub\">Parution du flash info UNAVF<\/h2><\/a>Le flash info de juillet \u00e9dit\u00e9 par l&rsquo;UNAVF est publi\u00e9<\/div> <\/div><div id=\"996\" class=\"news-item row no-gutter\"><div class=\"news-thumb col-6\"><a href=\"https:\/\/avf.asso.fr\/mamers\/actualites\/atelier-de-formation-des-webmestres-pays-de-la-lire\/\"><img width=\"329\" height=\"148\" src=\"https:\/\/avf.asso.fr\/mamers\/wp-content\/uploads\/sites\/294\/2021\/10\/formation2-329x148.jpg\" class=\"attachment-home_news size-home_news wp-post-image\" alt=\"\" decoding=\"async\" loading=\"lazy\" \/><\/a><div class=\"news-cat\" style=\"background-color:#096abf;\"><a href=\"https:\/\/avf.asso.fr\/mamers\/actualites\/category\/formations\/\">Formations<\/a><\/div><\/div><div class=\"news-info col-6\"><a href=\"https:\/\/avf.asso.fr\/mamers\/actualites\/atelier-de-formation-des-webmestres-pays-de-la-lire\/\"><h2 class=\"title-sub\">Atelier de formation des webmestres Pays de la Loire<\/h2><\/a>L&rsquo;URAVF des Pays de la Loire organise une formation compl\u00e9mentaire destin\u00e9e aux webmestres de la r\u00e9gion.<\/div> <\/div><div id=\"1085\" class=\"news-item row no-gutter\"><div class=\"news-thumb col-6\"><a href=\"https:\/\/avf.asso.fr\/mamers\/actualites\/phototheque\/\"><img src=\"\" alt=\"Mamers-et-Saosnois\" \/><\/a><div class=\"news-cat\" style=\"background-color:#00509a;\"><a href=\"https:\/\/avf.asso.fr\/mamers\/actualites\/category\/sorties\/\">Sorties<\/a><\/div><\/div><div class=\"news-info col-6\"><a href=\"https:\/\/avf.asso.fr\/mamers\/actualites\/phototheque\/\"><h2 class=\"title-sub\">Phototh\u00e8que<\/h2><\/a>Petits reportages de nos sorties<\/div> <\/div><div id=\"1080\" class=\"news-item row no-gutter\"><div class=\"news-thumb col-6\"><a href=\"https:\/\/avf.asso.fr\/mamers\/actualites\/agenda\/\"><img width=\"358\" height=\"148\" src=\"https:\/\/avf.asso.fr\/mamers\/wp-content\/uploads\/sites\/294\/2019\/02\/2f84b64199-358x148.jpg\" class=\"attachment-home_news size-home_news wp-post-image\" alt=\"\" decoding=\"async\" loading=\"lazy\" \/><\/a><div class=\"news-cat\" style=\"background-color:#bf00d1;\"><a href=\"https:\/\/avf.asso.fr\/mamers\/actualites\/category\/agenda\/\">Agenda<\/a><\/div><\/div><div class=\"news-info col-6\"><a href=\"https:\/\/avf.asso.fr\/mamers\/actualites\/agenda\/\"><h2 class=\"title-sub\">Agenda<\/h2><\/a>Agenda des activit\u00e9s 2023 &#8211; 2024<\/div> <\/div><div id=\"1070\" class=\"news-item row no-gutter\"><div class=\"news-thumb col-6\"><a href=\"https:\/\/avf.asso.fr\/mamers\/actualites\/jeu-de-cartes\/\"><img src=\"\" alt=\"Mamers-et-Saosnois\" \/><\/a><div class=\"news-cat\" style=\"background-color:#e80055;\"><a href=\"https:\/\/avf.asso.fr\/mamers\/actualites\/category\/jeux-de-cartes\/\">Jeux de cartes<\/a><\/div><\/div><div class=\"news-info col-6\"><a href=\"https:\/\/avf.asso.fr\/mamers\/actualites\/jeu-de-cartes\/\"><h2 class=\"title-sub\">Jeu de cartes<\/h2><\/a>Les jeux de cartes sont vari\u00e9s ! prenez connaissance des conditions de participation<\/div> <\/div><div id=\"1064\" class=\"news-item row no-gutter\"><div class=\"news-thumb col-6\"><a href=\"https:\/\/avf.asso.fr\/mamers\/actualites\/nos-activites\/\"><img src=\"\" alt=\"Mamers-et-Saosnois\" \/><\/a><div class=\"news-cat\" style=\"background-color:#bf00d1;\"><a href=\"https:\/\/avf.asso.fr\/mamers\/actualites\/category\/agenda\/\">Agenda<\/a><\/div><\/div><div class=\"news-info col-6\"><a href=\"https:\/\/avf.asso.fr\/mamers\/actualites\/nos-activites\/\"><h2 class=\"title-sub\">Nos activit\u00e9s<\/h2><\/a>Vous trouverez dans cet article la liste des activit\u00e9s organis\u00e9es par l&rsquo;AVF de Mamers et Saosnois<\/div> <\/div><\/div>\n","protected":false},"excerpt":{"rendered":"","protected":false},"author":13,"featured_media":0,"parent":0,"menu_order":0,"comment_status":"closed","ping_status":"closed","template":"actualites.php","meta":[],"acf":[],"_links":{"self":[{"href":"https:\/\/avf.asso.fr\/mamers\/wp-json\/wp\/v2\/pages\/248"}],"collection":[{"href":"https:\/\/avf.asso.fr\/mamers\/wp-json\/wp\/v2\/pages"}],"about":[{"href":"https:\/\/avf.asso.fr\/mamers\/wp-json\/wp\/v2\/types\/page"}],"author":[{"embeddable":true,"href":"https:\/\/avf.asso.fr\/mamers\/wp-json\/wp\/v2\/users\/13"}],"replies":[{"embeddable":true,"href":"https:\/\/avf.asso.fr\/mamers\/wp-json\/wp\/v2\/comments?post=248"}],"version-history":[{"count":2,"href":"https:\/\/avf.asso.fr\/mamers\/wp-json\/wp\/v2\/pages\/248\/revisions"}],"predecessor-version":[{"id":260,"href":"https:\/\/avf.asso.fr\/mamers\/wp-json\/wp\/v2\/pages\/248\/revisions\/260"}],"wp:attachment":[{"href":"https:\/\/avf.asso.fr\/mamers\/wp-json\/wp\/v2\/media?parent=248"}],"curies":[{"name":"wp","href":"https:\/\/api.w.org\/{rel}","templated":true}]}}