{"id":229,"date":"2018-04-26T19:21:33","date_gmt":"2018-04-26T17:21:33","guid":{"rendered":"https:\/\/avf.asso.fr\/mamers\/?page_id=229"},"modified":"2023-11-20T11:46:35","modified_gmt":"2023-11-20T10:46:35","slug":"avf-vous-accompagne","status":"publish","type":"page","link":"https:\/\/avf.asso.fr\/mamers\/avf-vous-accompagne\/","title":{"rendered":"AVF vous accompagne"},"content":{"rendered":"<p style=\"text-align: center;\"><img decoding=\"async\" loading=\"lazy\" src=\"https:\/\/avf.asso.fr\/mamers\/wp-content\/uploads\/sites\/294\/2019\/01\/AVF_schema_2018_vecto_mai18-300x197.jpg\" alt=\"\" width=\"600\" height=\"394\" class=\"alignnone  wp-image-769\" srcset=\"https:\/\/avf.asso.fr\/mamers\/wp-content\/uploads\/sites\/294\/2019\/01\/AVF_schema_2018_vecto_mai18-300x197.jpg 300w, https:\/\/avf.asso.fr\/mamers\/wp-content\/uploads\/sites\/294\/2019\/01\/AVF_schema_2018_vecto_mai18.jpg 709w\" sizes=\"(max-width: 600px) 100vw, 600px\" \/><\/p>\n<p>&nbsp;<\/p>\n<p>Ce sch\u00e9ma r\u00e9sume l&rsquo;organisation de l&rsquo;association. Chaque AVF local d\u00e9pend d&rsquo;une entit\u00e9 r\u00e9gionale d\u00e9nomm\u00e9e \u00ab\u00a0Union r\u00e9gional AVF &#8211; URAVF). Chaque AVF est totalement autonome dans sa gestion et son organisation. Une fois par an, une assembl\u00e9e g\u00e9n\u00e9rale a lieu en pr\u00e9sence de tous les AVF. Un Conseil d&rsquo;administration permet \u00e0 chaque AVF d&rsquo;\u00e9changer avec les autre AVF de la r\u00e9gion.<\/p>\n","protected":false},"excerpt":{"rendered":"<p>&nbsp; Ce sch\u00e9ma r\u00e9sume l&rsquo;organisation de l&rsquo;association. Chaque AVF local d\u00e9pend d&rsquo;une entit\u00e9 r\u00e9gionale d\u00e9nomm\u00e9e \u00ab\u00a0Union r\u00e9gional AVF &#8211; URAVF). Chaque AVF est totalement autonome dans sa gestion et son organisation. Une fois par an, une assembl\u00e9e g\u00e9n\u00e9rale a lieu en pr\u00e9sence de tous les AVF. Un Conseil d&rsquo;administration permet \u00e0 chaque AVF d&rsquo;\u00e9changer avec [&hellip;]<\/p>\n","protected":false},"author":1,"featured_media":0,"parent":0,"menu_order":0,"comment_status":"closed","ping_status":"closed","template":"","meta":[],"acf":[],"_links":{"self":[{"href":"https:\/\/avf.asso.fr\/mamers\/wp-json\/wp\/v2\/pages\/229"}],"collection":[{"href":"https:\/\/avf.asso.fr\/mamers\/wp-json\/wp\/v2\/pages"}],"about":[{"href":"https:\/\/avf.asso.fr\/mamers\/wp-json\/wp\/v2\/types\/page"}],"author":[{"embeddable":true,"href":"https:\/\/avf.asso.fr\/mamers\/wp-json\/wp\/v2\/users\/1"}],"replies":[{"embeddable":true,"href":"https:\/\/avf.asso.fr\/mamers\/wp-json\/wp\/v2\/comments?post=229"}],"version-history":[{"count":3,"href":"https:\/\/avf.asso.fr\/mamers\/wp-json\/wp\/v2\/pages\/229\/revisions"}],"predecessor-version":[{"id":1079,"href":"https:\/\/avf.asso.fr\/mamers\/wp-json\/wp\/v2\/pages\/229\/revisions\/1079"}],"wp:attachment":[{"href":"https:\/\/avf.asso.fr\/mamers\/wp-json\/wp\/v2\/media?parent=229"}],"curies":[{"name":"wp","href":"https:\/\/api.w.org\/{rel}","templated":true}]}}