{"id":176,"date":"2018-04-25T11:07:11","date_gmt":"2018-04-25T09:07:11","guid":{"rendered":"https:\/\/avf.asso.fr\/mamers\/?page_id=176"},"modified":"2023-12-01T07:00:08","modified_gmt":"2023-12-01T06:00:08","slug":"equipe","status":"publish","type":"page","link":"https:\/\/avf.asso.fr\/mamers\/equipe\/","title":{"rendered":"Votre AVF"},"content":{"rendered":"<p>L&rsquo;AVF de Mamers a \u00e9t\u00e9 cr\u00e9\u00e9 en sur l&rsquo;initiative de . AVF Mamers fait partie de la r\u00e9gion \u00ab\u00a0Pays de la Loire\u00a0\u00bb (Union R\u00e9gionale des AVF) qui englobe 27 AVF locaux tous situ\u00e9s en Pays de la Loire.<\/p>\n<p>Cette \u00e9quipe est compos\u00e9e d&rsquo;une pr\u00e9sidente, d&rsquo;un conseil d&rsquo;administration et d&rsquo;un bureau. La pr\u00e9sidente r\u00e9unit r\u00e9guli\u00e8rement un conseil d&rsquo;administration. Le bureau, compos\u00e9 de b\u00e9n\u00e9voles est charg\u00e9 de mettre en application les orientations donn\u00e9es par le conseil d&rsquo;administration.<\/p>\n<p>Actuellement, l&rsquo;AVF de Mamer est compos\u00e9 d&rsquo;adh\u00e9rents participant aux activit\u00e9s.<\/p>\n<p>Le pr\u00e9sident est actuellement<\/p>\n<p>Le Conseil administration est compos\u00e9 de b\u00e9n\u00e9voles<\/p>\n<p>Le Bureau est compos\u00e9 des membres du CA<\/p>\n","protected":false},"excerpt":{"rendered":"<p>L&rsquo;AVF de Mamers a \u00e9t\u00e9 cr\u00e9\u00e9 en sur l&rsquo;initiative de . AVF Mamers fait partie de la r\u00e9gion \u00ab\u00a0Pays de la Loire\u00a0\u00bb (Union R\u00e9gionale des AVF) qui englobe 27 AVF locaux tous situ\u00e9s en Pays de la Loire. Cette \u00e9quipe est compos\u00e9e d&rsquo;une pr\u00e9sidente, d&rsquo;un conseil d&rsquo;administration et d&rsquo;un bureau. La pr\u00e9sidente r\u00e9unit r\u00e9guli\u00e8rement un [&hellip;]<\/p>\n","protected":false},"author":1,"featured_media":0,"parent":0,"menu_order":0,"comment_status":"closed","ping_status":"closed","template":"","meta":[],"acf":[],"_links":{"self":[{"href":"https:\/\/avf.asso.fr\/mamers\/wp-json\/wp\/v2\/pages\/176"}],"collection":[{"href":"https:\/\/avf.asso.fr\/mamers\/wp-json\/wp\/v2\/pages"}],"about":[{"href":"https:\/\/avf.asso.fr\/mamers\/wp-json\/wp\/v2\/types\/page"}],"author":[{"embeddable":true,"href":"https:\/\/avf.asso.fr\/mamers\/wp-json\/wp\/v2\/users\/1"}],"replies":[{"embeddable":true,"href":"https:\/\/avf.asso.fr\/mamers\/wp-json\/wp\/v2\/comments?post=176"}],"version-history":[{"count":9,"href":"https:\/\/avf.asso.fr\/mamers\/wp-json\/wp\/v2\/pages\/176\/revisions"}],"predecessor-version":[{"id":1109,"href":"https:\/\/avf.asso.fr\/mamers\/wp-json\/wp\/v2\/pages\/176\/revisions\/1109"}],"wp:attachment":[{"href":"https:\/\/avf.asso.fr\/mamers\/wp-json\/wp\/v2\/media?parent=176"}],"curies":[{"name":"wp","href":"https:\/\/api.w.org\/{rel}","templated":true}]}}