{"id":172,"date":"2018-04-25T11:06:44","date_gmt":"2018-04-25T09:06:44","guid":{"rendered":"https:\/\/avf.asso.fr\/mamers\/?page_id=172"},"modified":"2019-01-28T21:57:37","modified_gmt":"2019-01-28T20:57:37","slug":"le-reseau-avf","status":"publish","type":"page","link":"https:\/\/avf.asso.fr\/mamers\/le-reseau-avf\/","title":{"rendered":"Le r\u00e9seau AVF"},"content":{"rendered":"<p style=\"text-align: center\"><span style=\"color: #008000\"><strong>Les Accueils des Villes Fran\u00e7aises sont une association unique d\u00e9di\u00e9e au Service Au Nouvel Arrivant,<br \/>\nouverte \u00e0 tous ceux qui vivent la mobilit\u00e9 g\u00e9ographique<br \/>\nafin de les aider \u00e0 faire de cette mobilit\u00e9 une aventure r\u00e9ussie.<\/strong><\/span><\/p>\n","protected":false},"excerpt":{"rendered":"<p>Les Accueils des Villes Fran\u00e7aises sont une association unique d\u00e9di\u00e9e au Service Au Nouvel Arrivant, ouverte \u00e0 tous ceux qui vivent la mobilit\u00e9 g\u00e9ographique afin de les aider \u00e0 faire de cette mobilit\u00e9 une aventure r\u00e9ussie.<\/p>\n","protected":false},"author":1,"featured_media":0,"parent":0,"menu_order":0,"comment_status":"closed","ping_status":"closed","template":"","meta":[],"acf":[],"_links":{"self":[{"href":"https:\/\/avf.asso.fr\/mamers\/wp-json\/wp\/v2\/pages\/172"}],"collection":[{"href":"https:\/\/avf.asso.fr\/mamers\/wp-json\/wp\/v2\/pages"}],"about":[{"href":"https:\/\/avf.asso.fr\/mamers\/wp-json\/wp\/v2\/types\/page"}],"author":[{"embeddable":true,"href":"https:\/\/avf.asso.fr\/mamers\/wp-json\/wp\/v2\/users\/1"}],"replies":[{"embeddable":true,"href":"https:\/\/avf.asso.fr\/mamers\/wp-json\/wp\/v2\/comments?post=172"}],"version-history":[{"count":5,"href":"https:\/\/avf.asso.fr\/mamers\/wp-json\/wp\/v2\/pages\/172\/revisions"}],"predecessor-version":[{"id":771,"href":"https:\/\/avf.asso.fr\/mamers\/wp-json\/wp\/v2\/pages\/172\/revisions\/771"}],"wp:attachment":[{"href":"https:\/\/avf.asso.fr\/mamers\/wp-json\/wp\/v2\/media?parent=172"}],"curies":[{"name":"wp","href":"https:\/\/api.w.org\/{rel}","templated":true}]}}