{"id":2494,"date":"2023-10-16T19:33:57","date_gmt":"2023-10-16T17:33:57","guid":{"rendered":"https:\/\/avf.asso.fr\/la-ferte-bernard\/?page_id=2494"},"modified":"2023-10-16T19:36:50","modified_gmt":"2023-10-16T17:36:50","slug":"actus","status":"publish","type":"page","link":"https:\/\/avf.asso.fr\/la-ferte-bernard\/actus\/","title":{"rendered":"actus"},"content":{"rendered":"<h2>Activit\u00e9s ludiques<\/h2>\n<p><strong>Belote<\/strong> : le lundi \u00e0 partir de 14 h.<\/p>\n<p><img decoding=\"async\" loading=\"lazy\" class=\"size-medium wp-image-965 aligncenter\" src=\"https:\/\/avf.asso.fr\/la-ferte-bernard\/wp-content\/uploads\/sites\/292\/2019\/04\/index-300x149.jpg\" alt=\"\" width=\"300\" height=\"149\" srcset=\"https:\/\/avf.asso.fr\/la-ferte-bernard\/wp-content\/uploads\/sites\/292\/2019\/04\/index-300x149.jpg 300w, https:\/\/avf.asso.fr\/la-ferte-bernard\/wp-content\/uploads\/sites\/292\/2019\/04\/index.jpg 318w\" sizes=\"(max-width: 300px) 100vw, 300px\" \/><\/p>\n<p><strong>\u00a0<\/strong><\/p>\n<h2>Loisirs cr\u00e9atifs<\/h2>\n<p><img decoding=\"async\" loading=\"lazy\" src=\"https:\/\/avf.asso.fr\/la-ferte-bernard\/wp-content\/uploads\/sites\/292\/2021\/10\/couture-300x243.jpg\" alt=\"\" class=\"alignnone size-medium wp-image-1668\" width=\"300\" height=\"243\" srcset=\"https:\/\/avf.asso.fr\/la-ferte-bernard\/wp-content\/uploads\/sites\/292\/2021\/10\/couture-300x243.jpg 300w, https:\/\/avf.asso.fr\/la-ferte-bernard\/wp-content\/uploads\/sites\/292\/2021\/10\/couture-768x621.jpg 768w, https:\/\/avf.asso.fr\/la-ferte-bernard\/wp-content\/uploads\/sites\/292\/2021\/10\/couture.jpg 924w\" sizes=\"(max-width: 300px) 100vw, 300px\" \/><\/p>\n<p>Dany est l\u00e0 pour vous aider, avec son exp\u00e9rience, \u00e0 mettre en \u0153uvre des mat\u00e9riaux divers et de nombreuses techniques pour r\u00e9aliser vos cr\u00e9ations suivant votre imagination.<\/p>\n<p>Le vendredi de 14 h \u00e0 17 h. A partir de fin novembre, fabrication de d\u00e9corations de No\u00ebl.<\/p>\n<h2>Peinture sur soie<\/h2>\n<h2><img decoding=\"async\" loading=\"lazy\" src=\"https:\/\/avf.asso.fr\/la-ferte-bernard\/wp-content\/uploads\/sites\/292\/2021\/10\/soie-300x225.jpg\" alt=\"\" class=\"alignnone size-medium wp-image-1669\" width=\"300\" height=\"225\" srcset=\"https:\/\/avf.asso.fr\/la-ferte-bernard\/wp-content\/uploads\/sites\/292\/2021\/10\/soie-300x225.jpg 300w, https:\/\/avf.asso.fr\/la-ferte-bernard\/wp-content\/uploads\/sites\/292\/2021\/10\/soie-768x576.jpg 768w, https:\/\/avf.asso.fr\/la-ferte-bernard\/wp-content\/uploads\/sites\/292\/2021\/10\/soie.jpg 1000w\" sizes=\"(max-width: 300px) 100vw, 300px\" \/><\/h2>\n<p>La peinture sur soie, anim\u00e9e par Dany, vous permettra de r\u00e9aliser vos foulards, tableaux, mais aussi vos petits objets d&rsquo;ameublement.<\/p>\n<p>Le mardi de 14 h \u00e0 17 h (d\u00e9butants et confirm\u00e9s toutes techniques)<\/p>\n<h2>Initiation aux \u00e9checs<\/h2>\n<p>Marcel vous propose de faire connaissance avec le jeu des Rois le mardi de 9h30 \u00e0 11h30.<\/p>\n<h2><img decoding=\"async\" loading=\"lazy\" src=\"https:\/\/avf.asso.fr\/la-ferte-bernard\/wp-content\/uploads\/sites\/292\/2022\/01\/echecs-jeu-300x300.jpg\" alt=\"\" class=\"alignnone wp-image-1756\" width=\"66\" height=\"66\" srcset=\"https:\/\/avf.asso.fr\/la-ferte-bernard\/wp-content\/uploads\/sites\/292\/2022\/01\/echecs-jeu-300x300.jpg 300w, https:\/\/avf.asso.fr\/la-ferte-bernard\/wp-content\/uploads\/sites\/292\/2022\/01\/echecs-jeu-1024x1024.jpg 1024w, https:\/\/avf.asso.fr\/la-ferte-bernard\/wp-content\/uploads\/sites\/292\/2022\/01\/echecs-jeu-150x150.jpg 150w, https:\/\/avf.asso.fr\/la-ferte-bernard\/wp-content\/uploads\/sites\/292\/2022\/01\/echecs-jeu-768x767.jpg 768w, https:\/\/avf.asso.fr\/la-ferte-bernard\/wp-content\/uploads\/sites\/292\/2022\/01\/echecs-jeu-360x360.jpg 360w, https:\/\/avf.asso.fr\/la-ferte-bernard\/wp-content\/uploads\/sites\/292\/2022\/01\/echecs-jeu.jpg 1377w\" sizes=\"(max-width: 66px) 100vw, 66px\" \/><img decoding=\"async\" loading=\"lazy\" src=\"https:\/\/avf.asso.fr\/la-ferte-bernard\/wp-content\/uploads\/sites\/292\/2022\/01\/echecs-joueurs-281x300.jpg\" alt=\"\" class=\"alignnone wp-image-1757\" width=\"98\" height=\"105\" srcset=\"https:\/\/avf.asso.fr\/la-ferte-bernard\/wp-content\/uploads\/sites\/292\/2022\/01\/echecs-joueurs-281x300.jpg 281w, https:\/\/avf.asso.fr\/la-ferte-bernard\/wp-content\/uploads\/sites\/292\/2022\/01\/echecs-joueurs.jpg 328w\" sizes=\"(max-width: 98px) 100vw, 98px\" \/><\/h2>\n<h2>Scrapbooking<\/h2>\n<p>Avec Nad\u00e8ge, immortalisez vos souvenirs de vacances, vos photos de famille en utilisant des techniques de d\u00e9coupage et de d\u00e9co.<\/p>\n<p>Le mercredi de 14 h \u00e0 17 h. Une fois par mois.<\/p>\n<h2>P\u00e9tanque<\/h2>\n<p><img decoding=\"async\" loading=\"lazy\" class=\"wp-image-967 aligncenter\" src=\"https:\/\/avf.asso.fr\/la-ferte-bernard\/wp-content\/uploads\/sites\/292\/2019\/04\/p\u00e9tanque.jpg\" alt=\"\" width=\"236\" height=\"134\" \/><\/p>\n<p>Nos amis boulistes se retrouvent tous les vendredis, au mail ou au boulodrome (couvert en cas de mauvais temps), \u00e0 14 h sous la houlette de Marie-jo dans l&rsquo;entente et la bonne humeur autour du cochonnet.<\/p>\n<h2>Initiation \u00e0 l&rsquo;informatique<\/h2>\n<p><img decoding=\"async\" loading=\"lazy\" class=\"size-medium wp-image-966 aligncenter\" src=\"https:\/\/avf.asso.fr\/la-ferte-bernard\/wp-content\/uploads\/sites\/292\/2019\/04\/Informatique-300x225.jpg\" alt=\"\" width=\"300\" height=\"225\" srcset=\"https:\/\/avf.asso.fr\/la-ferte-bernard\/wp-content\/uploads\/sites\/292\/2019\/04\/Informatique-300x225.jpg 300w, https:\/\/avf.asso.fr\/la-ferte-bernard\/wp-content\/uploads\/sites\/292\/2019\/04\/Informatique.jpg 507w\" sizes=\"(max-width: 300px) 100vw, 300px\" \/><\/p>\n<p>C&rsquo;est \u00e0 partir d&rsquo;applications simples que G\u00e9rard, Marie-Th\u00e9r\u00e8se, Sylvie, Marc vous aideront \u00e0 vous familiariser avec l&rsquo;ordinateur.<\/p>\n<p>Le mercredi de 8 h 30 \u00e0 10 h et de 10 h 15 \u00e0 11 h 45<\/p>\n<h2>Broderie<\/h2>\n<p><img decoding=\"async\" loading=\"lazy\" src=\"https:\/\/avf.asso.fr\/la-ferte-bernard\/wp-content\/uploads\/sites\/292\/2021\/10\/broderie-300x225.jpg\" alt=\"\" class=\"alignnone size-medium wp-image-1667\" width=\"300\" height=\"225\" srcset=\"https:\/\/avf.asso.fr\/la-ferte-bernard\/wp-content\/uploads\/sites\/292\/2021\/10\/broderie-300x225.jpg 300w, https:\/\/avf.asso.fr\/la-ferte-bernard\/wp-content\/uploads\/sites\/292\/2021\/10\/broderie-768x576.jpg 768w, https:\/\/avf.asso.fr\/la-ferte-bernard\/wp-content\/uploads\/sites\/292\/2021\/10\/broderie.jpg 1000w\" sizes=\"(max-width: 300px) 100vw, 300px\" \/><\/p>\n<p>N&rsquo;oubliez pas vos aiguilles, tissus, ciseaux&#8230;.<\/p>\n<p>L&rsquo;aiguille est en f\u00eate avec Dany.<\/p>\n<p>Le mercredi de 14 h \u00e0 17 h.<\/p>\n<h2>Jeudi libre de 14 h \u00e0 17 h<\/h2>\n<p>Nicole vous accueille tous les jeudis au local pour un apr\u00e8s-midi en toute convivialit\u00e9 autour de jeux de cartes, jeux de soci\u00e9t\u00e9 ou simplement pour un caf\u00e9.<\/p>\n<h2>TRICOT<\/h2>\n<p><img decoding=\"async\" loading=\"lazy\" class=\"size-medium wp-image-968 aligncenter\" src=\"https:\/\/avf.asso.fr\/la-ferte-bernard\/wp-content\/uploads\/sites\/292\/2019\/04\/tricot-300x145.jpg\" alt=\"\" width=\"300\" height=\"145\" srcset=\"https:\/\/avf.asso.fr\/la-ferte-bernard\/wp-content\/uploads\/sites\/292\/2019\/04\/tricot-300x145.jpg 300w, https:\/\/avf.asso.fr\/la-ferte-bernard\/wp-content\/uploads\/sites\/292\/2019\/04\/tricot.jpg 322w\" sizes=\"(max-width: 300px) 100vw, 300px\" \/><\/p>\n<p>Avec Nicole, vous d\u00e9butez au tricot, vous souhaitez apprendre les bases ou vous perfectionner ? Vous \u00eates au bon endroit. Peu importe votre niveau, vous pourrez \u00e9changer avec d&rsquo;autres passionn\u00e9es.<\/p>\n<p>Le lundi de 14 h \u00e0 17 h.<\/p>\n<h2>Randonn\u00e9es p\u00e9destres<\/h2>\n<p>Nous profitons d&rsquo;un bon nombre de circuits diff\u00e9rents dans un rayon d&rsquo;une vingtaine de km de notre point de d\u00e9part, et chacun \u00e0 son rythme.<\/p>\n<p><strong>Petit circuit<\/strong> : c&rsquo;est en compagnie de Martine, Janine, Alain et Andr\u00e9 que vous d\u00e9couvrirez les environs de La Fert\u00e9-Bernard pour une marche de 6 \u00e0 8 kilom\u00e8tres.<\/p>\n<p><strong>Grand circuit<\/strong> : vous suivrez Jo\u00ebl et Michel pour un parcours de 9 \u00e0 12 kilom\u00e8tres.<\/p>\n<p>Le jeudi d\u00e9part place du COSEC \u00e0 13H45<\/p>\n<h2>Cuisine<\/h2>\n<p><img decoding=\"async\" loading=\"lazy\" class=\"size-medium wp-image-998 aligncenter\" src=\"https:\/\/avf.asso.fr\/la-ferte-bernard\/wp-content\/uploads\/sites\/292\/2019\/04\/IMG_20190426_132221-225x300.jpg\" alt=\"\" width=\"225\" height=\"300\" srcset=\"https:\/\/avf.asso.fr\/la-ferte-bernard\/wp-content\/uploads\/sites\/292\/2019\/04\/IMG_20190426_132221-225x300.jpg 225w, https:\/\/avf.asso.fr\/la-ferte-bernard\/wp-content\/uploads\/sites\/292\/2019\/04\/IMG_20190426_132221-768x1024.jpg 768w\" sizes=\"(max-width: 225px) 100vw, 225px\" \/><\/p>\n<p>A raison d&rsquo;une fois par mois, le mardi ou le vendredi matin \u00e0 9 h 30, G\u00e9raldine anime un atelier cuisine o\u00f9 chacun votre tour, vous pouvez venir faire d\u00e9couvrir vos recettes, simples ou originales, et tous les participants de la matin\u00e9e se retrouvent autour de la table pour partager le repas pr\u00e9par\u00e9 dans un esprit d&rsquo;\u00e9change et de convivialit\u00e9.<\/p>\n","protected":false},"excerpt":{"rendered":"<p>Activit\u00e9s ludiques Belote : le lundi \u00e0 partir de 14 h. \u00a0 Loisirs cr\u00e9atifs Dany est l\u00e0 pour vous aider, avec son exp\u00e9rience, \u00e0 mettre en \u0153uvre des mat\u00e9riaux divers et de nombreuses techniques pour r\u00e9aliser vos cr\u00e9ations suivant votre imagination. Le vendredi de 14 h \u00e0 17 h. A partir de fin novembre, fabrication [&hellip;]<\/p>\n","protected":false},"author":35587,"featured_media":0,"parent":0,"menu_order":0,"comment_status":"closed","ping_status":"closed","template":"","meta":[],"acf":[],"_links":{"self":[{"href":"https:\/\/avf.asso.fr\/la-ferte-bernard\/wp-json\/wp\/v2\/pages\/2494"}],"collection":[{"href":"https:\/\/avf.asso.fr\/la-ferte-bernard\/wp-json\/wp\/v2\/pages"}],"about":[{"href":"https:\/\/avf.asso.fr\/la-ferte-bernard\/wp-json\/wp\/v2\/types\/page"}],"author":[{"embeddable":true,"href":"https:\/\/avf.asso.fr\/la-ferte-bernard\/wp-json\/wp\/v2\/users\/35587"}],"replies":[{"embeddable":true,"href":"https:\/\/avf.asso.fr\/la-ferte-bernard\/wp-json\/wp\/v2\/comments?post=2494"}],"version-history":[{"count":3,"href":"https:\/\/avf.asso.fr\/la-ferte-bernard\/wp-json\/wp\/v2\/pages\/2494\/revisions"}],"predecessor-version":[{"id":2497,"href":"https:\/\/avf.asso.fr\/la-ferte-bernard\/wp-json\/wp\/v2\/pages\/2494\/revisions\/2497"}],"wp:attachment":[{"href":"https:\/\/avf.asso.fr\/la-ferte-bernard\/wp-json\/wp\/v2\/media?parent=2494"}],"curies":[{"name":"wp","href":"https:\/\/api.w.org\/{rel}","templated":true}]}}