{"id":170,"date":"2018-04-25T11:06:10","date_gmt":"2018-04-25T09:06:10","guid":{"rendered":"https:\/\/avf.asso.fr\/la-ferte-bernard\/?page_id=170"},"modified":"2022-10-17T15:06:01","modified_gmt":"2022-10-17T13:06:01","slug":"qui-sommes-nous","status":"publish","type":"page","link":"https:\/\/avf.asso.fr\/la-ferte-bernard\/qui-sommes-nous\/","title":{"rendered":"Pr\u00e9sentation de la ville"},"content":{"rendered":"<h2>L&rsquo;histoire de La Fert\u00e9-Bernard<\/h2>\n<p>La ville, jadis fortifi\u00e9e, \u00e9tait une cit\u00e9 du Haut Maine avant la R\u00e9volution Fran\u00e7aise. Le nom \u00ab Fert\u00e9 \u00bb vient du latin \u00ab Firmitas \u00bb c\u2019est-\u00e0-dire forteresse et \u00ab Bernard \u00bb du nom de famille des premiers seigneurs en 1060 environ. C\u2019est un \u00e9v\u00eaque du Mans, AVESGAUD, qui en 995, fonda la ville en construisant entre deux bras de l\u2019Huisne une petite fortification \u00e0 l\u2019emplacement actuel de l\u2019ancien ch\u00e2teau.<\/p>\n<p>C\u2019est vers 1480 et pendant tout le XVI\u00e8me si\u00e8cle que La Fert\u00e9 Bernard connut son plus important d\u00e9veloppement.<br \/>\nLa Famille de Guise prit possession de la seigneurie et favorisa les constructions et le commerce.<\/p>\n<p><strong>Aujourd\u2019hui t\u00e9moignent de ce riche pass\u00e9 les tr\u00e9sors architecturaux de la ville<br \/>\n<\/strong><\/p>\n<p><img decoding=\"async\" loading=\"lazy\" class=\"alignnone size-medium wp-image-1148\" src=\"https:\/\/avf.asso.fr\/la-ferte-bernard\/wp-content\/uploads\/sites\/292\/2019\/08\/LFB-Porte-St-Julien-300x192.jpg\" alt=\"\" width=\"300\" height=\"192\" srcset=\"https:\/\/avf.asso.fr\/la-ferte-bernard\/wp-content\/uploads\/sites\/292\/2019\/08\/LFB-Porte-St-Julien-300x192.jpg 300w, https:\/\/avf.asso.fr\/la-ferte-bernard\/wp-content\/uploads\/sites\/292\/2019\/08\/LFB-Porte-St-Julien.jpg 619w\" sizes=\"(max-width: 300px) 100vw, 300px\" \/>\u00a0 <img decoding=\"async\" loading=\"lazy\" class=\"alignnone size-medium wp-image-1146\" src=\"https:\/\/avf.asso.fr\/la-ferte-bernard\/wp-content\/uploads\/sites\/292\/2019\/08\/LFB-Notre-Dame-300x190.jpg\" alt=\"\" width=\"300\" height=\"190\" srcset=\"https:\/\/avf.asso.fr\/la-ferte-bernard\/wp-content\/uploads\/sites\/292\/2019\/08\/LFB-Notre-Dame-300x190.jpg 300w, https:\/\/avf.asso.fr\/la-ferte-bernard\/wp-content\/uploads\/sites\/292\/2019\/08\/LFB-Notre-Dame.jpg 609w\" sizes=\"(max-width: 300px) 100vw, 300px\" \/> <img decoding=\"async\" loading=\"lazy\" class=\"alignnone size-medium wp-image-1145\" src=\"https:\/\/avf.asso.fr\/la-ferte-bernard\/wp-content\/uploads\/sites\/292\/2019\/08\/LFB-Halles-300x247.jpg\" alt=\"\" width=\"300\" height=\"247\" srcset=\"https:\/\/avf.asso.fr\/la-ferte-bernard\/wp-content\/uploads\/sites\/292\/2019\/08\/LFB-Halles-300x247.jpg 300w, https:\/\/avf.asso.fr\/la-ferte-bernard\/wp-content\/uploads\/sites\/292\/2019\/08\/LFB-Halles.jpg 494w\" sizes=\"(max-width: 300px) 100vw, 300px\" \/><\/p>\n<p><img decoding=\"async\" loading=\"lazy\" class=\"alignnone size-medium wp-image-1147\" src=\"https:\/\/avf.asso.fr\/la-ferte-bernard\/wp-content\/uploads\/sites\/292\/2019\/08\/LFB-Pans-bois-300x243.jpg\" alt=\"\" width=\"300\" height=\"243\" srcset=\"https:\/\/avf.asso.fr\/la-ferte-bernard\/wp-content\/uploads\/sites\/292\/2019\/08\/LFB-Pans-bois-300x243.jpg 300w, https:\/\/avf.asso.fr\/la-ferte-bernard\/wp-content\/uploads\/sites\/292\/2019\/08\/LFB-Pans-bois.jpg 515w\" sizes=\"(max-width: 300px) 100vw, 300px\" \/>\u00a0 <img decoding=\"async\" loading=\"lazy\" class=\"alignnone size-medium wp-image-1144\" src=\"https:\/\/avf.asso.fr\/la-ferte-bernard\/wp-content\/uploads\/sites\/292\/2019\/08\/LFB-Chapelle-300x225.jpg\" alt=\"\" width=\"300\" height=\"225\" srcset=\"https:\/\/avf.asso.fr\/la-ferte-bernard\/wp-content\/uploads\/sites\/292\/2019\/08\/LFB-Chapelle-300x225.jpg 300w, https:\/\/avf.asso.fr\/la-ferte-bernard\/wp-content\/uploads\/sites\/292\/2019\/08\/LFB-Chapelle.jpg 640w\" sizes=\"(max-width: 300px) 100vw, 300px\" \/><\/p>\n<p>&nbsp;<\/p>\n<p style=\"text-align: center;\"><a href=\"https:\/\/www.la-ferte-bernard.fr\/\" target=\"_blank\" rel=\"noopener noreferrer\">Vers le site de La Fert\u00e9-Bernard<\/a><\/p>\n","protected":false},"excerpt":{"rendered":"<p>L&rsquo;histoire de La Fert\u00e9-Bernard La ville, jadis fortifi\u00e9e, \u00e9tait une cit\u00e9 du Haut Maine avant la R\u00e9volution Fran\u00e7aise. Le nom \u00ab Fert\u00e9 \u00bb vient du latin \u00ab Firmitas \u00bb c\u2019est-\u00e0-dire forteresse et \u00ab Bernard \u00bb du nom de famille des premiers seigneurs en 1060 environ. C\u2019est un \u00e9v\u00eaque du Mans, AVESGAUD, qui en 995, fonda [&hellip;]<\/p>\n","protected":false},"author":1,"featured_media":0,"parent":0,"menu_order":0,"comment_status":"closed","ping_status":"closed","template":"","meta":[],"acf":[],"_links":{"self":[{"href":"https:\/\/avf.asso.fr\/la-ferte-bernard\/wp-json\/wp\/v2\/pages\/170"}],"collection":[{"href":"https:\/\/avf.asso.fr\/la-ferte-bernard\/wp-json\/wp\/v2\/pages"}],"about":[{"href":"https:\/\/avf.asso.fr\/la-ferte-bernard\/wp-json\/wp\/v2\/types\/page"}],"author":[{"embeddable":true,"href":"https:\/\/avf.asso.fr\/la-ferte-bernard\/wp-json\/wp\/v2\/users\/1"}],"replies":[{"embeddable":true,"href":"https:\/\/avf.asso.fr\/la-ferte-bernard\/wp-json\/wp\/v2\/comments?post=170"}],"version-history":[{"count":11,"href":"https:\/\/avf.asso.fr\/la-ferte-bernard\/wp-json\/wp\/v2\/pages\/170\/revisions"}],"predecessor-version":[{"id":1954,"href":"https:\/\/avf.asso.fr\/la-ferte-bernard\/wp-json\/wp\/v2\/pages\/170\/revisions\/1954"}],"wp:attachment":[{"href":"https:\/\/avf.asso.fr\/la-ferte-bernard\/wp-json\/wp\/v2\/media?parent=170"}],"curies":[{"name":"wp","href":"https:\/\/api.w.org\/{rel}","templated":true}]}}