{"id":143,"date":"2018-02-08T11:23:49","date_gmt":"2018-02-08T10:23:49","guid":{"rendered":"https:\/\/avf.asso.fr\/la-ferte-bernard\/?page_id=143"},"modified":"2023-10-16T19:27:18","modified_gmt":"2023-10-16T17:27:18","slug":"adherer-a-association","status":"publish","type":"page","link":"https:\/\/avf.asso.fr\/la-ferte-bernard\/adherer-a-association\/","title":{"rendered":"Adh\u00e9rer \u00e0 notre association"},"content":{"rendered":"<h5><\/h5>\n<p>Nous vous invitons \u00e0 nous rendre visite dans notre <strong>lieu de permanence, 50 rue d&rsquo;Huisne<\/strong> o\u00f9 nos Accueillants, tous b\u00e9n\u00e9voles, sont \u00e0 votre disposition pour vous recevoir et vous informer<span>\u00a0tous les lundis apr\u00e8s-midi de 14 \u00e0 17h et tous les premiers lundis de chaque mois de 10h \u00e0 12h, sauf jours f\u00e9ri\u00e9s.<\/span>.<\/p>\n<div><strong>L\u2019adh\u00e9sion \u00e0 notre Association s\u2019accompagnera\u00a0:<\/strong><\/div>\n<ul>\n<li>Du versement d\u2019une cotisation annuelle de 27 \u20ac<\/li>\n<li>De l\u2019adh\u00e9sion \u00e0 notre Charte<strong>\u00a0\u00a0<\/strong><\/li>\n<li>De l\u2019acceptation de notre R\u00e8glement Int\u00e9rieur<\/li>\n<\/ul>\n<div><\/div>\n<div>Les nouveaux membres d&rsquo;AVF b\u00e9n\u00e9ficieront d&rsquo;un\u00a0<strong>acc\u00e8s \u00e0 la partie privative du site Internet<\/strong>\u00a0d&rsquo;AVF La Fert\u00e9-Bernard. Cet acc\u00e8s sera configur\u00e9 par le webmestre qui adressera un courriel avisant de la disponibilit\u00e9 de cet acc\u00e8s priv\u00e9.<\/div>\n<div><\/div>\n<div>\n<div><strong>Venez nous rencontrer, nous vous attendons avec impatience\u00a0!<\/strong><\/div>\n<\/div>\n","protected":false},"excerpt":{"rendered":"<p>Nous vous invitons \u00e0 nous rendre visite dans notre lieu de permanence, 50 rue d&rsquo;Huisne o\u00f9 nos Accueillants, tous b\u00e9n\u00e9voles, sont \u00e0 votre disposition pour vous recevoir et vous informer\u00a0tous les lundis apr\u00e8s-midi de 14 \u00e0 17h et tous les premiers lundis de chaque mois de 10h \u00e0 12h, sauf jours f\u00e9ri\u00e9s.. L\u2019adh\u00e9sion \u00e0 notre [&hellip;]<\/p>\n","protected":false},"author":1,"featured_media":0,"parent":0,"menu_order":0,"comment_status":"closed","ping_status":"closed","template":"","meta":[],"acf":[],"_links":{"self":[{"href":"https:\/\/avf.asso.fr\/la-ferte-bernard\/wp-json\/wp\/v2\/pages\/143"}],"collection":[{"href":"https:\/\/avf.asso.fr\/la-ferte-bernard\/wp-json\/wp\/v2\/pages"}],"about":[{"href":"https:\/\/avf.asso.fr\/la-ferte-bernard\/wp-json\/wp\/v2\/types\/page"}],"author":[{"embeddable":true,"href":"https:\/\/avf.asso.fr\/la-ferte-bernard\/wp-json\/wp\/v2\/users\/1"}],"replies":[{"embeddable":true,"href":"https:\/\/avf.asso.fr\/la-ferte-bernard\/wp-json\/wp\/v2\/comments?post=143"}],"version-history":[{"count":11,"href":"https:\/\/avf.asso.fr\/la-ferte-bernard\/wp-json\/wp\/v2\/pages\/143\/revisions"}],"predecessor-version":[{"id":2493,"href":"https:\/\/avf.asso.fr\/la-ferte-bernard\/wp-json\/wp\/v2\/pages\/143\/revisions\/2493"}],"wp:attachment":[{"href":"https:\/\/avf.asso.fr\/la-ferte-bernard\/wp-json\/wp\/v2\/media?parent=143"}],"curies":[{"name":"wp","href":"https:\/\/api.w.org\/{rel}","templated":true}]}}