{"id":412,"date":"2018-10-10T15:55:36","date_gmt":"2018-10-10T13:55:36","guid":{"rendered":"https:\/\/avf.asso.fr\/flers\/?page_id=412"},"modified":"2018-10-10T16:35:04","modified_gmt":"2018-10-10T14:35:04","slug":"questions-frequentes-faq","status":"publish","type":"page","link":"https:\/\/avf.asso.fr\/flers\/questions-frequentes-faq\/","title":{"rendered":"Questions fr\u00e9quentes (FAQ)"},"content":{"rendered":"<h2 style=\"text-align: center\"><\/h2>\n<p>Vous trouverez ci-dessous les principales questions pos\u00e9es par les adh\u00e9rents:<\/p>\n<div class='ufaq-faq-list' id='ufaq-faq-list'><style>.ewd-ufaq-post-margin-symbol { }\n.ewd-ufaq-post-margin-symbol span { }\n.ufaq-faq-display-style-Block.ewd-ufaq-post-active, .ufaq-faq-display-style-Block.ewd-ufaq-post-active a,.ufaq-faq-display-style-Block:hover, .ufaq-faq-display-style-Block:hover a, .ufaq-faq-display-style-Block:hover h4 { }\n.ufaq-faq-display-style-Border_Block.ewd-ufaq-post-active, .ufaq-faq-display-style-Border_Block:hover, .ufaq-faq-display-style-Border_Block:hover h1, .ufaq-faq-display-style-Border_Block:hover h2, .ufaq-faq-display-style-Border_Block:hover h3, .ufaq-faq-display-style-Border_Block:hover h4, .ufaq-faq-display-style-Border_Block:hover h5, .ufaq-faq-display-style-Border_Block:hover h6 { }\n.ufaq-faq-display-style-Border_Block .ufaq-faq-body { }\n.ufaq-faq-display-style-Border_Block .comment-reply-title, .ufaq-faq-display-style-Border_Block:hover .comment-reply-title { background-color: transparent !important;}\ndiv.ufaq-faq-category-title h4 h4 { }\n.ufaq-faq-header-title a{ }\ndiv.ufaq-faq-title h4 { }\n.ewd-ufaq-post-margin-symbol { }\ndiv.ufaq-faq-post p { }\ndiv.ufaq-faq-body, .ufaq-faq-display-style-Border_Block .ufaq-faq-body { }\ndiv.ewd-ufaq-author-date { }\ndiv.ufaq-faq-categories, div.ufaq-faq-tags { }\n<\/style><script language='JavaScript' type='text\/javascript'>var faq_accordion = false;var faq_scroll = true;var reveal_effect = 'none';<\/script><div class='ewd-ufaq-faqs'><div class='ufaq-faq-div ufaq-faq-column-count-One ufaq-faq-responsive-columns- ufaq-faq-display-style-One' id='ufaq-post-nWk-419-0' data-postid='nWk-419-0'><div class='ufaq-faq-title ufaq-faq-toggle' id='ufaq-title-419' data-postid='nWk-419-0'><a class='ewd-ufaq-post-margin'  href='https:\/\/avf.asso.fr\/flers\/actualites\/ufaqs\/comment-puis-je-changer-davf\/'><div class='ewd-ufaq-post-margin-symbol ' id='ewd-ufaq-post-margin-symbol-nWk-419-0'><span id='ewd-ufaq-post-symbol-nWk-419-0'>a<\/span><\/div><div class='ufaq-faq-title-text'><h4>Comment puis-je changer d&rsquo;AVF ?<\/h4><\/div><div class='ewd-ufaq-clear'><\/div><\/a><\/div><div class='ufaq-faq-body ufaq-body-419 ewd-ufaq-hidden' id='ufaq-body-nWk-419-0'><div class='ewd-ufaq-post-margin ufaq-faq-post' id='ufaq-post-419'><p>Si vous d\u00e9m\u00e9nagez, rapprochez vous de votre AVF de la ville que vous quittez et signalez votre d\u00e9part. Lors de votre arriv\u00e9e dans la nouvelle ville inscrivez vous de nouveau<\/p>\n<\/div><\/div><\/div><div class='ufaq-faq-div ufaq-faq-column-count-One ufaq-faq-responsive-columns- ufaq-faq-display-style-One' id='ufaq-post-nWk-418-1' data-postid='nWk-418-1'><div class='ufaq-faq-title ufaq-faq-toggle' id='ufaq-title-418' data-postid='nWk-418-1'><a class='ewd-ufaq-post-margin'  href='https:\/\/avf.asso.fr\/flers\/actualites\/ufaqs\/quel-est-le-statut-davf\/'><div class='ewd-ufaq-post-margin-symbol ' id='ewd-ufaq-post-margin-symbol-nWk-418-1'><span id='ewd-ufaq-post-symbol-nWk-418-1'>a<\/span><\/div><div class='ufaq-faq-title-text'><h4>Quel est le statut d&rsquo;AVF ?<\/h4><\/div><div class='ewd-ufaq-clear'><\/div><\/a><\/div><div class='ufaq-faq-body ufaq-body-418 ewd-ufaq-hidden' id='ufaq-body-nWk-418-1'><div class='ewd-ufaq-post-margin ufaq-faq-post' id='ufaq-post-418'><p>AVF est une association<\/p>\n<\/div><\/div><\/div><div class='ufaq-faq-div ufaq-faq-column-count-One ufaq-faq-responsive-columns- ufaq-faq-display-style-One' id='ufaq-post-nWk-417-2' data-postid='nWk-417-2'><div class='ufaq-faq-title ufaq-faq-toggle' id='ufaq-title-417' data-postid='nWk-417-2'><a class='ewd-ufaq-post-margin'  href='https:\/\/avf.asso.fr\/flers\/actualites\/ufaqs\/comment-puis-je-joindre-mon-avf-par-mail\/'><div class='ewd-ufaq-post-margin-symbol ' id='ewd-ufaq-post-margin-symbol-nWk-417-2'><span id='ewd-ufaq-post-symbol-nWk-417-2'>a<\/span><\/div><div class='ufaq-faq-title-text'><h4>Comment puis-je joindre mon AVF par mail ?<\/h4><\/div><div class='ewd-ufaq-clear'><\/div><\/a><\/div><div class='ufaq-faq-body ufaq-body-417 ewd-ufaq-hidden' id='ufaq-body-nWk-417-2'><div class='ewd-ufaq-post-margin ufaq-faq-post' id='ufaq-post-417'><p>Chaque AVF dispose de son adresse mail, t\u00e9l\u00e9phone etc &#8230; qui figurent sur la page d&rsquo;accueil du site<\/p>\n<\/div><\/div><\/div><div class='ufaq-faq-div ufaq-faq-column-count-One ufaq-faq-responsive-columns- ufaq-faq-display-style-One' id='ufaq-post-nWk-416-3' data-postid='nWk-416-3'><div class='ufaq-faq-title ufaq-faq-toggle' id='ufaq-title-416' data-postid='nWk-416-3'><a class='ewd-ufaq-post-margin'  href='https:\/\/avf.asso.fr\/flers\/actualites\/ufaqs\/combien-de-temps-dure-une-sortie\/'><div class='ewd-ufaq-post-margin-symbol ' id='ewd-ufaq-post-margin-symbol-nWk-416-3'><span id='ewd-ufaq-post-symbol-nWk-416-3'>a<\/span><\/div><div class='ufaq-faq-title-text'><h4>Combien de temps dure une sortie ?<\/h4><\/div><div class='ewd-ufaq-clear'><\/div><\/a><\/div><div class='ufaq-faq-body ufaq-body-416 ewd-ufaq-hidden' id='ufaq-body-nWk-416-3'><div class='ewd-ufaq-post-margin ufaq-faq-post' id='ufaq-post-416'><p>En g\u00e9n\u00e9ral, les sorties durent deux heures. Mais il faut pr\u00e9voir large<\/p>\n<\/div><\/div><\/div><div class='ufaq-faq-div ufaq-faq-column-count-One ufaq-faq-responsive-columns- ufaq-faq-display-style-One' id='ufaq-post-nWk-407-4' data-postid='nWk-407-4'><div class='ufaq-faq-title ufaq-faq-toggle' id='ufaq-title-407' data-postid='nWk-407-4'><a class='ewd-ufaq-post-margin'  href='https:\/\/avf.asso.fr\/flers\/actualites\/ufaqs\/comment-payer-les-sorties\/'><div class='ewd-ufaq-post-margin-symbol ' id='ewd-ufaq-post-margin-symbol-nWk-407-4'><span id='ewd-ufaq-post-symbol-nWk-407-4'>a<\/span><\/div><div class='ufaq-faq-title-text'><h4>Comment payer les sorties ?<\/h4><\/div><div class='ewd-ufaq-clear'><\/div><\/a><\/div><div class='ufaq-faq-body ufaq-body-407 ewd-ufaq-hidden' id='ufaq-body-nWk-407-4'><div class='ewd-ufaq-post-margin ufaq-faq-post' id='ufaq-post-407'><p>Les sorties se r\u00e8glent par ch\u00e8que<\/p>\n<\/div><\/div><\/div><div class='ufaq-faq-div ufaq-faq-column-count-One ufaq-faq-responsive-columns- ufaq-faq-display-style-One' id='ufaq-post-nWk-339-5' data-postid='nWk-339-5'><div class='ufaq-faq-title ufaq-faq-toggle' id='ufaq-title-339' data-postid='nWk-339-5'><a class='ewd-ufaq-post-margin'  href='https:\/\/avf.asso.fr\/flers\/actualites\/ufaqs\/pourquoi-adherer-a-avf\/'><div class='ewd-ufaq-post-margin-symbol ' id='ewd-ufaq-post-margin-symbol-nWk-339-5'><span id='ewd-ufaq-post-symbol-nWk-339-5'>a<\/span><\/div><div class='ufaq-faq-title-text'><h4>Pourquoi adh\u00e9rer \u00e0 AVF ?<\/h4><\/div><div class='ewd-ufaq-clear'><\/div><\/a><\/div><div class='ufaq-faq-body ufaq-body-339 ewd-ufaq-hidden' id='ufaq-body-nWk-339-5'><div class='ewd-ufaq-post-margin ufaq-faq-post' id='ufaq-post-339'><p>L&rsquo;adh\u00e9sion \u00e0 AVF est une fa\u00e7on de s&rsquo;int\u00e9grer facilement dans une ville o\u00f9 l&rsquo;on vient de s&rsquo;installer<\/p>\n<\/div><\/div><\/div><\/div><\/div><div class='ewd-ufaq-bottom ewd-ufaq-page-type-Load_More' data-currentpage='0'><form><input type='hidden' name='include_category' value='' id='ufaq-include-category' \/><input type='hidden' name='exclude_category' value='' id='ufaq-exclude-category' \/><input type='hidden' name='orderby' value='date' id='ufaq-orderby' \/><input type='hidden' name='order' value='DESC' id='ufaq-order' \/><input type='hidden' name='post_count' value='-1' id='ufaq-post-count' \/><input type='hidden' name='current_url' value='\/flers\/wp-json\/wp\/v2\/pages\/412' id='ufaq-current-url' \/><\/form><div class='ewd-ufaq-load-more ewd-ufaq-hidden'><h4>Load More<\/h4><\/div><\/div>\n<p>&nbsp;<\/p>\n","protected":false},"excerpt":{"rendered":"<p>Vous trouverez ci-dessous les principales questions pos\u00e9es par les adh\u00e9rents: &nbsp;<\/p>\n","protected":false},"author":36,"featured_media":0,"parent":0,"menu_order":0,"comment_status":"open","ping_status":"closed","template":"","meta":[],"acf":[],"_links":{"self":[{"href":"https:\/\/avf.asso.fr\/flers\/wp-json\/wp\/v2\/pages\/412"}],"collection":[{"href":"https:\/\/avf.asso.fr\/flers\/wp-json\/wp\/v2\/pages"}],"about":[{"href":"https:\/\/avf.asso.fr\/flers\/wp-json\/wp\/v2\/types\/page"}],"author":[{"embeddable":true,"href":"https:\/\/avf.asso.fr\/flers\/wp-json\/wp\/v2\/users\/36"}],"replies":[{"embeddable":true,"href":"https:\/\/avf.asso.fr\/flers\/wp-json\/wp\/v2\/comments?post=412"}],"version-history":[{"count":5,"href":"https:\/\/avf.asso.fr\/flers\/wp-json\/wp\/v2\/pages\/412\/revisions"}],"predecessor-version":[{"id":422,"href":"https:\/\/avf.asso.fr\/flers\/wp-json\/wp\/v2\/pages\/412\/revisions\/422"}],"wp:attachment":[{"href":"https:\/\/avf.asso.fr\/flers\/wp-json\/wp\/v2\/media?parent=412"}],"curies":[{"name":"wp","href":"https:\/\/api.w.org\/{rel}","templated":true}]}}