{"id":1575,"date":"2020-06-07T18:27:21","date_gmt":"2020-06-07T16:27:21","guid":{"rendered":"https:\/\/avf.asso.fr\/flers\/?page_id=1575"},"modified":"2020-06-07T18:40:56","modified_gmt":"2020-06-07T16:40:56","slug":"organisation","status":"publish","type":"page","link":"https:\/\/avf.asso.fr\/flers\/organisation\/","title":{"rendered":"Organisation"},"content":{"rendered":"<p>Leur mission statutaire est de fournir un service d\u2019accompagnement \u00e0 ceux qui d\u00e9m\u00e9nagent pour des raisons professionnelles ou personnelles.\u00a0Pour cela, elles mettent en \u0153uvre les moyens d\u2019une int\u00e9gration rapide dans leur nouvel environnement.<\/p>\n<p>Le r\u00e9seau AVF est organis\u00e9 en 3 niveaux territoriaux:<\/p>\n<ul>\n<li>+ de 250 associations locales (AVF) dans + de 250 villes ou territoires d\u2019intercommunalit\u00e9,<\/li>\n<li>15 Unions R\u00e9gionales (URAVF)<\/li>\n<li>1 Union Nationale (UNAVF)<\/li>\n<\/ul>\n<p><img decoding=\"async\" src=\"https:\/\/avf.asso.fr\/wp-content\/uploads\/2020\/03\/AVF_schema_2020_vecto_mar20-300x197.jpg\" \/><\/p>\n<p>Il compte 65 000 adh\u00e9rents<\/p>\n<p>11 000 b\u00e9n\u00e9voles form\u00e9s pour offrir le meilleur savoir-faire.<\/p>\n<p>Il accueille chaque ann\u00e9e 7 000 Nouveaux Arrivants\u2026<\/p>\n<p>&nbsp;<\/p>\n<p>&nbsp;<\/p>\n<p>&nbsp;<\/p>\n","protected":false},"excerpt":{"rendered":"<p>Leur mission statutaire est de fournir un service d\u2019accompagnement \u00e0 ceux qui d\u00e9m\u00e9nagent pour des raisons professionnelles ou personnelles.\u00a0Pour cela, elles mettent en \u0153uvre les moyens d\u2019une int\u00e9gration rapide dans leur nouvel environnement. Le r\u00e9seau AVF est organis\u00e9 en 3 niveaux territoriaux: + de 250 associations locales (AVF) dans + de 250 villes ou territoires [&hellip;]<\/p>\n","protected":false},"author":2513,"featured_media":0,"parent":0,"menu_order":0,"comment_status":"open","ping_status":"closed","template":"","meta":[],"acf":[],"_links":{"self":[{"href":"https:\/\/avf.asso.fr\/flers\/wp-json\/wp\/v2\/pages\/1575"}],"collection":[{"href":"https:\/\/avf.asso.fr\/flers\/wp-json\/wp\/v2\/pages"}],"about":[{"href":"https:\/\/avf.asso.fr\/flers\/wp-json\/wp\/v2\/types\/page"}],"author":[{"embeddable":true,"href":"https:\/\/avf.asso.fr\/flers\/wp-json\/wp\/v2\/users\/2513"}],"replies":[{"embeddable":true,"href":"https:\/\/avf.asso.fr\/flers\/wp-json\/wp\/v2\/comments?post=1575"}],"version-history":[{"count":4,"href":"https:\/\/avf.asso.fr\/flers\/wp-json\/wp\/v2\/pages\/1575\/revisions"}],"predecessor-version":[{"id":1580,"href":"https:\/\/avf.asso.fr\/flers\/wp-json\/wp\/v2\/pages\/1575\/revisions\/1580"}],"wp:attachment":[{"href":"https:\/\/avf.asso.fr\/flers\/wp-json\/wp\/v2\/media?parent=1575"}],"curies":[{"name":"wp","href":"https:\/\/api.w.org\/{rel}","templated":true}]}}