{"id":143,"date":"2018-02-08T11:23:49","date_gmt":"2018-02-08T10:23:49","guid":{"rendered":"https:\/\/avf.asso.fr\/flers\/?page_id=143"},"modified":"2022-09-05T18:24:22","modified_gmt":"2022-09-05T16:24:22","slug":"adherer-a-association","status":"publish","type":"page","link":"https:\/\/avf.asso.fr\/flers\/adherer-a-association\/","title":{"rendered":"Adh\u00e9rer \u00e0 notre association"},"content":{"rendered":"<p>Nous vous invitons \u00e0 nous rendre visite dans un de nos\u00a0<strong>lieux de permanence \u00e0 notre Si\u00e8ge<\/strong>\u00a08 rue du Coll\u00e8ge 61100 Flers o\u00f9 nos Accueillants, tous b\u00e9n\u00e9voles, sont \u00e0 votre disposition pour vous recevoir et vous informer.<\/p>\n<div><strong>L\u2019adh\u00e9sion \u00e0 notre Association s\u2019accompagnera\u00a0:<\/strong><\/div>\n<ul>\n<li>Du versement d\u2019une cotisation annuelle de 36 \u20ac par personne<\/li>\n<li>De l\u2019adh\u00e9sion \u00e0 notre Charte<strong>\u00a0 :<\/strong><\/li>\n<\/ul>\n<table style=\"border-collapse: collapse; width: 55.8688%; height: 185px;\" border=\"1\">\n<tbody>\n<tr style=\"height: 186px;\">\n<td style=\"width: 1235.65px; height: 10px;\">\n<h6 style=\"text-align: center;\">Article 1<\/h6>\n<h6 style=\"text-align: center;\">L\u2019Association a pour but d\u2019accueillir en priorit\u00e9 les personnes et les<br \/>\nfamilles nouvellement arriv\u00e9es (depuis moins de trois ans) sur le<br \/>\nterritoire et de faciliter leur int\u00e9gration.<\/h6>\n<h6 style=\"text-align: center;\">Article 2<\/h6>\n<h6 style=\"text-align: center;\">L\u2019adh\u00e9sion implique, dans les trois ans, l\u2019engagement de contribuer,<br \/>\nb\u00e9n\u00e9volement, apr\u00e8s formation, aux actions et au fonctionnement<br \/>\nde l\u2019association.<\/h6>\n<h6 style=\"text-align: center;\"><em>Adopt\u00e9e par l\u2019Assembl\u00e9e g\u00e9n\u00e9rale de l\u2019UNAVF le 6 avril 2018<\/em><\/h6>\n<\/td>\n<\/tr>\n<\/tbody>\n<\/table>\n<h6 style=\"text-align: center;\"><\/h6>\n<ul>\n<li>De l\u2019acceptation de notre R\u00e8glement Int\u00e9rieur<\/li>\n<\/ul>\n<div><\/div>\n<div>Les membres d&rsquo;AVF du PAYS DE FLERS b\u00e9n\u00e9ficient d&rsquo;un\u00a0<strong>acc\u00e8s \u00e0 la partie privative de notre site Internet<\/strong>\u00a0.<\/div>\n<div><\/div>\n<div>\n<div><strong>Nous serons heureux de vous rencontrer lors de nos permanences le mardi apr\u00e8s-midi de 14h00 \u00e0 16h30<\/strong><\/div>\n<\/div>\n","protected":false},"excerpt":{"rendered":"<p>Nous vous invitons \u00e0 nous rendre visite dans un de nos\u00a0lieux de permanence \u00e0 notre Si\u00e8ge\u00a08 rue du Coll\u00e8ge 61100 Flers o\u00f9 nos Accueillants, tous b\u00e9n\u00e9voles, sont \u00e0 votre disposition pour vous recevoir et vous informer. L\u2019adh\u00e9sion \u00e0 notre Association s\u2019accompagnera\u00a0: Du versement d\u2019une cotisation annuelle de 36 \u20ac par personne De l\u2019adh\u00e9sion \u00e0 notre [&hellip;]<\/p>\n","protected":false},"author":1,"featured_media":0,"parent":0,"menu_order":0,"comment_status":"open","ping_status":"closed","template":"","meta":[],"acf":[],"_links":{"self":[{"href":"https:\/\/avf.asso.fr\/flers\/wp-json\/wp\/v2\/pages\/143"}],"collection":[{"href":"https:\/\/avf.asso.fr\/flers\/wp-json\/wp\/v2\/pages"}],"about":[{"href":"https:\/\/avf.asso.fr\/flers\/wp-json\/wp\/v2\/types\/page"}],"author":[{"embeddable":true,"href":"https:\/\/avf.asso.fr\/flers\/wp-json\/wp\/v2\/users\/1"}],"replies":[{"embeddable":true,"href":"https:\/\/avf.asso.fr\/flers\/wp-json\/wp\/v2\/comments?post=143"}],"version-history":[{"count":11,"href":"https:\/\/avf.asso.fr\/flers\/wp-json\/wp\/v2\/pages\/143\/revisions"}],"predecessor-version":[{"id":1882,"href":"https:\/\/avf.asso.fr\/flers\/wp-json\/wp\/v2\/pages\/143\/revisions\/1882"}],"wp:attachment":[{"href":"https:\/\/avf.asso.fr\/flers\/wp-json\/wp\/v2\/media?parent=143"}],"curies":[{"name":"wp","href":"https:\/\/api.w.org\/{rel}","templated":true}]}}