{"id":160,"date":"2019-01-28T16:00:50","date_gmt":"2019-01-28T15:00:50","guid":{"rendered":"https:\/\/avf.asso.fr\/cournon\/a-destination-benevoles\/"},"modified":"2019-01-28T16:06:12","modified_gmt":"2019-01-28T15:06:12","slug":"a-destination-benevoles","status":"publish","type":"page","link":"https:\/\/avf.asso.fr\/cournon\/informations-pratiques\/a-destination-benevoles\/","title":{"rendered":"A destination des b\u00e9n\u00e9voles"},"content":{"rendered":"<p>A destination des b\u00e9n\u00e9voles<\/p>\n<p><a href=\"http:\/\/www.asie360.com\/\" target=\"_blank\" rel=\"noopener\">Cuisine asiatique ?<\/a><\/p>\n<p><strong>AAAAAAAAA<\/strong><\/p>\n<h1><strong>AAAAAAAAA<\/strong><!--more--><\/h1>\n<h2><em><u>BBBBBBBBBB<\/u><\/em><\/h2>\n<ol>\n<li>\n<h3><span style=\"color: #ff0000\">Cccccccccccc<\/span><\/h3>\n<\/li>\n<li>\n<h3><span style=\"color: #ff0000\">Ddddddddddd<\/span><\/h3>\n<\/li>\n<\/ol>\n<p>&nbsp;<\/p>\n<ul>\n<li>\n<h3>Eeeeee<\/h3>\n<\/li>\n<li>\n<h4>Fffff<\/h4>\n<\/li>\n<\/ul>\n<p><strong>GGGGGGG<\/strong><\/p>\n<p><strong>HHHHHHH<\/strong><\/p>\n<p>&nbsp;<\/p>\n","protected":false},"excerpt":{"rendered":"<p>A destination des b\u00e9n\u00e9voles Cuisine asiatique ? AAAAAAAAA AAAAAAAAA<\/p>\n","protected":false},"author":1,"featured_media":0,"parent":193,"menu_order":0,"comment_status":"open","ping_status":"closed","template":"","meta":[],"acf":[],"_links":{"self":[{"href":"https:\/\/avf.asso.fr\/cournon\/wp-json\/wp\/v2\/pages\/160"}],"collection":[{"href":"https:\/\/avf.asso.fr\/cournon\/wp-json\/wp\/v2\/pages"}],"about":[{"href":"https:\/\/avf.asso.fr\/cournon\/wp-json\/wp\/v2\/types\/page"}],"author":[{"embeddable":true,"href":"https:\/\/avf.asso.fr\/cournon\/wp-json\/wp\/v2\/users\/1"}],"replies":[{"embeddable":true,"href":"https:\/\/avf.asso.fr\/cournon\/wp-json\/wp\/v2\/comments?post=160"}],"version-history":[{"count":0,"href":"https:\/\/avf.asso.fr\/cournon\/wp-json\/wp\/v2\/pages\/160\/revisions"}],"up":[{"embeddable":true,"href":"https:\/\/avf.asso.fr\/cournon\/wp-json\/wp\/v2\/pages\/193"}],"wp:attachment":[{"href":"https:\/\/avf.asso.fr\/cournon\/wp-json\/wp\/v2\/media?parent=160"}],"curies":[{"name":"wp","href":"https:\/\/api.w.org\/{rel}","templated":true}]}}