{"id":1119,"date":"2019-11-28T08:44:44","date_gmt":"2019-11-28T07:44:44","guid":{"rendered":"https:\/\/avf.asso.fr\/cholet\/?page_id=1119"},"modified":"2021-10-21T15:26:08","modified_gmt":"2021-10-21T13:26:08","slug":"les-arts-creatifs","status":"publish","type":"page","link":"https:\/\/avf.asso.fr\/cholet\/les-arts-creatifs\/","title":{"rendered":"Les Arts Cr\u00e9atifs"},"content":{"rendered":"<h3><em>Des b\u00e9n\u00e9voles se mettent \u00e0 votre disposition pour vous conseiller dans diverses activit\u00e9s&#8230; <\/em><\/h3>\n<h3><em>Ces ateliers ont chacun leur mode de fonctionnement et principes de tarification. Rapprochez vous du secr\u00e9tariat pour les inscriptions<\/em><\/h3>\n<h3>Voici les ateliers qui vous sont propos\u00e9s :<\/h3>\n<ul>\n<li>Couture\u00a0 \u00a0 :\u00a0 le Lundi de 14h00 \u00e0 16h00<\/li>\n<li>Peinture\u00a0 \u00a0 :\u00a0 activit\u00e9 suspendue<\/li>\n<li>Art Floral\u00a0 :\u00a0 le Lundi de 14h00 \u00e0 16h00 1 fois par mois<\/li>\n<li>Mosa\u00efque\u00a0 \u00a0: 2 fois par mois<\/li>\n<\/ul>\n","protected":false},"excerpt":{"rendered":"<p>Des b\u00e9n\u00e9voles se mettent \u00e0 votre disposition pour vous conseiller dans diverses activit\u00e9s&#8230; Ces ateliers ont chacun leur mode de fonctionnement et principes de tarification. Rapprochez vous du secr\u00e9tariat pour les inscriptions Voici les ateliers qui vous sont propos\u00e9s : Couture\u00a0 \u00a0 :\u00a0 le Lundi de 14h00 \u00e0 16h00 Peinture\u00a0 \u00a0 :\u00a0 activit\u00e9 suspendue Art [&hellip;]<\/p>\n","protected":false},"author":10,"featured_media":0,"parent":0,"menu_order":0,"comment_status":"closed","ping_status":"closed","template":"","meta":[],"acf":[],"_links":{"self":[{"href":"https:\/\/avf.asso.fr\/cholet\/wp-json\/wp\/v2\/pages\/1119"}],"collection":[{"href":"https:\/\/avf.asso.fr\/cholet\/wp-json\/wp\/v2\/pages"}],"about":[{"href":"https:\/\/avf.asso.fr\/cholet\/wp-json\/wp\/v2\/types\/page"}],"author":[{"embeddable":true,"href":"https:\/\/avf.asso.fr\/cholet\/wp-json\/wp\/v2\/users\/10"}],"replies":[{"embeddable":true,"href":"https:\/\/avf.asso.fr\/cholet\/wp-json\/wp\/v2\/comments?post=1119"}],"version-history":[{"count":3,"href":"https:\/\/avf.asso.fr\/cholet\/wp-json\/wp\/v2\/pages\/1119\/revisions"}],"predecessor-version":[{"id":1362,"href":"https:\/\/avf.asso.fr\/cholet\/wp-json\/wp\/v2\/pages\/1119\/revisions\/1362"}],"wp:attachment":[{"href":"https:\/\/avf.asso.fr\/cholet\/wp-json\/wp\/v2\/media?parent=1119"}],"curies":[{"name":"wp","href":"https:\/\/api.w.org\/{rel}","templated":true}]}}