{"id":916,"date":"2019-04-26T22:01:45","date_gmt":"2019-04-26T20:01:45","guid":{"rendered":"https:\/\/avf.asso.fr\/chaumont\/?page_id=916"},"modified":"2023-03-26T18:02:22","modified_gmt":"2023-03-26T16:02:22","slug":"avf-vous-propose","status":"publish","type":"page","link":"https:\/\/avf.asso.fr\/chaumont\/avf-vous-accompagne\/avf-vous-propose\/","title":{"rendered":"AVF vous propose"},"content":{"rendered":"<ul>\n<li>des sorties vari\u00e9es,<\/li>\n<li>des rencontres,<\/li>\n<li>des animations ponctuelles,<\/li>\n<li>des animations r\u00e9guli\u00e8res&#8230;<\/li>\n<li>et un programme trimestriel<\/li>\n<\/ul>\n<p>Voici celui du dernier trimestre 2022\/2023<\/p>\n<p><a href=\"https:\/\/avf.asso.fr\/chaumont\/wp-content\/uploads\/sites\/181\/2023\/03\/Bulletin-a-m-et-j-2023.pdf\"><strong><a href=\"https:\/\/avf.asso.fr\/chaumont\/wp-content\/uploads\/sites\/181\/2023\/03\/Bulletin-a-m-et-j-2023.pdf\" class=\"pdfemb-viewer\" style=\"\" data-width=\"max\" data-height=\"max\"  data-toolbar=\"bottom\" data-toolbar-fixed=\"off\">Bulletin a m et j 2023<br\/><\/a> <\/strong><\/a><\/p>\n<p><a href=\"https:\/\/avf.asso.fr\/chaumont\/wp-content\/uploads\/sites\/181\/2023\/03\/Bulletin-a-m-et-j-2023.pdf\"><strong>Cliquez sur l&rsquo;image pour acc\u00e9der \u00e0 la page 2.<\/strong><\/a><\/p>\n","protected":false},"excerpt":{"rendered":"<p>des sorties vari\u00e9es, des rencontres, des animations ponctuelles, des animations r\u00e9guli\u00e8res&#8230; et un programme trimestriel Voici celui du dernier trimestre 2022\/2023 Cliquez sur l&rsquo;image pour acc\u00e9der \u00e0 la page 2.<\/p>\n","protected":false},"author":207,"featured_media":0,"parent":229,"menu_order":1,"comment_status":"closed","ping_status":"closed","template":"","meta":[],"acf":[],"_links":{"self":[{"href":"https:\/\/avf.asso.fr\/chaumont\/wp-json\/wp\/v2\/pages\/916"}],"collection":[{"href":"https:\/\/avf.asso.fr\/chaumont\/wp-json\/wp\/v2\/pages"}],"about":[{"href":"https:\/\/avf.asso.fr\/chaumont\/wp-json\/wp\/v2\/types\/page"}],"author":[{"embeddable":true,"href":"https:\/\/avf.asso.fr\/chaumont\/wp-json\/wp\/v2\/users\/207"}],"replies":[{"embeddable":true,"href":"https:\/\/avf.asso.fr\/chaumont\/wp-json\/wp\/v2\/comments?post=916"}],"version-history":[{"count":5,"href":"https:\/\/avf.asso.fr\/chaumont\/wp-json\/wp\/v2\/pages\/916\/revisions"}],"predecessor-version":[{"id":2414,"href":"https:\/\/avf.asso.fr\/chaumont\/wp-json\/wp\/v2\/pages\/916\/revisions\/2414"}],"up":[{"embeddable":true,"href":"https:\/\/avf.asso.fr\/chaumont\/wp-json\/wp\/v2\/pages\/229"}],"wp:attachment":[{"href":"https:\/\/avf.asso.fr\/chaumont\/wp-json\/wp\/v2\/media?parent=916"}],"curies":[{"name":"wp","href":"https:\/\/api.w.org\/{rel}","templated":true}]}}