{"id":212,"date":"2018-04-26T19:06:34","date_gmt":"2018-04-26T17:06:34","guid":{"rendered":"https:\/\/avf.asso.fr\/chaumont\/?page_id=212"},"modified":"2022-08-29T16:52:44","modified_gmt":"2022-08-29T14:52:44","slug":"documentation","status":"publish","type":"page","link":"https:\/\/avf.asso.fr\/chaumont\/documentation\/","title":{"rendered":"Fiche d&rsquo;inscription (\u00e0 t\u00e9l\u00e9charger)"},"content":{"rendered":"<a href=\"https:\/\/avf.asso.fr\/chaumont\/wp-content\/uploads\/sites\/181\/2022\/08\/FIA_20220829_0001.pdf\" class=\"pdfemb-viewer\" style=\"\" data-width=\"max\" data-height=\"max\"  data-toolbar=\"bottom\" data-toolbar-fixed=\"off\">FIA_20220829_0001<br\/><\/a>\n<p>&nbsp;<\/p>\n<h3 style=\"text-align: center;\"><strong><a href=\"https:\/\/avf.asso.fr\/chaumont\/wp-content\/uploads\/sites\/181\/2021\/02\/Fiche-adhe\u0301sion_A4_2021_remp.pdf\" target=\"_blank\" rel=\"noopener noreferrer\">===&gt;\u00a0 \u00a0 Lien de t\u00e9l\u00e9chargement<\/a><\/strong><\/h3>\n","protected":false},"excerpt":{"rendered":"<p>&nbsp; ===&gt;\u00a0 \u00a0 Lien de t\u00e9l\u00e9chargement<\/p>\n","protected":false},"author":1,"featured_media":0,"parent":0,"menu_order":0,"comment_status":"closed","ping_status":"closed","template":"","meta":[],"acf":[],"_links":{"self":[{"href":"https:\/\/avf.asso.fr\/chaumont\/wp-json\/wp\/v2\/pages\/212"}],"collection":[{"href":"https:\/\/avf.asso.fr\/chaumont\/wp-json\/wp\/v2\/pages"}],"about":[{"href":"https:\/\/avf.asso.fr\/chaumont\/wp-json\/wp\/v2\/types\/page"}],"author":[{"embeddable":true,"href":"https:\/\/avf.asso.fr\/chaumont\/wp-json\/wp\/v2\/users\/1"}],"replies":[{"embeddable":true,"href":"https:\/\/avf.asso.fr\/chaumont\/wp-json\/wp\/v2\/comments?post=212"}],"version-history":[{"count":7,"href":"https:\/\/avf.asso.fr\/chaumont\/wp-json\/wp\/v2\/pages\/212\/revisions"}],"predecessor-version":[{"id":2307,"href":"https:\/\/avf.asso.fr\/chaumont\/wp-json\/wp\/v2\/pages\/212\/revisions\/2307"}],"wp:attachment":[{"href":"https:\/\/avf.asso.fr\/chaumont\/wp-json\/wp\/v2\/media?parent=212"}],"curies":[{"name":"wp","href":"https:\/\/api.w.org\/{rel}","templated":true}]}}