{"id":172,"date":"2018-04-25T11:06:44","date_gmt":"2018-04-25T09:06:44","guid":{"rendered":"https:\/\/avf.asso.fr\/chaumont\/?page_id=172"},"modified":"2023-12-06T20:46:22","modified_gmt":"2023-12-06T19:46:22","slug":"le-reseau-avf","status":"publish","type":"page","link":"https:\/\/avf.asso.fr\/chaumont\/le-reseau-avf\/","title":{"rendered":"Le r\u00e9seau AVF"},"content":{"rendered":"<h3 style=\"text-align: center;\"><span style=\"color: #00abbd;\"><strong>Le r\u00e9seau AVF est organis\u00e9 en 3 niveaux territoriaux :<\/strong><\/span><br \/>\n<span style=\"color: #00abbd;\"><strong>plus de 250 associations locales (AVF) dans plus de 250 villes ou territoires d\u2019intercommunalit\u00e9,<\/strong><\/span><br \/>\n<span style=\"color: #00abbd;\"><strong>14 Unions R\u00e9gionales (URAVF)<\/strong><\/span><br \/>\n<span style=\"color: #00abbd;\"><strong>1 Union Nationale (UNAVF)<\/strong><\/span><\/h3>\n<p class=\"p1\" style=\"text-align: center;\"><span class=\"s1\"><a href=\"https:\/\/avf.asso.fr\/wp-content\/uploads\/2023\/12\/AVF_schema_2023_vecto_dec23.pdf\" class=\"pdfemb-viewer\" style=\"\" data-width=\"max\" data-height=\"max\"  data-toolbar=\"bottom\" data-toolbar-fixed=\"off\">AVF_schema_2023_vecto_dec23<br\/><\/a><\/span><\/p>\n<h3 style=\"text-align: center;\"><span style=\"color: #00abbd;\"><strong>Il compte 56 000 adh\u00e9rents<\/strong><\/span><br \/>\n<span style=\"color: #00abbd;\"><strong>10 000 b\u00e9n\u00e9voles form\u00e9s pour offrir le meilleur savoir-faire.<\/strong><\/span><br \/>\n<span style=\"color: #00abbd;\"><strong>Il accueille chaque ann\u00e9e 7 000 Nouveaux Arrivants\u2026<\/strong><\/span><\/h3>\n","protected":false},"excerpt":{"rendered":"<p>Le r\u00e9seau AVF est organis\u00e9 en 3 niveaux territoriaux : plus de 250 associations locales (AVF) dans plus de 250 villes ou territoires d\u2019intercommunalit\u00e9, 14 Unions R\u00e9gionales (URAVF) 1 Union Nationale (UNAVF) Il compte 56 000 adh\u00e9rents 10 000 b\u00e9n\u00e9voles form\u00e9s pour offrir le meilleur savoir-faire. Il accueille chaque ann\u00e9e 7 000 Nouveaux Arrivants\u2026<\/p>\n","protected":false},"author":1,"featured_media":0,"parent":0,"menu_order":0,"comment_status":"closed","ping_status":"closed","template":"","meta":[],"acf":[],"_links":{"self":[{"href":"https:\/\/avf.asso.fr\/chaumont\/wp-json\/wp\/v2\/pages\/172"}],"collection":[{"href":"https:\/\/avf.asso.fr\/chaumont\/wp-json\/wp\/v2\/pages"}],"about":[{"href":"https:\/\/avf.asso.fr\/chaumont\/wp-json\/wp\/v2\/types\/page"}],"author":[{"embeddable":true,"href":"https:\/\/avf.asso.fr\/chaumont\/wp-json\/wp\/v2\/users\/1"}],"replies":[{"embeddable":true,"href":"https:\/\/avf.asso.fr\/chaumont\/wp-json\/wp\/v2\/comments?post=172"}],"version-history":[{"count":9,"href":"https:\/\/avf.asso.fr\/chaumont\/wp-json\/wp\/v2\/pages\/172\/revisions"}],"predecessor-version":[{"id":2456,"href":"https:\/\/avf.asso.fr\/chaumont\/wp-json\/wp\/v2\/pages\/172\/revisions\/2456"}],"wp:attachment":[{"href":"https:\/\/avf.asso.fr\/chaumont\/wp-json\/wp\/v2\/media?parent=172"}],"curies":[{"name":"wp","href":"https:\/\/api.w.org\/{rel}","templated":true}]}}