{"id":226,"date":"2018-04-26T19:17:52","date_gmt":"2018-04-26T17:17:52","guid":{"rendered":"https:\/\/avf.asso.fr\/cebazat\/?page_id=226"},"modified":"2023-11-03T12:22:51","modified_gmt":"2023-11-03T11:22:51","slug":"activites","status":"publish","type":"page","link":"https:\/\/avf.asso.fr\/cebazat\/activites\/","title":{"rendered":"Activit\u00e9s"},"content":{"rendered":"<a href=\"https:\/\/avf.asso.fr\/cebazat\/wp-content\/uploads\/sites\/92\/2023\/11\/Livret-2024-site-AVF.pdf\" class=\"pdfemb-viewer\" style=\"\" data-width=\"max\" data-height=\"max\"  data-toolbar=\"bottom\" data-toolbar-fixed=\"off\">Livret 2024 site AVF<br\/><\/a>\n<p>&nbsp;<\/p>\n<p style=\"text-align: justify;\"><strong>Les vid\u00e9os suivantes sont visibles en HD et en plein \u00e9cran (pensez \u00e0 s\u00e9lectionner les meilleurs r\u00e9glages en bas \u00e0 droite de la vid\u00e9o) &#8230;<\/strong><\/p>\n<p><iframe loading=\"lazy\" title=\"Marches AVF C\u00e9bazat 2018 2019 2\/2\" width=\"1170\" height=\"658\" src=\"https:\/\/www.youtube.com\/embed\/yDfXfcHsJC8?feature=oembed\" frameborder=\"0\" allow=\"accelerometer; autoplay; clipboard-write; encrypted-media; gyroscope; picture-in-picture; web-share\" allowfullscreen><\/iframe><\/p>\n<p><iframe loading=\"lazy\" title=\"Marches AVF C\u00e9bazat 2018 2019 1\/2\" width=\"1170\" height=\"658\" src=\"https:\/\/www.youtube.com\/embed\/tNoFRB5jT1E?feature=oembed\" frameborder=\"0\" allow=\"accelerometer; autoplay; clipboard-write; encrypted-media; gyroscope; picture-in-picture; web-share\" allowfullscreen><\/iframe><\/p>\n<p><iframe loading=\"lazy\" title=\"Marches AVF C\u00e9bazat 2017-2018\" width=\"1170\" height=\"658\" src=\"https:\/\/www.youtube.com\/embed\/KyyfXLxdDNg?feature=oembed\" frameborder=\"0\" allow=\"accelerometer; autoplay; clipboard-write; encrypted-media; gyroscope; picture-in-picture; web-share\" allowfullscreen><\/iframe><\/p>\n<p><iframe loading=\"lazy\" title=\"Journ\u00e9e AVF C\u00e9bazat en Pe\u0301rigord - Avril 2018\" width=\"1170\" height=\"658\" src=\"https:\/\/www.youtube.com\/embed\/KAYl3lWfYeQ?feature=oembed\" frameborder=\"0\" allow=\"accelerometer; autoplay; clipboard-write; encrypted-media; gyroscope; picture-in-picture; web-share\" allowfullscreen><\/iframe><\/p>\n<p>&nbsp;<\/p>\n","protected":false},"excerpt":{"rendered":"<p>&nbsp; Les vid\u00e9os suivantes sont visibles en HD et en plein \u00e9cran (pensez \u00e0 s\u00e9lectionner les meilleurs r\u00e9glages en bas \u00e0 droite de la vid\u00e9o) &#8230; &nbsp;<\/p>\n","protected":false},"author":1,"featured_media":0,"parent":0,"menu_order":0,"comment_status":"closed","ping_status":"closed","template":"","meta":[],"acf":[],"_links":{"self":[{"href":"https:\/\/avf.asso.fr\/cebazat\/wp-json\/wp\/v2\/pages\/226"}],"collection":[{"href":"https:\/\/avf.asso.fr\/cebazat\/wp-json\/wp\/v2\/pages"}],"about":[{"href":"https:\/\/avf.asso.fr\/cebazat\/wp-json\/wp\/v2\/types\/page"}],"author":[{"embeddable":true,"href":"https:\/\/avf.asso.fr\/cebazat\/wp-json\/wp\/v2\/users\/1"}],"replies":[{"embeddable":true,"href":"https:\/\/avf.asso.fr\/cebazat\/wp-json\/wp\/v2\/comments?post=226"}],"version-history":[{"count":11,"href":"https:\/\/avf.asso.fr\/cebazat\/wp-json\/wp\/v2\/pages\/226\/revisions"}],"predecessor-version":[{"id":1669,"href":"https:\/\/avf.asso.fr\/cebazat\/wp-json\/wp\/v2\/pages\/226\/revisions\/1669"}],"wp:attachment":[{"href":"https:\/\/avf.asso.fr\/cebazat\/wp-json\/wp\/v2\/media?parent=226"}],"curies":[{"name":"wp","href":"https:\/\/api.w.org\/{rel}","templated":true}]}}