{"id":143,"date":"2018-02-08T11:23:49","date_gmt":"2018-02-08T10:23:49","guid":{"rendered":"https:\/\/avf.asso.fr\/cannes-la-bocca\/?page_id=143"},"modified":"2020-08-31T15:42:30","modified_gmt":"2020-08-31T13:42:30","slug":"adherer-a-association","status":"publish","type":"page","link":"https:\/\/avf.asso.fr\/cannes-la-bocca\/avf-vous-accompagne\/adherer-a-association\/","title":{"rendered":"Adh\u00e9rer \u00e0 notre association"},"content":{"rendered":"<h5><\/h5>\n<p><span style=\"color: #008080\">Nous vous invitons \u00e0 nous rendre visite dans un de nos\u00a0<strong>lieux de permanence pr\u00e8s de chez vous ou \u00e0 notre Si\u00e8ge<\/strong>\u00a0o\u00f9 nos Accueillants, tous b\u00e9n\u00e9voles, sont \u00e0 votre disposition pour vous recevoir et vous informer.<\/span><\/p>\n<div><span style=\"color: #008080\"><strong>L\u2019adh\u00e9sion \u00e0 notre Association s\u2019accompagnera\u00a0:<\/strong><\/span><\/div>\n<ul>\n<li><span style=\"color: #008080\">Du versement d\u2019une cotisation familiale annuelle de 35 \u20ac<\/span><\/li>\n<li><span style=\"color: #008080\">De l\u2019adh\u00e9sion \u00e0 notre Charte<strong>\u00a0\u00a0<\/strong><\/span><\/li>\n<li><span style=\"color: #008080\">De l\u2019acceptation de notre R\u00e8glement Int\u00e9rieur<\/span><\/li>\n<li><span style=\"color: #008080\">De l&rsquo;acceptation du droit \u00e0 l&rsquo;image<\/span><\/li>\n<li><span style=\"color: #008080\">De l&rsquo;acceptation de la RGPD (R\u00e8glement G\u00e9n\u00e9ral sur la Protection des Donn\u00e9es)<\/span><\/li>\n<\/ul>\n<div><\/div>\n<div><span style=\"color: #008080\">Les nouveaux membres d&rsquo;AVF b\u00e9n\u00e9ficierons d&rsquo;un\u00a0<strong>acc\u00e8s \u00e0 la partie privative du site Internet<\/strong>\u00a0d&rsquo;AVF Cannes La Bocca. Cet acc\u00e8s sera configur\u00e9 par le webmestre qui adressera un courriel avisant de la disponibilt\u00e9 de cet acc\u00e8s priv\u00e9.<\/span><\/div>\n<div><\/div>\n<div>\n<div><span style=\"color: #008080\"><strong>Venez nous rencontrer, nous vous attendons avec impatience\u00a0!<\/strong><\/span><\/div>\n<\/div>\n","protected":false},"excerpt":{"rendered":"<p>Nous vous invitons \u00e0 nous rendre visite dans un de nos\u00a0lieux de permanence pr\u00e8s de chez vous ou \u00e0 notre Si\u00e8ge\u00a0o\u00f9 nos Accueillants, tous b\u00e9n\u00e9voles, sont \u00e0 votre disposition pour vous recevoir et vous informer. L\u2019adh\u00e9sion \u00e0 notre Association s\u2019accompagnera\u00a0: Du versement d\u2019une cotisation familiale annuelle de 35 \u20ac De l\u2019adh\u00e9sion \u00e0 notre Charte\u00a0\u00a0 De [&hellip;]<\/p>\n","protected":false},"author":1,"featured_media":0,"parent":229,"menu_order":0,"comment_status":"closed","ping_status":"closed","template":"","meta":[],"acf":[],"_links":{"self":[{"href":"https:\/\/avf.asso.fr\/cannes-la-bocca\/wp-json\/wp\/v2\/pages\/143"}],"collection":[{"href":"https:\/\/avf.asso.fr\/cannes-la-bocca\/wp-json\/wp\/v2\/pages"}],"about":[{"href":"https:\/\/avf.asso.fr\/cannes-la-bocca\/wp-json\/wp\/v2\/types\/page"}],"author":[{"embeddable":true,"href":"https:\/\/avf.asso.fr\/cannes-la-bocca\/wp-json\/wp\/v2\/users\/1"}],"replies":[{"embeddable":true,"href":"https:\/\/avf.asso.fr\/cannes-la-bocca\/wp-json\/wp\/v2\/comments?post=143"}],"version-history":[{"count":0,"href":"https:\/\/avf.asso.fr\/cannes-la-bocca\/wp-json\/wp\/v2\/pages\/143\/revisions"}],"up":[{"embeddable":true,"href":"https:\/\/avf.asso.fr\/cannes-la-bocca\/wp-json\/wp\/v2\/pages\/229"}],"wp:attachment":[{"href":"https:\/\/avf.asso.fr\/cannes-la-bocca\/wp-json\/wp\/v2\/media?parent=143"}],"curies":[{"name":"wp","href":"https:\/\/api.w.org\/{rel}","templated":true}]}}