{"id":1025,"date":"2019-09-29T16:42:05","date_gmt":"2019-09-29T14:42:05","guid":{"rendered":"https:\/\/avf.asso.fr\/bourges\/?page_id=1025"},"modified":"2025-02-28T20:23:06","modified_gmt":"2025-02-28T19:23:06","slug":"gazettes","status":"publish","type":"page","link":"https:\/\/avf.asso.fr\/bourges\/gazettes\/","title":{"rendered":"Gazettes"},"content":{"rendered":"<p>Archive des gazettes.<\/p>\n<p>Pour voir une gazette des mois ant\u00e9rieurs cliquez sur le mois d\u00e9sir\u00e9<\/p>\n<p><a href=\"https:\/\/avf.asso.fr\/bourges\/wp-content\/uploads\/sites\/169\/2025\/01\/202501-GAZETTE-JANVIER.pdf\" target=\"_blank\" rel=\"noopener\">janvier 2025<\/a><\/p>\n<p><a href=\"https:\/\/avf.asso.fr\/bourges\/wp-content\/uploads\/sites\/169\/2024\/11\/202412-gazette-2024-12.pdf\" target=\"_blank\" rel=\"noopener\">d\u00e9cembre 2024<\/a><\/p>\n<p><a href=\"https:\/\/avf.asso.fr\/bourges\/wp-content\/uploads\/sites\/169\/2024\/10\/202411-Gazette-novembre-2024-m-1.pdf\" target=\"_blank\" rel=\"noopener\">novembre 2024<\/a><\/p>\n<p><a href=\"https:\/\/avf.asso.fr\/bourges\/wp-content\/uploads\/sites\/169\/2024\/10\/202410-Gazette.pdf\" target=\"_blank\" rel=\"noopener\">octobre 2024<\/a><\/p>\n<p><a href=\"https:\/\/avf.asso.fr\/bourges\/wp-content\/uploads\/sites\/169\/2024\/09\/2024-09-GAZETTE_V2.pdf\" target=\"_blank\" rel=\"noopener\">septembre 2024<\/a><\/p>\n<p><a href=\"https:\/\/avf.asso.fr\/bourges\/wp-content\/uploads\/sites\/169\/2024\/06\/202406-GAZETTE-juin.pdf\" target=\"_blank\" rel=\"noopener\">juin 2024<\/a><\/p>\n<p><a href=\"https:\/\/avf.asso.fr\/bourges\/wp-content\/uploads\/sites\/169\/2024\/04\/2024-05-GAZETTE-v2.pdf\" target=\"_blank\" rel=\"noopener\">mai 2024<\/a><\/p>\n<p><a href=\"https:\/\/avf.asso.fr\/bourges\/wp-content\/uploads\/sites\/169\/2024\/04\/202404-GAZETTE.pdf\" target=\"_blank\" rel=\"noopener\">avril 2024<\/a><\/p>\n<p><a href=\"https:\/\/avf.asso.fr\/bourges\/wp-content\/uploads\/sites\/169\/2024\/03\/2024-03-GAZETTE.pdf\" target=\"_blank\" rel=\"noopener\">mars 2024<\/a><\/p>\n<p><a href=\"https:\/\/avf.asso.fr\/bourges\/wp-content\/uploads\/sites\/169\/2024\/02\/2024-02-GAZETTE.pdf\" target=\"_blank\" rel=\"noopener\">f\u00e9vrier 2024<\/a><\/p>\n<p><a href=\"https:\/\/avf.asso.fr\/bourges\/wp-content\/uploads\/sites\/169\/2024\/01\/202401-GAZETTE-janvier-v2.pdf\" target=\"_blank\" rel=\"noopener\">janvier 2024<\/a><\/p>\n","protected":false},"excerpt":{"rendered":"<p>Archive des gazettes. Pour voir une gazette des mois ant\u00e9rieurs cliquez sur le mois d\u00e9sir\u00e9 janvier 2025 d\u00e9cembre 2024 novembre 2024 octobre 2024 septembre 2024 juin 2024 mai 2024 avril 2024 mars 2024 f\u00e9vrier 2024 janvier 2024<\/p>\n","protected":false},"author":10,"featured_media":0,"parent":0,"menu_order":0,"comment_status":"closed","ping_status":"closed","template":"","meta":[],"acf":[],"_links":{"self":[{"href":"https:\/\/avf.asso.fr\/bourges\/wp-json\/wp\/v2\/pages\/1025"}],"collection":[{"href":"https:\/\/avf.asso.fr\/bourges\/wp-json\/wp\/v2\/pages"}],"about":[{"href":"https:\/\/avf.asso.fr\/bourges\/wp-json\/wp\/v2\/types\/page"}],"author":[{"embeddable":true,"href":"https:\/\/avf.asso.fr\/bourges\/wp-json\/wp\/v2\/users\/10"}],"replies":[{"embeddable":true,"href":"https:\/\/avf.asso.fr\/bourges\/wp-json\/wp\/v2\/comments?post=1025"}],"version-history":[{"count":10,"href":"https:\/\/avf.asso.fr\/bourges\/wp-json\/wp\/v2\/pages\/1025\/revisions"}],"predecessor-version":[{"id":4326,"href":"https:\/\/avf.asso.fr\/bourges\/wp-json\/wp\/v2\/pages\/1025\/revisions\/4326"}],"wp:attachment":[{"href":"https:\/\/avf.asso.fr\/bourges\/wp-json\/wp\/v2\/media?parent=1025"}],"curies":[{"name":"wp","href":"https:\/\/api.w.org\/{rel}","templated":true}]}}