{"id":639,"date":"2019-04-01T14:21:28","date_gmt":"2019-04-01T12:21:28","guid":{"rendered":"https:\/\/avf.asso.fr\/belfort\/?page_id=639"},"modified":"2025-11-02T09:34:44","modified_gmt":"2025-11-02T08:34:44","slug":"animations","status":"publish","type":"page","link":"https:\/\/avf.asso.fr\/belfort\/animations\/","title":{"rendered":"Animations"},"content":{"rendered":"<p>Soir\u00e9e festive pour l&rsquo;arriv\u00e9e du beaujolais nouveau le vendredi 21 novembre 2025 \u00e0 18h30 au local de l&rsquo;association.<\/p>\n","protected":false},"excerpt":{"rendered":"<p>Soir\u00e9e festive pour l&rsquo;arriv\u00e9e du beaujolais nouveau le vendredi 21 novembre 2025 \u00e0 18h30 au local de l&rsquo;association.<\/p>\n","protected":false},"author":1,"featured_media":0,"parent":0,"menu_order":0,"comment_status":"closed","ping_status":"closed","template":"","meta":[],"acf":[],"_links":{"self":[{"href":"https:\/\/avf.asso.fr\/belfort\/wp-json\/wp\/v2\/pages\/639"}],"collection":[{"href":"https:\/\/avf.asso.fr\/belfort\/wp-json\/wp\/v2\/pages"}],"about":[{"href":"https:\/\/avf.asso.fr\/belfort\/wp-json\/wp\/v2\/types\/page"}],"author":[{"embeddable":true,"href":"https:\/\/avf.asso.fr\/belfort\/wp-json\/wp\/v2\/users\/1"}],"replies":[{"embeddable":true,"href":"https:\/\/avf.asso.fr\/belfort\/wp-json\/wp\/v2\/comments?post=639"}],"version-history":[{"count":5,"href":"https:\/\/avf.asso.fr\/belfort\/wp-json\/wp\/v2\/pages\/639\/revisions"}],"predecessor-version":[{"id":1300,"href":"https:\/\/avf.asso.fr\/belfort\/wp-json\/wp\/v2\/pages\/639\/revisions\/1300"}],"wp:attachment":[{"href":"https:\/\/avf.asso.fr\/belfort\/wp-json\/wp\/v2\/media?parent=639"}],"curies":[{"name":"wp","href":"https:\/\/api.w.org\/{rel}","templated":true}]}}