{"id":1165,"date":"2021-02-09T15:45:22","date_gmt":"2021-02-09T14:45:22","guid":{"rendered":"https:\/\/avf.asso.fr\/belfort\/les-uravf-et-le-reseau-avf-2\/"},"modified":"2021-02-09T15:47:18","modified_gmt":"2021-02-09T14:47:18","slug":"les-uravf-et-le-reseau-avf-2","status":"publish","type":"page","link":"https:\/\/avf.asso.fr\/belfort\/les-uravf-et-le-reseau-avf-2\/","title":{"rendered":"Les URAVF et le r\u00e9seau AVF"},"content":{"rendered":"<p style=\"text-align: justify;\">Les Unions R\u00e9gionales Accueil des Villes Fran\u00e7aises (URAVF) n&rsquo;ont pas vocation \u00e0 accueillir directement les nouveaux arrivants, en revanche par leur action elles visent \u00e0 rendre cet accueil op\u00e9r\u00e9 par les AVF locaux plus efficace.<\/p>\n<p style=\"text-align: justify;\">Les URAVF rassemblent en effet pour une r\u00e9gion (pour nous la Bourgogne Franche-Comt\u00e9) les AVF locaux. C&rsquo;est donc une instance de communication entre les AVF \u00e0 travers des r\u00e9unions r\u00e9guli\u00e8res.<\/p>\n<p style=\"text-align: justify;\">Les URAVF envoient \u00e9galement leurs repr\u00e9sentants aux r\u00e9unions nationales de l&rsquo;UNAVF pour d\u00e9cider des actions communes.<\/p>\n<p style=\"text-align: justify;\">Ce sont les URAVF mettent en place mutualisent les formations conduites par les formatrices nationales. Enfin les URAVF assurent la formation et l&rsquo;accompagnement des sites internet locaux via leur webmaster r\u00e9gional.<\/p>\n<h3 style=\"text-align: center;\"><strong><span style=\"text-decoration: underline; color: #000080;\"><a href=\"https:\/\/avf.asso.fr\/bourgogne-franche-comte\/\" target=\"_blank\" style=\"color: #000080;\" rel=\"noopener noreferrer\">Le site de l&rsquo;URAVF Bourgogne Franche-Comt\u00e9<\/a><\/span><\/strong><\/h3>\n","protected":false},"excerpt":{"rendered":"<p>Les Unions R\u00e9gionales Accueil des Villes Fran\u00e7aises (URAVF) n&rsquo;ont pas vocation \u00e0 accueillir directement les nouveaux arrivants, en revanche par leur action elles visent \u00e0 rendre cet accueil op\u00e9r\u00e9 par les AVF locaux plus efficace. Les URAVF rassemblent en effet pour une r\u00e9gion (pour nous la Bourgogne Franche-Comt\u00e9) les AVF locaux. C&rsquo;est donc une instance [&hellip;]<\/p>\n","protected":false},"author":32568,"featured_media":0,"parent":0,"menu_order":0,"comment_status":"closed","ping_status":"closed","template":"","meta":[],"acf":[],"_links":{"self":[{"href":"https:\/\/avf.asso.fr\/belfort\/wp-json\/wp\/v2\/pages\/1165"}],"collection":[{"href":"https:\/\/avf.asso.fr\/belfort\/wp-json\/wp\/v2\/pages"}],"about":[{"href":"https:\/\/avf.asso.fr\/belfort\/wp-json\/wp\/v2\/types\/page"}],"author":[{"embeddable":true,"href":"https:\/\/avf.asso.fr\/belfort\/wp-json\/wp\/v2\/users\/32568"}],"replies":[{"embeddable":true,"href":"https:\/\/avf.asso.fr\/belfort\/wp-json\/wp\/v2\/comments?post=1165"}],"version-history":[{"count":0,"href":"https:\/\/avf.asso.fr\/belfort\/wp-json\/wp\/v2\/pages\/1165\/revisions"}],"wp:attachment":[{"href":"https:\/\/avf.asso.fr\/belfort\/wp-json\/wp\/v2\/media?parent=1165"}],"curies":[{"name":"wp","href":"https:\/\/api.w.org\/{rel}","templated":true}]}}