{"id":1133,"date":"2021-02-07T13:19:57","date_gmt":"2021-02-07T12:19:57","guid":{"rendered":"https:\/\/avf.asso.fr\/belfort\/?page_id=1133"},"modified":"2021-02-07T13:19:57","modified_gmt":"2021-02-07T12:19:57","slug":"lunavf-et-le-reseau-des-avf","status":"publish","type":"page","link":"https:\/\/avf.asso.fr\/belfort\/lunavf-et-le-reseau-des-avf\/","title":{"rendered":"L\u2019UNAVF et le r\u00e9seau des AVF"},"content":{"rendered":"<p>L&rsquo;Union Nationale des Accueil des Villes Fran\u00e7aises : <strong>UNAVF<\/strong> regroupe les Unions r\u00e9gionales (URAVF) et les AVF locaux comme celui de CHALON<\/p>\n<p>Elle assure plusieurs missions :<\/p>\n<ul>\n<li>Animation du r\u00e9seau national des AVF via les Union R\u00e9gionales des Villes de France (URAVF).<\/li>\n<li>Actions nationales : <span style=\"text-decoration: underline; color: #000080;\"><a href=\"https:\/\/avf.asso.fr\/bourgogne-franche-comte\/actualites\/nouvelles-du-congres\/\" target=\"_blank\" style=\"color: #000080; text-decoration: underline;\" rel=\"noopener noreferrer\">Congr\u00e8s<\/a><\/span>, Journ\u00e9e des AVF<\/li>\n<li>Gestion d&rsquo;une \u00e9quipe de formatrices qui assurent (via les <span style=\"text-decoration: underline;\"><span style=\"color: #000080; text-decoration: underline;\"><a href=\"https:\/\/avf.asso.fr\/bourgogne-franche-comte\/\" style=\"color: #000080; text-decoration: underline;\">U<\/a><\/span><span style=\"color: #000080; text-decoration: underline;\"><a href=\"https:\/\/avf.asso.fr\/bourgogne-franche-comte\/\" style=\"color: #000080; text-decoration: underline;\">RAVF<\/a><\/span><\/span> pour l&rsquo;organisation mat\u00e9rielle) la formation de tous les b\u00e9n\u00e9voles de l&rsquo;association<\/li>\n<li>Communication : supports nationaux de communication<\/li>\n<li>Site internet pour les diff\u00e9rents \u00e9l\u00e9ments du r\u00e9seau : national, r\u00e9gional, local<\/li>\n<\/ul>\n<h2 style=\"text-align: center;\"><a href=\"https:\/\/avf.asso.fr\/\" target=\"_blank\" rel=\"noopener noreferrer\"><span style=\"text-decoration: underline;\"><span style=\"color: #000080; text-decoration: underline;\">Acc\u00e9der au site national<\/span><\/span><\/a><\/h2>\n","protected":false},"excerpt":{"rendered":"<p>L&rsquo;Union Nationale des Accueil des Villes Fran\u00e7aises : UNAVF regroupe les Unions r\u00e9gionales (URAVF) et les AVF locaux comme celui de CHALON Elle assure plusieurs missions : Animation du r\u00e9seau national des AVF via les Union R\u00e9gionales des Villes de France (URAVF). Actions nationales : Congr\u00e8s, Journ\u00e9e des AVF Gestion d&rsquo;une \u00e9quipe de formatrices qui [&hellip;]<\/p>\n","protected":false},"author":32568,"featured_media":0,"parent":0,"menu_order":0,"comment_status":"closed","ping_status":"closed","template":"","meta":[],"acf":[],"_links":{"self":[{"href":"https:\/\/avf.asso.fr\/belfort\/wp-json\/wp\/v2\/pages\/1133"}],"collection":[{"href":"https:\/\/avf.asso.fr\/belfort\/wp-json\/wp\/v2\/pages"}],"about":[{"href":"https:\/\/avf.asso.fr\/belfort\/wp-json\/wp\/v2\/types\/page"}],"author":[{"embeddable":true,"href":"https:\/\/avf.asso.fr\/belfort\/wp-json\/wp\/v2\/users\/32568"}],"replies":[{"embeddable":true,"href":"https:\/\/avf.asso.fr\/belfort\/wp-json\/wp\/v2\/comments?post=1133"}],"version-history":[{"count":1,"href":"https:\/\/avf.asso.fr\/belfort\/wp-json\/wp\/v2\/pages\/1133\/revisions"}],"predecessor-version":[{"id":1149,"href":"https:\/\/avf.asso.fr\/belfort\/wp-json\/wp\/v2\/pages\/1133\/revisions\/1149"}],"wp:attachment":[{"href":"https:\/\/avf.asso.fr\/belfort\/wp-json\/wp\/v2\/media?parent=1133"}],"curies":[{"name":"wp","href":"https:\/\/api.w.org\/{rel}","templated":true}]}}