{"id":229,"date":"2018-04-26T19:21:33","date_gmt":"2018-04-26T17:21:33","guid":{"rendered":"https:\/\/avf.asso.fr\/bayeux\/?page_id=229"},"modified":"2023-08-22T16:45:51","modified_gmt":"2023-08-22T14:45:51","slug":"avf-vous-accompagne","status":"publish","type":"page","link":"https:\/\/avf.asso.fr\/bayeux\/avf-vous-accompagne\/","title":{"rendered":"AVF vous accompagne"},"content":{"rendered":"<p style=\"text-align: center;\"><strong><span style=\"color: #0000ff;\">LE MOT<\/span> <span style=\"color: #00ccff;\">DU MAIRE<\/span><\/strong><\/p>\n<p style=\"text-align: center;\"><span style=\"color: #000000;\">Patrick GOMONT<br \/>\nMaire de Bayeux<\/span><\/p>\n<p><img decoding=\"async\" loading=\"lazy\" src=\"https:\/\/avf.asso.fr\/bayeux\/wp-content\/uploads\/sites\/260\/2023\/07\/Image2.png\" alt=\"\" class=\"aligncenter wp-image-2651\" width=\"152\" height=\"166\" \/><\/p>\n<p style=\"text-align: justify;\">Vous avez choisi Bayeux et je vous en f\u00e9licite et vous en remercie. Vous ne le regretterez pas. Vous allez d\u00e9couvrir une petite ville, \u00e0 taille humaine, mais qui a tout d\u2019une grande gr\u00e2ce \u00e0 ses \u00e9quipements, son \u00e9v\u00e9nementiel foisonnant et de qualit\u00e9, ses services dans de nombreux domaines : \u00e9conomique, social, commercial, sportif, culturel, cultuel et patrimonial.<\/p>\n<p style=\"text-align: justify;\">Une tr\u00e8s belle ville, au pass\u00e9 riche et au patrimoine remarquable mais qui n\u2019oublie pas de se projeter dans la modernit\u00e9.<\/p>\n<p style=\"text-align: justify;\">Une cit\u00e9 cultiv\u00e9e et sportive, riche d\u2019un secteur sauvegard\u00e9, de trois mus\u00e9es, capable d\u2019organiser des \u00e9v\u00e9nements de toutes dimensions, populaires et exigeants, tout au long de l\u2019ann\u00e9e.<\/p>\n<p style=\"text-align: justify;\">Un symbole fort, premi\u00e8re ville lib\u00e9r\u00e9e du continent en 1944, lieu du r\u00e9tablissement de la l\u00e9galit\u00e9 r\u00e9publicaine, capitale administrative de la France pendant l\u2019\u00e9t\u00e9 44.<\/p>\n<p style=\"text-align: justify;\">Un nom connu \u00e0 travers le monde entier, qui attire chaque ann\u00e9e des milliers de visiteurs, gr\u00e2ce \u00e0 sa proximit\u00e9 avec les plages du D-Day et sa Tapisserie, M\u00e9moire du Monde Unesco. Un rayonnement national et international dont vous pouvez \u00eatre acteurs et ambassadeurs.<\/p>\n<p style=\"text-align: justify;\">Une ville agr\u00e9able \u00e0 vivre et \u00e0 visiter. Un endroit plein de surprises, que les b\u00e9n\u00e9voles de l\u2019association \u00ab Accueil des Villes Fran\u00e7aises \u00bb (AVF) vous aideront \u00e0 d\u00e9couvrir et appr\u00e9cier.<\/p>\n<p style=\"text-align: justify;\">Association reconnue d\u2019int\u00e9r\u00eat g\u00e9n\u00e9ral, partenaire fid\u00e8le que je remercie pour ses innombrables actions de qualit\u00e9 men\u00e9es \u00e0 votre intention, AVF saura vous guider et vous accompagner dans le projet professionnel ou personnel que vous entamez \u00e0 Bayeux et vous aider \u00e0 mieux conna\u00eetre votre ville et \u00e0 bien vous int\u00e9grer.<\/p>\n<p style=\"text-align: justify;\">Vous avez la chance d\u2019arriver dans une ville qui, depuis plus de deux d\u00e9cennies change, se modernise et s\u2019embellit. Cette transformation sera pleinement la v\u00f4tre gr\u00e2ce \u00e0 vos exp\u00e9riences, votre \u00e9nergie, vos avis et votre implication dans nos nombreuses associations et instances consultatives. Nous comptons sur vous.<\/p>\n<p style=\"text-align: justify;\">Toutes nos \u00e9quipes, tous les \u00e9lus sont mobilis\u00e9s pour vous r\u00e9server le meilleur accueil possible. Une c\u00e9r\u00e9monie est d\u2019ailleurs d\u00e9di\u00e9e chaque ann\u00e9e aux nouveaux arrivants. Celle-ci sera, une fois encore, l\u2019occasion pour nous de vous souhaiter la bienvenue et beaucoup de bonheur \u00e0 venir au sein de cette jolie ville o\u00f9 vous \u00eates d\u00e9sormais chez vous.<\/p>\n<p style=\"text-align: justify;\"><strong>Bienvenue \u00e0 Bayeux, bienvenue chez nous, bienvenue chez vous !<\/strong><\/p>\n<p>&nbsp;<\/p>\n<p style=\"text-align: center;\"><span style=\"color: #0000ff;\"><strong>LE MO<\/strong><\/span><strong><span style=\"color: #3366ff;\"><span><span style=\"color: #0000ff;\">T<\/span> <span style=\"color: #339966;\">DE LA PRESIDENTE<\/span><\/span><\/span><\/strong><\/p>\n<p style=\"text-align: center;\"><span style=\"color: #3366ff;\"><span style=\"color: #000000;\">Nathalie JOUBAUD<\/span><span style=\"color: #000000;\"><br \/>\nPr\u00e9sidente AVF Bayeux<\/span><\/span><\/p>\n<p><strong><span style=\"color: #3366ff;\"><span><img decoding=\"async\" loading=\"lazy\" src=\"https:\/\/avf.asso.fr\/bayeux\/wp-content\/uploads\/sites\/260\/2023\/07\/NJb.png\" alt=\"\" class=\"aligncenter wp-image-2650\" width=\"141\" height=\"165\" \/><\/span><\/span><\/strong><\/p>\n<p style=\"text-align: justify;\">Nouvel arrivant ou d\u00e9j\u00e0 install\u00e9 \u00e0 Bayeux ou son intercommunalit\u00e9, vous rechercher du partage et des \u00e9changes, l\u2019Accueil des Villes Fran\u00e7aises forte de son implantation nationale, r\u00e9gionale et locale, a d\u00e9velopp\u00e9 un savoir faire dans l\u2019accueil et la cr\u00e9ation du lien social.<\/p>\n<p style=\"text-align: center;\"><strong><em><span style=\"color: #3366ff;\">\u00ab Bien dans sa ville, bien dans sa vie avec l\u2019AVF ! \u00bb<\/span><\/em><\/strong><\/p>\n<p>L\u2019AVF de Bayeux vous propose des animations culturelles, sportives, artistiques, des sorties et spectacles, encadr\u00e9es par une \u00e9quipe de b\u00e9n\u00e9voles dynamique.<\/p>\n<p>Si vous vous retrouvez dans nos valeurs d\u2019\u00e9coute, de partage, de g\u00e9n\u00e9rosit\u00e9 et de convivialit\u00e9, rejoignez nous \u00e0 l\u2019AVF Bayeux.<\/p>\n<p style=\"text-align: justify;\">C\u2019est tr\u00e8s simple, vous passez \u00e0 l\u2019accueil les jours de permanences, ou vous serez re\u00e7u avec plaisir et bienveillance. En nous rejoignant, vous deviendrez acteurs et ambassadeurs de l\u2019AVF.<\/p>\n<p style=\"text-align: justify;\"><strong><em>Bienvenue \u00e0 l\u2019Accueil des Villes Fran\u00e7aises de Bayeux, au plaisir de vous y rencontrer.<\/em><\/strong><\/p>\n","protected":false},"excerpt":{"rendered":"<p>LE MOT DU MAIRE Patrick GOMONT Maire de Bayeux Vous avez choisi Bayeux et je vous en f\u00e9licite et vous en remercie. Vous ne le regretterez pas. Vous allez d\u00e9couvrir une petite ville, \u00e0 taille humaine, mais qui a tout d\u2019une grande gr\u00e2ce \u00e0 ses \u00e9quipements, son \u00e9v\u00e9nementiel foisonnant et de qualit\u00e9, ses services dans [&hellip;]<\/p>\n","protected":false},"author":1,"featured_media":1761,"parent":0,"menu_order":0,"comment_status":"closed","ping_status":"closed","template":"","meta":[],"acf":[],"_links":{"self":[{"href":"https:\/\/avf.asso.fr\/bayeux\/wp-json\/wp\/v2\/pages\/229"}],"collection":[{"href":"https:\/\/avf.asso.fr\/bayeux\/wp-json\/wp\/v2\/pages"}],"about":[{"href":"https:\/\/avf.asso.fr\/bayeux\/wp-json\/wp\/v2\/types\/page"}],"author":[{"embeddable":true,"href":"https:\/\/avf.asso.fr\/bayeux\/wp-json\/wp\/v2\/users\/1"}],"replies":[{"embeddable":true,"href":"https:\/\/avf.asso.fr\/bayeux\/wp-json\/wp\/v2\/comments?post=229"}],"version-history":[{"count":10,"href":"https:\/\/avf.asso.fr\/bayeux\/wp-json\/wp\/v2\/pages\/229\/revisions"}],"predecessor-version":[{"id":2721,"href":"https:\/\/avf.asso.fr\/bayeux\/wp-json\/wp\/v2\/pages\/229\/revisions\/2721"}],"wp:featuredmedia":[{"embeddable":true,"href":"https:\/\/avf.asso.fr\/bayeux\/wp-json\/wp\/v2\/media\/1761"}],"wp:attachment":[{"href":"https:\/\/avf.asso.fr\/bayeux\/wp-json\/wp\/v2\/media?parent=229"}],"curies":[{"name":"wp","href":"https:\/\/api.w.org\/{rel}","templated":true}]}}