{"id":176,"date":"2022-12-15T16:00:11","date_gmt":"2022-12-15T15:00:11","guid":{"rendered":"https:\/\/avf.asso.fr\/bayeux\/?page_id=176"},"modified":"2023-10-21T16:33:23","modified_gmt":"2023-10-21T14:33:23","slug":"equipe","status":"publish","type":"page","link":"https:\/\/avf.asso.fr\/bayeux\/equipe\/","title":{"rendered":"Equipe"},"content":{"rendered":"<div class=\"boxLandmark \">\n<div id=\"box48246579\" class=\"box\" data-type=\"text\">\n<div>\n<div class=\"overflowHidden height100\">\n<p><span style=\"color: #3366ff;\"><strong>Organisation de<\/strong><span style=\"color: #339966;\"> <strong>l\u2019AVF de BAYEUX<\/strong><\/span><\/span><\/p>\n<p>&nbsp;<\/p>\n<p><span><strong>Conseil d&rsquo;administration<\/strong><\/span><\/p>\n<p><span><strong>Pr\u00e9sidente<\/strong>\u00a0: Nathalie JOUBAUD<\/span><\/p>\n<p><strong>Vice-pr\u00e9sidente<\/strong> : Marie-Annick ANNE<\/p>\n<p><span><strong>Secr\u00e9taires administratives<\/strong>: Brigitte RESTOUS-LEGE et Anne GIFFARD<br \/>\n<\/span><\/p>\n<p><span><strong>Tr\u00e9sorier<\/strong> : V\u00e9ronique LAMBERT<\/span><span><strong><\/strong><\/span><\/p>\n<p><span><strong>R\u00e9f\u00e9rente Mission AVF<\/strong>\u00a0: Jacqueline BOUCHON<\/span><\/p>\n<p><span><strong>R\u00e9f\u00e9rente Conf\u00e9rences <\/strong>:<strong> <\/strong>Colette<strong> <\/strong>DUBOIS-MALRIC<\/span><\/p>\n<p><span><strong>R\u00e9f\u00e9rente Ev\u00e8nementiel<\/strong>\u00a0: Lilane CHAGNON<\/span><\/p>\n<p><span><strong>R\u00e9f\u00e9rente des Accueillantes <\/strong>:\u00a0 Jocelyne LORIOT, Laurence MARTIN-GRENIER<\/span><\/p>\n<p><span><strong>R\u00e9f\u00e9rentes Communication interne<\/strong>\u00a0: Jocelyne BARBEY, Marie-Annick ANNE<\/span><\/p>\n<p>&nbsp;<\/p>\n<p><span style=\"color: #00ccff;\"><strong>Charg\u00e9s de mission<\/strong>\u00a0 (Coopt\u00e9s)\u00a0:<\/span><\/p>\n<p>&nbsp;<\/p>\n<p><span><strong>Webmestre<\/strong>\u00a0: Herv\u00e9 ANNE<\/span><\/p>\n<p><span><strong>Responsables publicit\u00e9:<\/strong> Dominique LAMARE, Jacqueline BOUCHON, Colette DUBOIS-MALRIC,<\/span><\/p>\n<p><span><strong>V\u00e9rificateur aux comptes<\/strong>:Marie-Rose GIMER<\/span><\/p>\n<\/div>\n<\/div>\n<\/div>\n<\/div>\n","protected":false},"excerpt":{"rendered":"<p>Organisation de l\u2019AVF de BAYEUX &nbsp; Conseil d&rsquo;administration Pr\u00e9sidente\u00a0: Nathalie JOUBAUD Vice-pr\u00e9sidente : Marie-Annick ANNE Secr\u00e9taires administratives: Brigitte RESTOUS-LEGE et Anne GIFFARD Tr\u00e9sorier : V\u00e9ronique LAMBERT R\u00e9f\u00e9rente Mission AVF\u00a0: Jacqueline BOUCHON R\u00e9f\u00e9rente Conf\u00e9rences : Colette DUBOIS-MALRIC R\u00e9f\u00e9rente Ev\u00e8nementiel\u00a0: Lilane CHAGNON R\u00e9f\u00e9rente des Accueillantes :\u00a0 Jocelyne LORIOT, Laurence MARTIN-GRENIER R\u00e9f\u00e9rentes Communication interne\u00a0: Jocelyne BARBEY, Marie-Annick ANNE [&hellip;]<\/p>\n","protected":false},"author":1,"featured_media":0,"parent":0,"menu_order":0,"comment_status":"closed","ping_status":"closed","template":"","meta":[],"acf":[],"_links":{"self":[{"href":"https:\/\/avf.asso.fr\/bayeux\/wp-json\/wp\/v2\/pages\/176"}],"collection":[{"href":"https:\/\/avf.asso.fr\/bayeux\/wp-json\/wp\/v2\/pages"}],"about":[{"href":"https:\/\/avf.asso.fr\/bayeux\/wp-json\/wp\/v2\/types\/page"}],"author":[{"embeddable":true,"href":"https:\/\/avf.asso.fr\/bayeux\/wp-json\/wp\/v2\/users\/1"}],"replies":[{"embeddable":true,"href":"https:\/\/avf.asso.fr\/bayeux\/wp-json\/wp\/v2\/comments?post=176"}],"version-history":[{"count":11,"href":"https:\/\/avf.asso.fr\/bayeux\/wp-json\/wp\/v2\/pages\/176\/revisions"}],"predecessor-version":[{"id":2845,"href":"https:\/\/avf.asso.fr\/bayeux\/wp-json\/wp\/v2\/pages\/176\/revisions\/2845"}],"wp:attachment":[{"href":"https:\/\/avf.asso.fr\/bayeux\/wp-json\/wp\/v2\/media?parent=176"}],"curies":[{"name":"wp","href":"https:\/\/api.w.org\/{rel}","templated":true}]}}