{"id":170,"date":"2019-09-22T22:30:10","date_gmt":"2019-09-22T20:30:10","guid":{"rendered":"https:\/\/avf.asso.fr\/aubiere\/?page_id=170"},"modified":"2019-09-22T23:23:24","modified_gmt":"2019-09-22T21:23:24","slug":"qui-sommes-nous","status":"publish","type":"page","link":"https:\/\/avf.asso.fr\/aubiere\/qui-sommes-nous\/","title":{"rendered":"Pr\u00e9sentation"},"content":{"rendered":"<h2>L&rsquo;histoire d&rsquo; Aubi\u00e8re<\/h2>\n<div><\/div>\n<div>Dans les <strong>ann\u00e9es 1960<\/strong>, on <em>assiste<\/em> au d\u00e9veloppement de la d\u00e9centralisation dans notre pays qui va entrainer une plus grande mobilit\u00e9 des familles. Celle-ci va conduire \u00e0 cr\u00e9er des structures d\u2019accueil d\u2019aide \u00e0 la mobilit\u00e9 dans de nombreuses villes.\u00a0C\u2019est dans ce but que\u00a0 AVF Aubi\u00e8re a \u00e9t\u00e9 cr\u00e9\u00e9e.<\/div>\n<div>Depuis la cr\u00e9ation de notre association, adh\u00e9rente du r\u00e9seau Union National des Accueils des Villes Fran\u00e7aises (UNAVF), X Pr\u00e9sidentes se sont succ\u00e9d\u00e9es.<\/div>\n<div><\/div>\n<div><\/div>\n<div><\/div>\n<div><\/div>\n<div>\n<p>&nbsp;<\/p>\n<h2><\/h2>\n<\/div>\n","protected":false},"excerpt":{"rendered":"<p>L&rsquo;histoire d&rsquo; Aubi\u00e8re Dans les ann\u00e9es 1960, on assiste au d\u00e9veloppement de la d\u00e9centralisation dans notre pays qui va entrainer une plus grande mobilit\u00e9 des familles. Celle-ci va conduire \u00e0 cr\u00e9er des structures d\u2019accueil d\u2019aide \u00e0 la mobilit\u00e9 dans de nombreuses villes.\u00a0C\u2019est dans ce but que\u00a0 AVF Aubi\u00e8re a \u00e9t\u00e9 cr\u00e9\u00e9e. Depuis la cr\u00e9ation de [&hellip;]<\/p>\n","protected":false},"author":670,"featured_media":844,"parent":0,"menu_order":0,"comment_status":"closed","ping_status":"closed","template":"","meta":[],"acf":[],"_links":{"self":[{"href":"https:\/\/avf.asso.fr\/aubiere\/wp-json\/wp\/v2\/pages\/170"}],"collection":[{"href":"https:\/\/avf.asso.fr\/aubiere\/wp-json\/wp\/v2\/pages"}],"about":[{"href":"https:\/\/avf.asso.fr\/aubiere\/wp-json\/wp\/v2\/types\/page"}],"author":[{"embeddable":true,"href":"https:\/\/avf.asso.fr\/aubiere\/wp-json\/wp\/v2\/users\/670"}],"replies":[{"embeddable":true,"href":"https:\/\/avf.asso.fr\/aubiere\/wp-json\/wp\/v2\/comments?post=170"}],"version-history":[{"count":0,"href":"https:\/\/avf.asso.fr\/aubiere\/wp-json\/wp\/v2\/pages\/170\/revisions"}],"wp:featuredmedia":[{"embeddable":true,"href":"https:\/\/avf.asso.fr\/aubiere\/wp-json\/wp\/v2\/media\/844"}],"wp:attachment":[{"href":"https:\/\/avf.asso.fr\/aubiere\/wp-json\/wp\/v2\/media?parent=170"}],"curies":[{"name":"wp","href":"https:\/\/api.w.org\/{rel}","templated":true}]}}