{"id":8721,"date":"2024-03-07T23:31:18","date_gmt":"2024-03-07T22:31:18","guid":{"rendered":"https:\/\/avf.asso.fr\/antony\/?page_id=8721"},"modified":"2024-03-12T10:05:21","modified_gmt":"2024-03-12T09:05:21","slug":"promenades-ornithologiques","status":"publish","type":"page","link":"https:\/\/avf.asso.fr\/antony\/sorties\/promenades-ornithologiques\/","title":{"rendered":"Promenades Ornithologiques"},"content":{"rendered":"<p><span><strong>PROMENADES ORNITHOLOGIQUES<\/strong> <\/span>~ Philippe<br \/>\nCes sorties seront l\u2019occasion de s\u2019initier \u00e0 la reconnaissance des diff\u00e9rentes esp\u00e8ces pr\u00e9sentes en \u00cele de France et \u00e0 leurs chants.<\/p>\n<p>&nbsp;<\/p>\n<p>\u00ab\u00a0Passionn\u00e9 par le monde des oiseaux depuis l\u2019enfance, je propose deux sorties mensuelles dont le but est de vous faire partager, au fil des saisons, mon int\u00e9r\u00eat pour l\u2019ornithologie et pour la nature. Ces sorties seront l\u2019occasion de s\u2019initier \u00e0 la reconnaissance des diff\u00e9rentes esp\u00e8ces pr\u00e9sentes en \u00cele de France et \u00e0 leurs chants.\u201d<\/p>\n<p><strong>D\u00e9couverte et initiation au monde des oiseaux par Philippe.<\/strong><\/p>\n<p>&nbsp;<\/p>\n<h2><span style=\"color: #0000ff;\">1er Trimestre 2024<\/span><\/h2>\n<p><span><strong><a href=\"https:\/\/avf.asso.fr\/antony\/wp-content\/uploads\/sites\/380\/2023\/12\/Sorties-Ornithologiques-1T-2024.pdf\" target=\"_blank\" rel=\"noopener\"><em>D\u00e9tails et informations&#8230;\u00a0<\/em><\/a><\/strong><\/span><\/p>\n<p><strong>Calendrier des sorties:<br \/>\n<\/strong>Jeudi 25 janvier 2024 \u00e0 9h<br \/>\nVendredi 26 janvier 2024 \u00e0 9h<br \/>\nJeudi 22 f\u00e9vrier 2024 \u00e0 9h<br \/>\nVendredi 23 f\u00e9vrier 2024 \u00e0 9h<br \/>\nJeudi 28 mars 2024 \u00e0 9h<br \/>\nVendredi 29 mars 2024 \u00e0 9h<\/p>\n<p>&nbsp;<\/p>\n<h2><span style=\"color: #0000ff;\">2\u00e8me Trimestre 2024<\/span><\/h2>\n<p><span><strong><a href=\"https:\/\/avf.asso.fr\/antony\/wp-content\/uploads\/sites\/380\/2024\/03\/Sorties-Ornithologiques-2eme-trimestre-2024.pdf\" target=\"_blank\" rel=\"noopener\"><em>D\u00e9tails et informations&#8230;\u00a0<\/em><\/a><\/strong><\/span><\/p>\n<p><strong>Calendrier des sorties:<br \/>\n<\/strong>Jeudi 25 avril 2024 \u00e0 8h<br \/>\nVendredi 26 avril 2024 \u00e0 8h<br \/>\nJeudi 30 mai 2024 \u00e0 8h<br \/>\nVendredi 31 mai 2024 \u00e0 8h<br \/>\nJeudi 27 juin 2024 \u00e0 8h<br \/>\nVendredi 28 juin 2024 \u00e0 8h<br \/>\nJeudi 25 juillet 2024 \u00e0 8h<br \/>\nVendredi 26 juillet 2024 \u00e0 8h<\/p>\n<p><strong>Inscription obligatoire<\/strong><\/p>\n<p>&nbsp;<\/p>\n<p>Depuis le 8\/3\/2024<\/p>\n<p><a href=\"http:\/\/www.mon-compteur.fr\"><img decoding=\"async\" src=\"http:\/\/www.mon-compteur.fr\/html_c02genv2-77425-2\" border=\"0\" \/><\/a><\/p>\n<p style=\"text-align: right;\">_\/3\/2024<\/p>\n","protected":false},"excerpt":{"rendered":"<p>PROMENADES ORNITHOLOGIQUES ~ Philippe Ces sorties seront l\u2019occasion de s\u2019initier \u00e0 la reconnaissance des diff\u00e9rentes esp\u00e8ces pr\u00e9sentes en \u00cele de France et \u00e0 leurs chants. &nbsp; \u00ab\u00a0Passionn\u00e9 par le monde des oiseaux depuis l\u2019enfance, je propose deux sorties mensuelles dont le but est de vous faire partager, au fil des saisons, mon int\u00e9r\u00eat pour l\u2019ornithologie [&hellip;]<\/p>\n","protected":false},"author":51162,"featured_media":0,"parent":1150,"menu_order":0,"comment_status":"closed","ping_status":"closed","template":"","meta":[],"acf":[],"_links":{"self":[{"href":"https:\/\/avf.asso.fr\/antony\/wp-json\/wp\/v2\/pages\/8721"}],"collection":[{"href":"https:\/\/avf.asso.fr\/antony\/wp-json\/wp\/v2\/pages"}],"about":[{"href":"https:\/\/avf.asso.fr\/antony\/wp-json\/wp\/v2\/types\/page"}],"author":[{"embeddable":true,"href":"https:\/\/avf.asso.fr\/antony\/wp-json\/wp\/v2\/users\/51162"}],"replies":[{"embeddable":true,"href":"https:\/\/avf.asso.fr\/antony\/wp-json\/wp\/v2\/comments?post=8721"}],"version-history":[{"count":9,"href":"https:\/\/avf.asso.fr\/antony\/wp-json\/wp\/v2\/pages\/8721\/revisions"}],"predecessor-version":[{"id":8782,"href":"https:\/\/avf.asso.fr\/antony\/wp-json\/wp\/v2\/pages\/8721\/revisions\/8782"}],"up":[{"embeddable":true,"href":"https:\/\/avf.asso.fr\/antony\/wp-json\/wp\/v2\/pages\/1150"}],"wp:attachment":[{"href":"https:\/\/avf.asso.fr\/antony\/wp-json\/wp\/v2\/media?parent=8721"}],"curies":[{"name":"wp","href":"https:\/\/api.w.org\/{rel}","templated":true}]}}