{"id":8512,"date":"2024-01-09T19:22:11","date_gmt":"2024-01-09T18:22:11","guid":{"rendered":"https:\/\/avf.asso.fr\/antony\/?page_id=8512"},"modified":"2024-08-08T07:09:37","modified_gmt":"2024-08-08T05:09:37","slug":"photos-sorties-ornithologiques","status":"publish","type":"page","link":"https:\/\/avf.asso.fr\/antony\/photos\/photos-sorties-ornithologiques\/","title":{"rendered":"Photos sorties ornithologiques"},"content":{"rendered":"<p>Cette page a \u00e9t\u00e9 d\u00e9plac\u00e9e. Veuillez <a href=\"https:\/\/site.avfantony.com\/C4\/3Phlisor.php\">cliquer ic<\/a>i<\/p>\n<h3><\/h3>\n<p>&nbsp;<\/p>\n<p>&nbsp;<\/p>\n<p>&nbsp;<\/p>\n<p>&nbsp;<\/p>\n<p>&nbsp;<\/p>\n<p>&nbsp;<\/p>\n<p>&nbsp;<\/p>\n<p>&nbsp;<\/p>\n<h3><\/h3>\n<h3><\/h3>\n<h3><\/h3>\n<h3><\/h3>\n<h3><\/h3>\n<h3><\/h3>\n<h3><\/h3>\n<h3><\/h3>\n<h3><\/h3>\n<h3><a href=\"https:\/\/avf.asso.fr\/antony\/photos-oiseaux\/\">Quelques photos d\u2019oiseaux vus lors des sorties : cliquer ici<\/a><\/h3>\n<p>&nbsp;<\/p>\n<p><strong>Sortie du 21\/12\/2023 :<\/strong><\/p>\n<p>&nbsp;<\/p>\n<p><img decoding=\"async\" loading=\"lazy\" src=\"https:\/\/avf.asso.fr\/antony\/wp-content\/uploads\/sites\/380\/2024\/01\/20231221_AVF_sortie-Ornitho-300x161.jpg\" alt=\"\" width=\"487\" height=\"262\" class=\"alignnone wp-image-8513\" srcset=\"https:\/\/avf.asso.fr\/antony\/wp-content\/uploads\/sites\/380\/2024\/01\/20231221_AVF_sortie-Ornitho-300x161.jpg 300w, https:\/\/avf.asso.fr\/antony\/wp-content\/uploads\/sites\/380\/2024\/01\/20231221_AVF_sortie-Ornitho-1024x548.jpg 1024w, https:\/\/avf.asso.fr\/antony\/wp-content\/uploads\/sites\/380\/2024\/01\/20231221_AVF_sortie-Ornitho-768x411.jpg 768w, https:\/\/avf.asso.fr\/antony\/wp-content\/uploads\/sites\/380\/2024\/01\/20231221_AVF_sortie-Ornitho-1536x822.jpg 1536w, https:\/\/avf.asso.fr\/antony\/wp-content\/uploads\/sites\/380\/2024\/01\/20231221_AVF_sortie-Ornitho-2048x1096.jpg 2048w\" sizes=\"(max-width: 487px) 100vw, 487px\" \/><\/p>\n<p>&nbsp;<\/p>\n<p>&nbsp;<\/p>\n","protected":false},"excerpt":{"rendered":"<p>Cette page a \u00e9t\u00e9 d\u00e9plac\u00e9e. Veuillez cliquer ici &nbsp; &nbsp; &nbsp; &nbsp; &nbsp; &nbsp; &nbsp; &nbsp; Quelques photos d\u2019oiseaux vus lors des sorties : cliquer ici &nbsp; Sortie du 21\/12\/2023 : &nbsp; &nbsp; &nbsp;<\/p>\n","protected":false},"author":51162,"featured_media":0,"parent":1032,"menu_order":0,"comment_status":"closed","ping_status":"closed","template":"","meta":[],"acf":[],"_links":{"self":[{"href":"https:\/\/avf.asso.fr\/antony\/wp-json\/wp\/v2\/pages\/8512"}],"collection":[{"href":"https:\/\/avf.asso.fr\/antony\/wp-json\/wp\/v2\/pages"}],"about":[{"href":"https:\/\/avf.asso.fr\/antony\/wp-json\/wp\/v2\/types\/page"}],"author":[{"embeddable":true,"href":"https:\/\/avf.asso.fr\/antony\/wp-json\/wp\/v2\/users\/51162"}],"replies":[{"embeddable":true,"href":"https:\/\/avf.asso.fr\/antony\/wp-json\/wp\/v2\/comments?post=8512"}],"version-history":[{"count":6,"href":"https:\/\/avf.asso.fr\/antony\/wp-json\/wp\/v2\/pages\/8512\/revisions"}],"predecessor-version":[{"id":8928,"href":"https:\/\/avf.asso.fr\/antony\/wp-json\/wp\/v2\/pages\/8512\/revisions\/8928"}],"up":[{"embeddable":true,"href":"https:\/\/avf.asso.fr\/antony\/wp-json\/wp\/v2\/pages\/1032"}],"wp:attachment":[{"href":"https:\/\/avf.asso.fr\/antony\/wp-json\/wp\/v2\/media?parent=8512"}],"curies":[{"name":"wp","href":"https:\/\/api.w.org\/{rel}","templated":true}]}}