{"id":8424,"date":"2023-12-18T08:43:21","date_gmt":"2023-12-18T07:43:21","guid":{"rendered":"https:\/\/avf.asso.fr\/antony\/?page_id=8424"},"modified":"2023-12-18T09:02:42","modified_gmt":"2023-12-18T08:02:42","slug":"photos-soiree-benevoles-du-12-12-2023","status":"publish","type":"page","link":"https:\/\/avf.asso.fr\/antony\/photos\/photos-soiree-benevoles-du-12-12-2023\/","title":{"rendered":"Photos de la soir\u00e9e b\u00e9n\u00e9voles du 12\/12\/2023"},"content":{"rendered":"<p>&nbsp;<\/p>\n<table style=\"width: 90%; border-collapse: collapse;\" border=\"0\" class=\" aligncenter\" cellpadding=\"100\">\n<tbody>\n<tr>\n<td style=\"width: 50%;\"><img decoding=\"async\" loading=\"lazy\" src=\"https:\/\/avf.asso.fr\/antony\/wp-content\/uploads\/sites\/380\/2023\/12\/20231212_172456-300x225.jpg\" alt=\"\" width=\"300\" height=\"225\" class=\"size-medium wp-image-8425 aligncenter\" srcset=\"https:\/\/avf.asso.fr\/antony\/wp-content\/uploads\/sites\/380\/2023\/12\/20231212_172456-300x225.jpg 300w, https:\/\/avf.asso.fr\/antony\/wp-content\/uploads\/sites\/380\/2023\/12\/20231212_172456-1024x768.jpg 1024w, https:\/\/avf.asso.fr\/antony\/wp-content\/uploads\/sites\/380\/2023\/12\/20231212_172456-768x576.jpg 768w, https:\/\/avf.asso.fr\/antony\/wp-content\/uploads\/sites\/380\/2023\/12\/20231212_172456-1536x1152.jpg 1536w, https:\/\/avf.asso.fr\/antony\/wp-content\/uploads\/sites\/380\/2023\/12\/20231212_172456-2048x1536.jpg 2048w\" sizes=\"(max-width: 300px) 100vw, 300px\" \/><\/td>\n<td style=\"width: 50%;\"><img decoding=\"async\" loading=\"lazy\" src=\"https:\/\/avf.asso.fr\/antony\/wp-content\/uploads\/sites\/380\/2023\/12\/20231212_173140-300x225.jpg\" alt=\"\" width=\"300\" height=\"225\" class=\"size-medium wp-image-8426 aligncenter\" srcset=\"https:\/\/avf.asso.fr\/antony\/wp-content\/uploads\/sites\/380\/2023\/12\/20231212_173140-300x225.jpg 300w, https:\/\/avf.asso.fr\/antony\/wp-content\/uploads\/sites\/380\/2023\/12\/20231212_173140-1024x768.jpg 1024w, https:\/\/avf.asso.fr\/antony\/wp-content\/uploads\/sites\/380\/2023\/12\/20231212_173140-768x576.jpg 768w, https:\/\/avf.asso.fr\/antony\/wp-content\/uploads\/sites\/380\/2023\/12\/20231212_173140-1536x1152.jpg 1536w, https:\/\/avf.asso.fr\/antony\/wp-content\/uploads\/sites\/380\/2023\/12\/20231212_173140-2048x1536.jpg 2048w\" sizes=\"(max-width: 300px) 100vw, 300px\" \/><\/td>\n<\/tr>\n<\/tbody>\n<\/table>\n<table style=\"width: 100%; border-collapse: collapse;\" border=\"0\" class=\" aligncenter\" cellspacing=\"20\" cellpadding=\"10\">\n<tbody>\n<tr>\n<td style=\"width: 33.3333%;\"><img decoding=\"async\" loading=\"lazy\" src=\"https:\/\/avf.asso.fr\/antony\/wp-content\/uploads\/sites\/380\/2023\/12\/20231212_173528-225x300.jpg\" alt=\"\" width=\"225\" height=\"300\" class=\"size-medium wp-image-8427 aligncenter\" srcset=\"https:\/\/avf.asso.fr\/antony\/wp-content\/uploads\/sites\/380\/2023\/12\/20231212_173528-225x300.jpg 225w, https:\/\/avf.asso.fr\/antony\/wp-content\/uploads\/sites\/380\/2023\/12\/20231212_173528-768x1024.jpg 768w, https:\/\/avf.asso.fr\/antony\/wp-content\/uploads\/sites\/380\/2023\/12\/20231212_173528-1152x1536.jpg 1152w, https:\/\/avf.asso.fr\/antony\/wp-content\/uploads\/sites\/380\/2023\/12\/20231212_173528-1536x2048.jpg 1536w, https:\/\/avf.asso.fr\/antony\/wp-content\/uploads\/sites\/380\/2023\/12\/20231212_173528-scaled.jpg 1920w\" sizes=\"(max-width: 225px) 100vw, 225px\" \/><\/td>\n<td style=\"width: 33.3333%;\"><img decoding=\"async\" loading=\"lazy\" src=\"https:\/\/avf.asso.fr\/antony\/wp-content\/uploads\/sites\/380\/2023\/12\/20231212_173745-225x300.jpg\" alt=\"\" width=\"225\" height=\"300\" class=\"alignnone size-medium wp-image-8428\" srcset=\"https:\/\/avf.asso.fr\/antony\/wp-content\/uploads\/sites\/380\/2023\/12\/20231212_173745-225x300.jpg 225w, https:\/\/avf.asso.fr\/antony\/wp-content\/uploads\/sites\/380\/2023\/12\/20231212_173745-768x1024.jpg 768w, https:\/\/avf.asso.fr\/antony\/wp-content\/uploads\/sites\/380\/2023\/12\/20231212_173745-1152x1536.jpg 1152w, https:\/\/avf.asso.fr\/antony\/wp-content\/uploads\/sites\/380\/2023\/12\/20231212_173745-1536x2048.jpg 1536w, https:\/\/avf.asso.fr\/antony\/wp-content\/uploads\/sites\/380\/2023\/12\/20231212_173745-scaled.jpg 1920w\" sizes=\"(max-width: 225px) 100vw, 225px\" \/><\/td>\n<td style=\"width: 33.3333%;\"><img decoding=\"async\" loading=\"lazy\" src=\"https:\/\/avf.asso.fr\/antony\/wp-content\/uploads\/sites\/380\/2023\/12\/20231212_173800-225x300.jpg\" alt=\"\" width=\"225\" height=\"300\" class=\"size-medium wp-image-8430 alignnone aligncenter\" srcset=\"https:\/\/avf.asso.fr\/antony\/wp-content\/uploads\/sites\/380\/2023\/12\/20231212_173800-225x300.jpg 225w, https:\/\/avf.asso.fr\/antony\/wp-content\/uploads\/sites\/380\/2023\/12\/20231212_173800-768x1024.jpg 768w, https:\/\/avf.asso.fr\/antony\/wp-content\/uploads\/sites\/380\/2023\/12\/20231212_173800-1152x1536.jpg 1152w, https:\/\/avf.asso.fr\/antony\/wp-content\/uploads\/sites\/380\/2023\/12\/20231212_173800-1536x2048.jpg 1536w, https:\/\/avf.asso.fr\/antony\/wp-content\/uploads\/sites\/380\/2023\/12\/20231212_173800-scaled.jpg 1920w\" sizes=\"(max-width: 225px) 100vw, 225px\" \/><\/td>\n<\/tr>\n<\/tbody>\n<\/table>\n<table style=\"width: 100%; border-collapse: collapse;\" border=\"0\" class=\"aligncenter\">\n<tbody>\n<tr>\n<td style=\"width: 33.3333%;\"><img decoding=\"async\" loading=\"lazy\" src=\"https:\/\/avf.asso.fr\/antony\/wp-content\/uploads\/sites\/380\/2023\/12\/20231212_175813-225x300.jpg\" alt=\"\" width=\"225\" height=\"300\" class=\"size-medium wp-image-8431 aligncenter\" srcset=\"https:\/\/avf.asso.fr\/antony\/wp-content\/uploads\/sites\/380\/2023\/12\/20231212_175813-225x300.jpg 225w, https:\/\/avf.asso.fr\/antony\/wp-content\/uploads\/sites\/380\/2023\/12\/20231212_175813-768x1024.jpg 768w, https:\/\/avf.asso.fr\/antony\/wp-content\/uploads\/sites\/380\/2023\/12\/20231212_175813-1152x1536.jpg 1152w, https:\/\/avf.asso.fr\/antony\/wp-content\/uploads\/sites\/380\/2023\/12\/20231212_175813-1536x2048.jpg 1536w, https:\/\/avf.asso.fr\/antony\/wp-content\/uploads\/sites\/380\/2023\/12\/20231212_175813-scaled.jpg 1920w\" sizes=\"(max-width: 225px) 100vw, 225px\" \/><\/td>\n<td style=\"width: 33.3333%;\"><img decoding=\"async\" loading=\"lazy\" src=\"https:\/\/avf.asso.fr\/antony\/wp-content\/uploads\/sites\/380\/2023\/12\/20231212_170834-225x300.jpg\" alt=\"\" width=\"225\" height=\"300\" class=\"size-medium wp-image-8442 aligncenter\" srcset=\"https:\/\/avf.asso.fr\/antony\/wp-content\/uploads\/sites\/380\/2023\/12\/20231212_170834-225x300.jpg 225w, https:\/\/avf.asso.fr\/antony\/wp-content\/uploads\/sites\/380\/2023\/12\/20231212_170834-768x1024.jpg 768w, https:\/\/avf.asso.fr\/antony\/wp-content\/uploads\/sites\/380\/2023\/12\/20231212_170834-1152x1536.jpg 1152w, https:\/\/avf.asso.fr\/antony\/wp-content\/uploads\/sites\/380\/2023\/12\/20231212_170834-1536x2048.jpg 1536w, https:\/\/avf.asso.fr\/antony\/wp-content\/uploads\/sites\/380\/2023\/12\/20231212_170834-scaled.jpg 1920w\" sizes=\"(max-width: 225px) 100vw, 225px\" \/><\/td>\n<td style=\"width: 33.3333%;\"><img decoding=\"async\" loading=\"lazy\" src=\"https:\/\/avf.asso.fr\/antony\/wp-content\/uploads\/sites\/380\/2023\/12\/20231212_170821-225x300.jpg\" alt=\"\" width=\"225\" height=\"300\" class=\"size-medium wp-image-8441 aligncenter\" srcset=\"https:\/\/avf.asso.fr\/antony\/wp-content\/uploads\/sites\/380\/2023\/12\/20231212_170821-225x300.jpg 225w, https:\/\/avf.asso.fr\/antony\/wp-content\/uploads\/sites\/380\/2023\/12\/20231212_170821-768x1024.jpg 768w, https:\/\/avf.asso.fr\/antony\/wp-content\/uploads\/sites\/380\/2023\/12\/20231212_170821-1152x1536.jpg 1152w, https:\/\/avf.asso.fr\/antony\/wp-content\/uploads\/sites\/380\/2023\/12\/20231212_170821-1536x2048.jpg 1536w, https:\/\/avf.asso.fr\/antony\/wp-content\/uploads\/sites\/380\/2023\/12\/20231212_170821-scaled.jpg 1920w\" sizes=\"(max-width: 225px) 100vw, 225px\" \/><\/td>\n<\/tr>\n<\/tbody>\n<\/table>\n<table style=\"width: 100%; border-collapse: collapse;\" border=\"0\" class=\" aligncenter\">\n<tbody>\n<tr>\n<td style=\"width: 50%;\"><img decoding=\"async\" loading=\"lazy\" src=\"https:\/\/avf.asso.fr\/antony\/wp-content\/uploads\/sites\/380\/2023\/12\/20231212_181515-300x225.jpg\" alt=\"\" width=\"300\" height=\"225\" class=\"size-medium wp-image-8436 aligncenter\" srcset=\"https:\/\/avf.asso.fr\/antony\/wp-content\/uploads\/sites\/380\/2023\/12\/20231212_181515-300x225.jpg 300w, https:\/\/avf.asso.fr\/antony\/wp-content\/uploads\/sites\/380\/2023\/12\/20231212_181515-1024x768.jpg 1024w, https:\/\/avf.asso.fr\/antony\/wp-content\/uploads\/sites\/380\/2023\/12\/20231212_181515-768x576.jpg 768w, https:\/\/avf.asso.fr\/antony\/wp-content\/uploads\/sites\/380\/2023\/12\/20231212_181515-1536x1152.jpg 1536w, https:\/\/avf.asso.fr\/antony\/wp-content\/uploads\/sites\/380\/2023\/12\/20231212_181515-2048x1536.jpg 2048w\" sizes=\"(max-width: 300px) 100vw, 300px\" \/><\/td>\n<td style=\"width: 50%;\"><img decoding=\"async\" loading=\"lazy\" src=\"https:\/\/avf.asso.fr\/antony\/wp-content\/uploads\/sites\/380\/2023\/12\/20231212_181033-300x225.jpg\" alt=\"\" width=\"300\" height=\"225\" class=\"size-medium wp-image-8434 aligncenter\" srcset=\"https:\/\/avf.asso.fr\/antony\/wp-content\/uploads\/sites\/380\/2023\/12\/20231212_181033-300x225.jpg 300w, https:\/\/avf.asso.fr\/antony\/wp-content\/uploads\/sites\/380\/2023\/12\/20231212_181033-1024x768.jpg 1024w, https:\/\/avf.asso.fr\/antony\/wp-content\/uploads\/sites\/380\/2023\/12\/20231212_181033-768x576.jpg 768w, https:\/\/avf.asso.fr\/antony\/wp-content\/uploads\/sites\/380\/2023\/12\/20231212_181033-1536x1152.jpg 1536w, https:\/\/avf.asso.fr\/antony\/wp-content\/uploads\/sites\/380\/2023\/12\/20231212_181033-2048x1536.jpg 2048w\" sizes=\"(max-width: 300px) 100vw, 300px\" \/><\/td>\n<\/tr>\n<\/tbody>\n<\/table>\n<table style=\"width: 100%; border-collapse: collapse;\" border=\"0\" class=\" aligncenter\">\n<tbody>\n<tr>\n<td style=\"width: 50%; text-align: center;\"><img decoding=\"async\" loading=\"lazy\" src=\"https:\/\/avf.asso.fr\/antony\/wp-content\/uploads\/sites\/380\/2023\/12\/20231212_165852-225x300.jpg\" alt=\"\" width=\"225\" height=\"300\" class=\"size-medium wp-image-8440 aligncenter\" srcset=\"https:\/\/avf.asso.fr\/antony\/wp-content\/uploads\/sites\/380\/2023\/12\/20231212_165852-225x300.jpg 225w, https:\/\/avf.asso.fr\/antony\/wp-content\/uploads\/sites\/380\/2023\/12\/20231212_165852-768x1024.jpg 768w, https:\/\/avf.asso.fr\/antony\/wp-content\/uploads\/sites\/380\/2023\/12\/20231212_165852-1152x1536.jpg 1152w, https:\/\/avf.asso.fr\/antony\/wp-content\/uploads\/sites\/380\/2023\/12\/20231212_165852-1536x2048.jpg 1536w, https:\/\/avf.asso.fr\/antony\/wp-content\/uploads\/sites\/380\/2023\/12\/20231212_165852-scaled.jpg 1920w\" sizes=\"(max-width: 225px) 100vw, 225px\" \/><\/td>\n<td style=\"width: 50%; text-align: center;\"><img decoding=\"async\" loading=\"lazy\" src=\"https:\/\/avf.asso.fr\/antony\/wp-content\/uploads\/sites\/380\/2023\/12\/20231212_170647-225x300.jpg\" alt=\"\" width=\"225\" height=\"300\" class=\"size-medium wp-image-8449 aligncenter\" srcset=\"https:\/\/avf.asso.fr\/antony\/wp-content\/uploads\/sites\/380\/2023\/12\/20231212_170647-225x300.jpg 225w, https:\/\/avf.asso.fr\/antony\/wp-content\/uploads\/sites\/380\/2023\/12\/20231212_170647-768x1024.jpg 768w, https:\/\/avf.asso.fr\/antony\/wp-content\/uploads\/sites\/380\/2023\/12\/20231212_170647-1152x1536.jpg 1152w, https:\/\/avf.asso.fr\/antony\/wp-content\/uploads\/sites\/380\/2023\/12\/20231212_170647-1536x2048.jpg 1536w, https:\/\/avf.asso.fr\/antony\/wp-content\/uploads\/sites\/380\/2023\/12\/20231212_170647-scaled.jpg 1920w\" sizes=\"(max-width: 225px) 100vw, 225px\" \/><\/td>\n<\/tr>\n<\/tbody>\n<\/table>\n<table style=\"width: 100%; border-collapse: collapse;\" border=\"0\" class=\"aligncenter\">\n<tbody>\n<tr>\n<td style=\"width: 25.9626%;\"><img decoding=\"async\" loading=\"lazy\" src=\"https:\/\/avf.asso.fr\/antony\/wp-content\/uploads\/sites\/380\/2023\/12\/20231212_171229-300x225.jpg\" alt=\"\" width=\"300\" height=\"225\" class=\"size-medium wp-image-8445 aligncenter\" srcset=\"https:\/\/avf.asso.fr\/antony\/wp-content\/uploads\/sites\/380\/2023\/12\/20231212_171229-300x225.jpg 300w, https:\/\/avf.asso.fr\/antony\/wp-content\/uploads\/sites\/380\/2023\/12\/20231212_171229-1024x768.jpg 1024w, https:\/\/avf.asso.fr\/antony\/wp-content\/uploads\/sites\/380\/2023\/12\/20231212_171229-768x576.jpg 768w, https:\/\/avf.asso.fr\/antony\/wp-content\/uploads\/sites\/380\/2023\/12\/20231212_171229-1536x1152.jpg 1536w, https:\/\/avf.asso.fr\/antony\/wp-content\/uploads\/sites\/380\/2023\/12\/20231212_171229-2048x1536.jpg 2048w\" sizes=\"(max-width: 300px) 100vw, 300px\" \/><\/td>\n<td style=\"width: 25.704%;\"><img decoding=\"async\" loading=\"lazy\" src=\"https:\/\/avf.asso.fr\/antony\/wp-content\/uploads\/sites\/380\/2023\/12\/20231212_171229-300x225.jpg\" alt=\"\" width=\"300\" height=\"225\" class=\"size-medium wp-image-8445 aligncenter\" srcset=\"https:\/\/avf.asso.fr\/antony\/wp-content\/uploads\/sites\/380\/2023\/12\/20231212_171229-300x225.jpg 300w, https:\/\/avf.asso.fr\/antony\/wp-content\/uploads\/sites\/380\/2023\/12\/20231212_171229-1024x768.jpg 1024w, https:\/\/avf.asso.fr\/antony\/wp-content\/uploads\/sites\/380\/2023\/12\/20231212_171229-768x576.jpg 768w, https:\/\/avf.asso.fr\/antony\/wp-content\/uploads\/sites\/380\/2023\/12\/20231212_171229-1536x1152.jpg 1536w, https:\/\/avf.asso.fr\/antony\/wp-content\/uploads\/sites\/380\/2023\/12\/20231212_171229-2048x1536.jpg 2048w\" sizes=\"(max-width: 300px) 100vw, 300px\" \/><\/td>\n<td style=\"width: 25.3333%;\"><img decoding=\"async\" loading=\"lazy\" src=\"https:\/\/avf.asso.fr\/antony\/wp-content\/uploads\/sites\/380\/2023\/12\/20231212_171235-300x225.jpg\" alt=\"\" width=\"300\" height=\"225\" class=\"size-medium wp-image-8446 aligncenter\" srcset=\"https:\/\/avf.asso.fr\/antony\/wp-content\/uploads\/sites\/380\/2023\/12\/20231212_171235-300x225.jpg 300w, https:\/\/avf.asso.fr\/antony\/wp-content\/uploads\/sites\/380\/2023\/12\/20231212_171235-1024x768.jpg 1024w, https:\/\/avf.asso.fr\/antony\/wp-content\/uploads\/sites\/380\/2023\/12\/20231212_171235-768x576.jpg 768w, https:\/\/avf.asso.fr\/antony\/wp-content\/uploads\/sites\/380\/2023\/12\/20231212_171235-1536x1152.jpg 1536w, https:\/\/avf.asso.fr\/antony\/wp-content\/uploads\/sites\/380\/2023\/12\/20231212_171235-2048x1536.jpg 2048w\" sizes=\"(max-width: 300px) 100vw, 300px\" \/><\/td>\n<\/tr>\n<\/tbody>\n<\/table>\n<table style=\"width: 100%; border-collapse: collapse;\" border=\"0\" class=\"aligncenter\">\n<tbody>\n<tr>\n<td style=\"width: 50%;\"><img decoding=\"async\" loading=\"lazy\" src=\"https:\/\/avf.asso.fr\/antony\/wp-content\/uploads\/sites\/380\/2023\/12\/20231212_171223-300x225.jpg\" alt=\"\" width=\"300\" height=\"225\" class=\"size-medium wp-image-8444 aligncenter\" srcset=\"https:\/\/avf.asso.fr\/antony\/wp-content\/uploads\/sites\/380\/2023\/12\/20231212_171223-300x225.jpg 300w, https:\/\/avf.asso.fr\/antony\/wp-content\/uploads\/sites\/380\/2023\/12\/20231212_171223-1024x768.jpg 1024w, https:\/\/avf.asso.fr\/antony\/wp-content\/uploads\/sites\/380\/2023\/12\/20231212_171223-768x576.jpg 768w, https:\/\/avf.asso.fr\/antony\/wp-content\/uploads\/sites\/380\/2023\/12\/20231212_171223-1536x1152.jpg 1536w, https:\/\/avf.asso.fr\/antony\/wp-content\/uploads\/sites\/380\/2023\/12\/20231212_171223-2048x1536.jpg 2048w\" sizes=\"(max-width: 300px) 100vw, 300px\" \/><\/td>\n<td style=\"width: 50%;\"><img decoding=\"async\" loading=\"lazy\" src=\"https:\/\/avf.asso.fr\/antony\/wp-content\/uploads\/sites\/380\/2023\/12\/20231212_171218-300x225.jpg\" alt=\"\" width=\"300\" height=\"225\" class=\"size-medium wp-image-8443 aligncenter\" srcset=\"https:\/\/avf.asso.fr\/antony\/wp-content\/uploads\/sites\/380\/2023\/12\/20231212_171218-300x225.jpg 300w, https:\/\/avf.asso.fr\/antony\/wp-content\/uploads\/sites\/380\/2023\/12\/20231212_171218-1024x768.jpg 1024w, https:\/\/avf.asso.fr\/antony\/wp-content\/uploads\/sites\/380\/2023\/12\/20231212_171218-768x576.jpg 768w, https:\/\/avf.asso.fr\/antony\/wp-content\/uploads\/sites\/380\/2023\/12\/20231212_171218-1536x1152.jpg 1536w, https:\/\/avf.asso.fr\/antony\/wp-content\/uploads\/sites\/380\/2023\/12\/20231212_171218-2048x1536.jpg 2048w\" sizes=\"(max-width: 300px) 100vw, 300px\" \/><\/td>\n<\/tr>\n<\/tbody>\n<\/table>\n<table style=\"width: 100%; border-collapse: collapse;\" border=\"0\" cellspacing=\"200\" class=\"aligncenter\">\n<tbody>\n<tr>\n<td style=\"width: 33.3333%;\"><img decoding=\"async\" loading=\"lazy\" src=\"https:\/\/avf.asso.fr\/antony\/wp-content\/uploads\/sites\/380\/2023\/12\/20231212_170636-225x300.jpg\" alt=\"\" width=\"225\" height=\"300\" class=\"size-medium wp-image-8448 aligncenter\" srcset=\"https:\/\/avf.asso.fr\/antony\/wp-content\/uploads\/sites\/380\/2023\/12\/20231212_170636-225x300.jpg 225w, https:\/\/avf.asso.fr\/antony\/wp-content\/uploads\/sites\/380\/2023\/12\/20231212_170636-768x1024.jpg 768w, https:\/\/avf.asso.fr\/antony\/wp-content\/uploads\/sites\/380\/2023\/12\/20231212_170636-1152x1536.jpg 1152w, https:\/\/avf.asso.fr\/antony\/wp-content\/uploads\/sites\/380\/2023\/12\/20231212_170636-1536x2048.jpg 1536w, https:\/\/avf.asso.fr\/antony\/wp-content\/uploads\/sites\/380\/2023\/12\/20231212_170636-scaled.jpg 1920w\" sizes=\"(max-width: 225px) 100vw, 225px\" \/><\/td>\n<td style=\"width: 33.3333%;\"><img decoding=\"async\" loading=\"lazy\" src=\"https:\/\/avf.asso.fr\/antony\/wp-content\/uploads\/sites\/380\/2023\/12\/20231212_170545-225x300.jpg\" alt=\"\" width=\"225\" height=\"300\" class=\"size-medium wp-image-8447 aligncenter\" srcset=\"https:\/\/avf.asso.fr\/antony\/wp-content\/uploads\/sites\/380\/2023\/12\/20231212_170545-225x300.jpg 225w, https:\/\/avf.asso.fr\/antony\/wp-content\/uploads\/sites\/380\/2023\/12\/20231212_170545-768x1024.jpg 768w, https:\/\/avf.asso.fr\/antony\/wp-content\/uploads\/sites\/380\/2023\/12\/20231212_170545-1152x1536.jpg 1152w, https:\/\/avf.asso.fr\/antony\/wp-content\/uploads\/sites\/380\/2023\/12\/20231212_170545-1536x2048.jpg 1536w, https:\/\/avf.asso.fr\/antony\/wp-content\/uploads\/sites\/380\/2023\/12\/20231212_170545-scaled.jpg 1920w\" sizes=\"(max-width: 225px) 100vw, 225px\" \/><\/td>\n<td style=\"width: 33.3333%;\"><img decoding=\"async\" loading=\"lazy\" src=\"https:\/\/avf.asso.fr\/antony\/wp-content\/uploads\/sites\/380\/2023\/12\/20231212_170737-225x300.jpg\" alt=\"\" width=\"225\" height=\"300\" class=\"size-medium wp-image-8452 alignnone\" srcset=\"https:\/\/avf.asso.fr\/antony\/wp-content\/uploads\/sites\/380\/2023\/12\/20231212_170737-225x300.jpg 225w, https:\/\/avf.asso.fr\/antony\/wp-content\/uploads\/sites\/380\/2023\/12\/20231212_170737-768x1024.jpg 768w, https:\/\/avf.asso.fr\/antony\/wp-content\/uploads\/sites\/380\/2023\/12\/20231212_170737-1152x1536.jpg 1152w, https:\/\/avf.asso.fr\/antony\/wp-content\/uploads\/sites\/380\/2023\/12\/20231212_170737-1536x2048.jpg 1536w, https:\/\/avf.asso.fr\/antony\/wp-content\/uploads\/sites\/380\/2023\/12\/20231212_170737-scaled.jpg 1920w\" sizes=\"(max-width: 225px) 100vw, 225px\" \/><\/td>\n<\/tr>\n<tr>\n<td style=\"width: 33.3333%;\"><img decoding=\"async\" loading=\"lazy\" src=\"https:\/\/avf.asso.fr\/antony\/wp-content\/uploads\/sites\/380\/2023\/12\/20231212_170808-225x300.jpg\" alt=\"\" width=\"225\" height=\"300\" class=\"alignnone size-medium wp-image-8453\" srcset=\"https:\/\/avf.asso.fr\/antony\/wp-content\/uploads\/sites\/380\/2023\/12\/20231212_170808-225x300.jpg 225w, https:\/\/avf.asso.fr\/antony\/wp-content\/uploads\/sites\/380\/2023\/12\/20231212_170808-768x1024.jpg 768w, https:\/\/avf.asso.fr\/antony\/wp-content\/uploads\/sites\/380\/2023\/12\/20231212_170808-1152x1536.jpg 1152w, https:\/\/avf.asso.fr\/antony\/wp-content\/uploads\/sites\/380\/2023\/12\/20231212_170808-1536x2048.jpg 1536w, https:\/\/avf.asso.fr\/antony\/wp-content\/uploads\/sites\/380\/2023\/12\/20231212_170808-scaled.jpg 1920w\" sizes=\"(max-width: 225px) 100vw, 225px\" \/><\/td>\n<td style=\"width: 33.3333%;\"><img decoding=\"async\" loading=\"lazy\" src=\"https:\/\/avf.asso.fr\/antony\/wp-content\/uploads\/sites\/380\/2023\/12\/20231212_170821-1-225x300.jpg\" alt=\"\" width=\"225\" height=\"300\" class=\"size-medium wp-image-8454 aligncenter\" srcset=\"https:\/\/avf.asso.fr\/antony\/wp-content\/uploads\/sites\/380\/2023\/12\/20231212_170821-1-225x300.jpg 225w, https:\/\/avf.asso.fr\/antony\/wp-content\/uploads\/sites\/380\/2023\/12\/20231212_170821-1-768x1024.jpg 768w, https:\/\/avf.asso.fr\/antony\/wp-content\/uploads\/sites\/380\/2023\/12\/20231212_170821-1-1152x1536.jpg 1152w, https:\/\/avf.asso.fr\/antony\/wp-content\/uploads\/sites\/380\/2023\/12\/20231212_170821-1-1536x2048.jpg 1536w, https:\/\/avf.asso.fr\/antony\/wp-content\/uploads\/sites\/380\/2023\/12\/20231212_170821-1-scaled.jpg 1920w\" sizes=\"(max-width: 225px) 100vw, 225px\" \/><\/td>\n<td style=\"width: 33.3333%;\"><img decoding=\"async\" loading=\"lazy\" src=\"https:\/\/avf.asso.fr\/antony\/wp-content\/uploads\/sites\/380\/2023\/12\/20231212_170715-225x300.jpg\" alt=\"\" width=\"225\" height=\"300\" class=\"size-medium wp-image-8451 aligncenter\" srcset=\"https:\/\/avf.asso.fr\/antony\/wp-content\/uploads\/sites\/380\/2023\/12\/20231212_170715-225x300.jpg 225w, https:\/\/avf.asso.fr\/antony\/wp-content\/uploads\/sites\/380\/2023\/12\/20231212_170715-768x1024.jpg 768w, https:\/\/avf.asso.fr\/antony\/wp-content\/uploads\/sites\/380\/2023\/12\/20231212_170715-1152x1536.jpg 1152w, https:\/\/avf.asso.fr\/antony\/wp-content\/uploads\/sites\/380\/2023\/12\/20231212_170715-1536x2048.jpg 1536w, https:\/\/avf.asso.fr\/antony\/wp-content\/uploads\/sites\/380\/2023\/12\/20231212_170715-scaled.jpg 1920w\" sizes=\"(max-width: 225px) 100vw, 225px\" \/><\/td>\n<\/tr>\n<\/tbody>\n<\/table>\n<p>&nbsp;<\/p>\n","protected":false},"excerpt":{"rendered":"<p>&nbsp; &nbsp;<\/p>\n","protected":false},"author":51162,"featured_media":0,"parent":1032,"menu_order":0,"comment_status":"closed","ping_status":"closed","template":"","meta":[],"acf":[],"_links":{"self":[{"href":"https:\/\/avf.asso.fr\/antony\/wp-json\/wp\/v2\/pages\/8424"}],"collection":[{"href":"https:\/\/avf.asso.fr\/antony\/wp-json\/wp\/v2\/pages"}],"about":[{"href":"https:\/\/avf.asso.fr\/antony\/wp-json\/wp\/v2\/types\/page"}],"author":[{"embeddable":true,"href":"https:\/\/avf.asso.fr\/antony\/wp-json\/wp\/v2\/users\/51162"}],"replies":[{"embeddable":true,"href":"https:\/\/avf.asso.fr\/antony\/wp-json\/wp\/v2\/comments?post=8424"}],"version-history":[{"count":10,"href":"https:\/\/avf.asso.fr\/antony\/wp-json\/wp\/v2\/pages\/8424\/revisions"}],"predecessor-version":[{"id":8475,"href":"https:\/\/avf.asso.fr\/antony\/wp-json\/wp\/v2\/pages\/8424\/revisions\/8475"}],"up":[{"embeddable":true,"href":"https:\/\/avf.asso.fr\/antony\/wp-json\/wp\/v2\/pages\/1032"}],"wp:attachment":[{"href":"https:\/\/avf.asso.fr\/antony\/wp-json\/wp\/v2\/media?parent=8424"}],"curies":[{"name":"wp","href":"https:\/\/api.w.org\/{rel}","templated":true}]}}