{"id":8283,"date":"2023-11-13T22:34:35","date_gmt":"2023-11-13T21:34:35","guid":{"rendered":"https:\/\/avf.asso.fr\/antony\/?page_id=8283"},"modified":"2024-06-16T18:40:12","modified_gmt":"2024-06-16T16:40:12","slug":"patchwork-applique-broderie-boutis-sau","status":"publish","type":"page","link":"https:\/\/avf.asso.fr\/antony\/activites\/patchwork-applique-broderie-boutis-sau\/","title":{"rendered":"PATCHWORK, APPLIQU\u00c9, BRODERIE, BOUTIS SAU"},"content":{"rendered":"<p>&nbsp;<\/p>\n<h3><span style=\"color: #0000ff;\">\u00a0<\/span><\/h3>\n<a href=\"https:\/\/avf.asso.fr\/antony\/wp-content\/uploads\/sites\/380\/2023\/11\/Presentation-atelier-patchwork-AVF-v2023.pdf\" class=\"pdfemb-viewer\" style=\"\" data-width=\"max\" data-height=\"max\"  data-toolbar=\"bottom\" data-toolbar-fixed=\"off\">Pre\u0301sentation-atelier-patchwork-AVF-v2023<br\/><\/a>\n<p>&nbsp;<\/p>\n<p>Vous pouvez t\u00e9l\u00e9charger <strong><a href=\"https:\/\/avf.asso.fr\/antony\/wp-content\/uploads\/sites\/380\/2023\/11\/Presentation-atelier-patchwork-AVF-v2023.pdf\">la fiche<\/a><\/strong><\/p>\n<p>&nbsp;<\/p>\n<h4><strong><span style=\"color: #0000ff;\">Ci-joint l&rsquo;album photos 2019-2020<\/span><\/strong><\/h4>\n<a href=\"https:\/\/avf.asso.fr\/antony\/wp-content\/uploads\/sites\/380\/2023\/11\/Album-Patchwork-2019-2020-VG.pdf\" class=\"pdfemb-viewer\" style=\"\" data-width=\"max\" data-height=\"max\"  data-toolbar=\"bottom\" data-toolbar-fixed=\"off\">Album-Patchwork-2019-2020-VG<br\/><\/a>\n<p>&nbsp;<\/p>\n<p>Vous pouvez t\u00e9l\u00e9charger <strong><a href=\"https:\/\/avf.asso.fr\/antony\/wp-content\/uploads\/sites\/380\/2023\/11\/Album-Patchwork-2019-2020-VG.pdf\">l&rsquo;album<\/a><\/strong><\/p>\n<p>&nbsp;<\/p>\n<h4><span style=\"color: #0000ff;\">Ci-joint l&rsquo;album photos 2020-2021<\/span><\/h4>\n<a href=\"https:\/\/avf.asso.fr\/antony\/wp-content\/uploads\/sites\/380\/2023\/11\/Album-Patchwork-2020-2021-VG.pdf\" class=\"pdfemb-viewer\" style=\"\" data-width=\"max\" data-height=\"max\"  data-toolbar=\"bottom\" data-toolbar-fixed=\"off\">Album-Patchwork-2020-2021-VG<br\/><\/a>\n<p>&nbsp;<\/p>\n<p>Vous pouvez t\u00e9l\u00e9charger <a href=\"https:\/\/avf.asso.fr\/antony\/wp-content\/uploads\/sites\/380\/2023\/11\/Album-Patchwork-2020-2021-VG.pdf\"><strong>l&rsquo;album<\/strong><\/a><\/p>\n<p>&nbsp;<\/p>\n<h4><span style=\"color: #0000ff;\">Ci-joint l&rsquo;album photos 2021-2022<\/span><\/h4>\n<a href=\"https:\/\/avf.asso.fr\/antony\/wp-content\/uploads\/sites\/380\/2023\/11\/Album-Patchwork-2021-2022-VG.pdf\" class=\"pdfemb-viewer\" style=\"\" data-width=\"max\" data-height=\"max\"  data-toolbar=\"bottom\" data-toolbar-fixed=\"off\">Album-Patchwork-2021-2022-VG<br\/><\/a>\n<p>&nbsp;<\/p>\n<p>Vous pouvez t\u00e9l\u00e9charger <strong><a href=\"https:\/\/avf.asso.fr\/antony\/wp-content\/uploads\/sites\/380\/2023\/11\/Album-Patchwork-2021-2022-VG.pdf\">l&rsquo;album<\/a><\/strong><\/p>\n<p>&nbsp;<\/p>\n<h4><span style=\"color: #0000ff;\">Ci-joint l&rsquo;album photos 2022-2023<\/span><\/h4>\n<a href=\"https:\/\/avf.asso.fr\/antony\/wp-content\/uploads\/sites\/380\/2023\/11\/Album-Patchwork-2022-2023-VG.pdf\" class=\"pdfemb-viewer\" style=\"\" data-width=\"max\" data-height=\"max\"  data-toolbar=\"bottom\" data-toolbar-fixed=\"off\">Album-Patchwork-2022-2023-VG<br\/><\/a>\n<p>&nbsp;<\/p>\n<p>Vous pouvez t\u00e9l\u00e9charger <strong><a href=\"https:\/\/avf.asso.fr\/antony\/wp-content\/uploads\/sites\/380\/2023\/11\/Album-Patchwork-2022-2023-VG.pdf\">l&rsquo;album<\/a><\/strong><\/p>\n<p style=\"text-align: right;\">12\/11\/2023<\/p>\n","protected":false},"excerpt":{"rendered":"<p>&nbsp; \u00a0 &nbsp; Vous pouvez t\u00e9l\u00e9charger la fiche &nbsp; Ci-joint l&rsquo;album photos 2019-2020 &nbsp; Vous pouvez t\u00e9l\u00e9charger l&rsquo;album &nbsp; Ci-joint l&rsquo;album photos 2020-2021 &nbsp; Vous pouvez t\u00e9l\u00e9charger l&rsquo;album &nbsp; Ci-joint l&rsquo;album photos 2021-2022 &nbsp; Vous pouvez t\u00e9l\u00e9charger l&rsquo;album &nbsp; Ci-joint l&rsquo;album photos 2022-2023 &nbsp; Vous pouvez t\u00e9l\u00e9charger l&rsquo;album 12\/11\/2023<\/p>\n","protected":false},"author":51162,"featured_media":0,"parent":7968,"menu_order":0,"comment_status":"closed","ping_status":"closed","template":"","meta":[],"acf":[],"_links":{"self":[{"href":"https:\/\/avf.asso.fr\/antony\/wp-json\/wp\/v2\/pages\/8283"}],"collection":[{"href":"https:\/\/avf.asso.fr\/antony\/wp-json\/wp\/v2\/pages"}],"about":[{"href":"https:\/\/avf.asso.fr\/antony\/wp-json\/wp\/v2\/types\/page"}],"author":[{"embeddable":true,"href":"https:\/\/avf.asso.fr\/antony\/wp-json\/wp\/v2\/users\/51162"}],"replies":[{"embeddable":true,"href":"https:\/\/avf.asso.fr\/antony\/wp-json\/wp\/v2\/comments?post=8283"}],"version-history":[{"count":9,"href":"https:\/\/avf.asso.fr\/antony\/wp-json\/wp\/v2\/pages\/8283\/revisions"}],"predecessor-version":[{"id":8295,"href":"https:\/\/avf.asso.fr\/antony\/wp-json\/wp\/v2\/pages\/8283\/revisions\/8295"}],"up":[{"embeddable":true,"href":"https:\/\/avf.asso.fr\/antony\/wp-json\/wp\/v2\/pages\/7968"}],"wp:attachment":[{"href":"https:\/\/avf.asso.fr\/antony\/wp-json\/wp\/v2\/media?parent=8283"}],"curies":[{"name":"wp","href":"https:\/\/api.w.org\/{rel}","templated":true}]}}