{"id":7468,"date":"2023-05-06T16:28:06","date_gmt":"2023-05-06T14:28:06","guid":{"rendered":"https:\/\/avf.asso.fr\/antony\/?page_id=7468"},"modified":"2023-11-30T19:15:53","modified_gmt":"2023-11-30T18:15:53","slug":"photos-activites-artistiques","status":"publish","type":"page","link":"https:\/\/avf.asso.fr\/antony\/photos\/photos-activites-artistiques\/","title":{"rendered":"Photos Activit\u00e9s Artistiques"},"content":{"rendered":"<p>&nbsp;<\/p>\n<p>&nbsp;<\/p>\n<table class=\" cke_show_border\" style=\"width: 430px;\">\n<tbody>\n<tr style=\"height: 34px;\">\n<td style=\"width: 210px; height: 34px;\"><\/td>\n<td style=\"width: 538px; height: 34px;\">\n<h4><span>\u00a0<\/span><\/h4>\n<\/td>\n<\/tr>\n<tr style=\"height: 126px;\">\n<td style=\"width: 210px; height: 126px;\">\n<h5><em><img decoding=\"async\" loading=\"lazy\" src=\"https:\/\/avf.asso.fr\/antony\/wp-content\/uploads\/sites\/380\/2021\/06\/Aquarelle.png\" alt=\"\" class=\"alignnone wp-image-5318\" width=\"100\" height=\"85\" \/>\u00a0\u00a0\u00a0\u00a0\u00a0\u00a0<\/em><\/h5>\n<\/td>\n<td style=\"width: 538px; height: 126px;\">\n<h5><a href=\"https:\/\/avf.asso.fr\/antony\/photos\/photos-aquarelle\/\" rel=\"noopener\"><em>Aquarelle&#8230;<\/em><\/a><em><\/em><span><em><br \/>\n<\/em><\/span><\/h5>\n<\/td>\n<\/tr>\n<tr style=\"height: 166px;\">\n<td style=\"width: 210px; height: 166px;\">\n<h5><a href=\"https:\/\/photos.app.goo.gl\/UFgyX2iVdWEjyzh79\" rel=\"noopener\"><em><img decoding=\"async\" loading=\"lazy\" src=\"https:\/\/avf.asso.fr\/antony\/wp-content\/uploads\/sites\/380\/2021\/06\/PatchworkABB.png\" alt=\"\" class=\"alignnone wp-image-5321\" width=\"100\" height=\"80\" \/><\/em><\/a><\/h5>\n<\/td>\n<td style=\"width: 538px; height: 166px;\">\n<h5><a href=\"https:\/\/photos.app.goo.gl\/UFgyX2iVdWEjyzh79\" rel=\"noopener\"><em>Patchwork, appliqu\u00e9, broderie, boutis&#8230;<\/em><\/a><\/h5>\n<p><span><em><a href=\"https:\/\/avf.asso.fr\/antony\/wp-content\/uploads\/sites\/380\/2023\/09\/AVF-Patchwork-2021-2022.pdf\" target=\"_blank\" rel=\"noopener\">Exemples de r\u00e9alisation en 2021-2022<\/a><\/em><\/span><\/p>\n<p><em><a href=\"https:\/\/avf.asso.fr\/antony\/wp-content\/uploads\/sites\/380\/2023\/09\/AVF-Patchwork-2022-2023.pdf\" target=\"_blank\" rel=\"noopener\">Exemples de r\u00e9alisation en 2022-2023<\/a><\/em><\/td>\n<\/tr>\n<tr style=\"height: 127px;\">\n<td style=\"width: 210px; height: 127px;\">\n<h5><a href=\"https:\/\/photos.google.com\/share\/AF1QipNrJPVhCor4GwEDof-hBQJLVamck2ZaQ0RfdYlgKctZLy5iXR-TUNCyaroVn-bY-w?key=MThqWjIwN0NEenVDYkY4RGRxY1ozSnNSMjZjYkp3\" rel=\"noopener\"><em><img decoding=\"async\" loading=\"lazy\" src=\"https:\/\/avf.asso.fr\/antony\/wp-content\/uploads\/sites\/380\/2021\/06\/PeintureHA.png\" alt=\"\" class=\"alignnone wp-image-5322\" width=\"100\" height=\"86\" \/><\/em><\/a><\/h5>\n<\/td>\n<td style=\"width: 538px; height: 127px;\">\n<h5><a href=\"https:\/\/photos.google.com\/share\/AF1QipNrJPVhCor4GwEDof-hBQJLVamck2ZaQ0RfdYlgKctZLy5iXR-TUNCyaroVn-bY-w?key=MThqWjIwN0NEenVDYkY4RGRxY1ozSnNSMjZjYkp3\" rel=\"noopener\"><em>Peinture \u00e0 l&rsquo;huile (acrylique)&#8230;<\/em><\/a><\/h5>\n<\/td>\n<\/tr>\n<\/tbody>\n<\/table>\n<p>&nbsp;<\/p>\n","protected":false},"excerpt":{"rendered":"<p>&nbsp; &nbsp; \u00a0 \u00a0\u00a0\u00a0\u00a0\u00a0\u00a0 Aquarelle&#8230; Patchwork, appliqu\u00e9, broderie, boutis&#8230; Exemples de r\u00e9alisation en 2021-2022 Exemples de r\u00e9alisation en 2022-2023 Peinture \u00e0 l&rsquo;huile (acrylique)&#8230; &nbsp;<\/p>\n","protected":false},"author":51162,"featured_media":0,"parent":1032,"menu_order":0,"comment_status":"closed","ping_status":"closed","template":"","meta":[],"acf":[],"_links":{"self":[{"href":"https:\/\/avf.asso.fr\/antony\/wp-json\/wp\/v2\/pages\/7468"}],"collection":[{"href":"https:\/\/avf.asso.fr\/antony\/wp-json\/wp\/v2\/pages"}],"about":[{"href":"https:\/\/avf.asso.fr\/antony\/wp-json\/wp\/v2\/types\/page"}],"author":[{"embeddable":true,"href":"https:\/\/avf.asso.fr\/antony\/wp-json\/wp\/v2\/users\/51162"}],"replies":[{"embeddable":true,"href":"https:\/\/avf.asso.fr\/antony\/wp-json\/wp\/v2\/comments?post=7468"}],"version-history":[{"count":10,"href":"https:\/\/avf.asso.fr\/antony\/wp-json\/wp\/v2\/pages\/7468\/revisions"}],"predecessor-version":[{"id":8362,"href":"https:\/\/avf.asso.fr\/antony\/wp-json\/wp\/v2\/pages\/7468\/revisions\/8362"}],"up":[{"embeddable":true,"href":"https:\/\/avf.asso.fr\/antony\/wp-json\/wp\/v2\/pages\/1032"}],"wp:attachment":[{"href":"https:\/\/avf.asso.fr\/antony\/wp-json\/wp\/v2\/media?parent=7468"}],"curies":[{"name":"wp","href":"https:\/\/api.w.org\/{rel}","templated":true}]}}