{"id":6027,"date":"2021-12-16T14:49:13","date_gmt":"2021-12-16T13:49:13","guid":{"rendered":"https:\/\/avf.asso.fr\/antony\/?page_id=6027"},"modified":"2021-12-16T15:06:29","modified_gmt":"2021-12-16T14:06:29","slug":"photos-gymnastique-agee","status":"publish","type":"page","link":"https:\/\/avf.asso.fr\/antony\/photos\/photos-gymnastique-agee\/","title":{"rendered":"Photos Gymnastique AGEE"},"content":{"rendered":"<h4><span style=\"text-align: right; color: #008000;\">2021-2022<\/span><\/h4>\n<p><span style=\"color: #800080;\">\u00a0\u00bb Classe s\u00e9rieuse et avec ambiance\u00a0&#x1f64c;.<\/span><br \/>\n<span style=\"color: #800080;\">Bonnes f\u00eates de fin d&rsquo;ann\u00e9e 2021 \u00e0 tous&#x1f384;&#x1f389;&#x1f381;\u00a0\u00ab\u00a0<\/span><br \/>\n<em>L&rsquo;Animatrice<\/em><\/p>\n<ul>\n<li><a href=\"https:\/\/photos.app.goo.gl\/afesHsAx8vMvr4fT6\" target=\"_blank\" rel=\"noopener noreferrer\">S\u00e9ance<\/a> 20\/10<\/li>\n<\/ul>\n<p>&nbsp;<\/p>\n<h4><\/h4>\n<p>&nbsp;<\/p>\n<p style=\"text-align: right;\"><em>16\/12\/2021<\/em><\/p>\n","protected":false},"excerpt":{"rendered":"<p>2021-2022 \u00a0\u00bb Classe s\u00e9rieuse et avec ambiance\u00a0&#x1f64c;. Bonnes f\u00eates de fin d&rsquo;ann\u00e9e 2021 \u00e0 tous&#x1f384;&#x1f389;&#x1f381;\u00a0\u00ab\u00a0 L&rsquo;Animatrice S\u00e9ance 20\/10 &nbsp; &nbsp; 16\/12\/2021<\/p>\n","protected":false},"author":1379,"featured_media":0,"parent":1032,"menu_order":0,"comment_status":"closed","ping_status":"closed","template":"","meta":[],"acf":[],"_links":{"self":[{"href":"https:\/\/avf.asso.fr\/antony\/wp-json\/wp\/v2\/pages\/6027"}],"collection":[{"href":"https:\/\/avf.asso.fr\/antony\/wp-json\/wp\/v2\/pages"}],"about":[{"href":"https:\/\/avf.asso.fr\/antony\/wp-json\/wp\/v2\/types\/page"}],"author":[{"embeddable":true,"href":"https:\/\/avf.asso.fr\/antony\/wp-json\/wp\/v2\/users\/1379"}],"replies":[{"embeddable":true,"href":"https:\/\/avf.asso.fr\/antony\/wp-json\/wp\/v2\/comments?post=6027"}],"version-history":[{"count":3,"href":"https:\/\/avf.asso.fr\/antony\/wp-json\/wp\/v2\/pages\/6027\/revisions"}],"predecessor-version":[{"id":6029,"href":"https:\/\/avf.asso.fr\/antony\/wp-json\/wp\/v2\/pages\/6027\/revisions\/6029"}],"up":[{"embeddable":true,"href":"https:\/\/avf.asso.fr\/antony\/wp-json\/wp\/v2\/pages\/1032"}],"wp:attachment":[{"href":"https:\/\/avf.asso.fr\/antony\/wp-json\/wp\/v2\/media?parent=6027"}],"curies":[{"name":"wp","href":"https:\/\/api.w.org\/{rel}","templated":true}]}}