{"id":5997,"date":"2021-12-08T17:04:46","date_gmt":"2021-12-08T16:04:46","guid":{"rendered":"https:\/\/avf.asso.fr\/antony\/?page_id=5997"},"modified":"2023-04-27T10:42:38","modified_gmt":"2023-04-27T08:42:38","slug":"photos-promenades-conviviales","status":"publish","type":"page","link":"https:\/\/avf.asso.fr\/antony\/photos\/photos-promenades-conviviales\/","title":{"rendered":"Photos Promenades Conviviales"},"content":{"rendered":"<p style=\"text-align: left;\">(Les Balades Parisiennes ont remplac\u00e9 les promenades conviviales<br \/>\ndepuis le 1er avril 2023. Vous pouvez trouver <a href=\"https:\/\/avf.asso.fr\/antony\/photos\/photos-balades-parisiennes\/\">les photos des balades parisiennes ic<\/a>i)<\/p>\n<p>&nbsp;<\/p>\n<h4><span style=\"color: #008000;\">2022-2023<\/span><\/h4>\n<ul>\n<li><a href=\"https:\/\/photos.app.goo.gl\/G1nwfke2zhwDnmzc9\">De la conciergerie au Panth\u00e9on par l&rsquo;\u00e9glise St Sulpice et le Luxembourg\u00a0 <\/a>28\/2\/2023<\/li>\n<li><a href=\"https:\/\/photos.app.goo.gl\/8514gBmSsm9rDQgk6\">Du Parc Montsouris au m\u00e9tro Corvisart<\/a> 21\/2\/2023<\/li>\n<li><a href=\"https:\/\/photos.app.goo.gl\/8rHSAo7HMJq2R3hG6\">St Valentin-Travers\u00e9e de Montmartre de la Porte Clignancourt au m\u00e9tro Abbesses<\/a> 14\/2\/2023<\/li>\n<li><span><a href=\"https:\/\/photos.app.goo.gl\/BbDahT63vGLVSAnA7\" target=\"_blank\" rel=\"noopener\">Du m\u00e9tro Balard au m\u00e9tro St Germain des Pr\u00e9s par Montparnasse<\/a> 17\/1\/2023<\/span><\/li>\n<li><a href=\"https:\/\/photos.app.goo.gl\/jNbj91jPDShmEy3n7\" target=\"_blank\" rel=\"noopener\">De la place Monge \u00e0 Austerlitz<\/a> 29\/11\/2022<\/li>\n<li><a href=\"https:\/\/photos.app.goo.gl\/sSH1C6MEnNYe7mi88\" target=\"_blank\" rel=\"noopener\">De Madeleine au Parc Monceau<\/a> 22\/11\/2022<\/li>\n<li><a href=\"https:\/\/photos.app.goo.gl\/Sn7jGjJfgHN28qzU6\" target=\"_blank\" rel=\"noopener\">Du m\u00e9tro Cit\u00e9 \u00e0 la Porte d&rsquo;Orl\u00e9ans<\/a> 8\/11\/2022<\/li>\n<li><a href=\"https:\/\/photos.app.goo.gl\/k1MFrH4jH3ivfPMK9\" target=\"_blank\" rel=\"noopener noreferrer\"><\/a><a href=\"https:\/\/photos.app.goo.gl\/ZfR7FzQmfKAF63dE6\" target=\"_blank\" rel=\"noopener noreferrer\">Quartier de la Mouza\u00efa<\/a> 04\/10\/2022<\/li>\n<\/ul>\n<h4><span style=\"color: #008000;\">2021-2022<\/span><\/h4>\n<ul>\n<li><a href=\"https:\/\/photos.app.goo.gl\/k1MFrH4jH3ivfPMK9\" target=\"_blank\" rel=\"noopener noreferrer\">De Cit\u00e9 Universitaire \u00e0 Denfert Rochereau<\/a> 10\/05<\/li>\n<li><a href=\"https:\/\/photos.app.goo.gl\/35QZujnZvUQ4cGxN8\" target=\"_blank\" rel=\"noopener noreferrer\">De T\u00e9l\u00e9graphe \u00e0 Bercy<\/a> 3\/05<\/li>\n<li><a href=\"https:\/\/photos.app.goo.gl\/LLhayugc4NeYbLRc8\" target=\"_blank\" rel=\"noopener noreferrer\">Au c\u0153ur de Montmartre<\/a> 26\/04<\/li>\n<li><a href=\"https:\/\/photos.app.goo.gl\/ZCBP2LE2sV5NLkpUA\" target=\"_blank\" rel=\"noopener noreferrer\">De l&rsquo;Arc de Triomphe au Bd des Italiens par la Madeleine<\/a> 19\/04<\/li>\n<li><a href=\"https:\/\/photos.app.goo.gl\/YAJE2oHrbzmyLQMV8\" target=\"_blank\" rel=\"noopener noreferrer\">De la Porte de Saint-Cloud au m\u00e9tro Georges V<\/a> 12\/04<\/li>\n<li><a href=\"https:\/\/photos.app.goo.gl\/od65KfhEZzogjpNq9\" target=\"_blank\" rel=\"noopener noreferrer\">du RER Henri Martin au m\u00e9tro Miromesnil par la Porte Maillot<\/a> 01\/03<\/li>\n<li><a href=\"https:\/\/photos.app.goo.gl\/BmwdsgJvVFreoidK9\" target=\"_blank\" rel=\"noopener noreferrer\">Le quartier de l&rsquo;Europe<\/a> 22\/02<\/li>\n<li><a href=\"https:\/\/photos.app.goo.gl\/cJd9voMKJYokDKKg9\" target=\"_blank\" rel=\"noopener noreferrer\">De la Porte de Clichy au m\u00e9tro Marx Dormoy<\/a> 08\/02<\/li>\n<li><a href=\"https:\/\/photos.app.goo.gl\/gvkrDSCdtqk3ZMqNA\" target=\"_blank\" rel=\"noopener noreferrer\"><span>Des Grands Boulevards au Sentier par les passages<\/span><\/a> 01\/02<\/li>\n<li><a href=\"https:\/\/photos.app.goo.gl\/faNPPqEMgifTfmze7\" target=\"_blank\" rel=\"noopener noreferrer\">Du m\u00e9tro Ranelagh \u00e0 l&rsquo;\u00e9glise d&rsquo;Auteuil<\/a> 18\/01<\/li>\n<li><a href=\"https:\/\/photos.app.goo.gl\/TeDwuNWDv5mhQ2Rz8\" target=\"_blank\" rel=\"noopener noreferrer\">De la mairie du 13\u00e8me \u00e0 la mairie du 14\u00e8me<\/a> 11\/01<\/li>\n<li><a href=\"https:\/\/photos.app.goo.gl\/ZFC5nDfzNViTXY8T9\" target=\"_blank\" rel=\"noopener noreferrer\">Quartier Latin<\/a> 14\/12<\/li>\n<li><a href=\"https:\/\/photos.app.goo.gl\/9E7nXHcGzUPUn5X47\" target=\"_blank\" rel=\"noopener noreferrer\">Balade autour de la Bastille<\/a> 07\/12<em><span style=\"color: #ff0000;\"><\/span><\/em><\/li>\n<\/ul>\n<h4><span style=\"color: #008000;\">\u00a0<\/span><\/h4>\n<p style=\"text-align: right;\"><em>19\/1\/2023<\/em><\/p>\n","protected":false},"excerpt":{"rendered":"<p>(Les Balades Parisiennes ont remplac\u00e9 les promenades conviviales depuis le 1er avril 2023. Vous pouvez trouver les photos des balades parisiennes ici) &nbsp; 2022-2023 De la conciergerie au Panth\u00e9on par l&rsquo;\u00e9glise St Sulpice et le Luxembourg\u00a0 28\/2\/2023 Du Parc Montsouris au m\u00e9tro Corvisart 21\/2\/2023 St Valentin-Travers\u00e9e de Montmartre de la Porte Clignancourt au m\u00e9tro Abbesses [&hellip;]<\/p>\n","protected":false},"author":1379,"featured_media":0,"parent":1032,"menu_order":0,"comment_status":"closed","ping_status":"closed","template":"","meta":[],"acf":[],"_links":{"self":[{"href":"https:\/\/avf.asso.fr\/antony\/wp-json\/wp\/v2\/pages\/5997"}],"collection":[{"href":"https:\/\/avf.asso.fr\/antony\/wp-json\/wp\/v2\/pages"}],"about":[{"href":"https:\/\/avf.asso.fr\/antony\/wp-json\/wp\/v2\/types\/page"}],"author":[{"embeddable":true,"href":"https:\/\/avf.asso.fr\/antony\/wp-json\/wp\/v2\/users\/1379"}],"replies":[{"embeddable":true,"href":"https:\/\/avf.asso.fr\/antony\/wp-json\/wp\/v2\/comments?post=5997"}],"version-history":[{"count":11,"href":"https:\/\/avf.asso.fr\/antony\/wp-json\/wp\/v2\/pages\/5997\/revisions"}],"predecessor-version":[{"id":7353,"href":"https:\/\/avf.asso.fr\/antony\/wp-json\/wp\/v2\/pages\/5997\/revisions\/7353"}],"up":[{"embeddable":true,"href":"https:\/\/avf.asso.fr\/antony\/wp-json\/wp\/v2\/pages\/1032"}],"wp:attachment":[{"href":"https:\/\/avf.asso.fr\/antony\/wp-json\/wp\/v2\/media?parent=5997"}],"curies":[{"name":"wp","href":"https:\/\/api.w.org\/{rel}","templated":true}]}}