{"id":2678,"date":"2019-08-13T22:40:03","date_gmt":"2019-08-13T20:40:03","guid":{"rendered":"https:\/\/avf.asso.fr\/antony\/?page_id=2678"},"modified":"2024-07-05T22:25:40","modified_gmt":"2024-07-05T20:25:40","slug":"agenda-du-trimestre","status":"publish","type":"page","link":"https:\/\/avf.asso.fr\/antony\/actus\/agenda-du-trimestre\/","title":{"rendered":"AGENDA DU TRIMESTRE"},"content":{"rendered":"<p><span style=\"color: #0000ff;\">Cette page a \u00e9t\u00e9 modifi\u00e9e. Veuillez <a href=\"https:\/\/site.avfantony.com\/C7\/Agenda.php\">cliquer ici<\/a><br \/>\n<\/span><\/p>\n<p>&nbsp;<\/p>\n<p>&nbsp;<\/p>\n<p>&nbsp;<\/p>\n<p>&nbsp;<\/p>\n<p>&nbsp;<\/p>\n<p>&nbsp;<\/p>\n<p>&nbsp;<\/p>\n<p>&nbsp;<\/p>\n<p>&nbsp;<\/p>\n<p>&nbsp;<\/p>\n<p>&nbsp;<\/p>\n<p>&nbsp;<\/p>\n<p>&nbsp;<\/p>\n<p>&nbsp;<\/p>\n<p>&nbsp;<\/p>\n<p>&nbsp;<\/p>\n<p>&nbsp;<\/p>\n<p>&nbsp;<\/p>\n<p>&nbsp;<\/p>\n<p>&nbsp;<\/p>\n<p>&nbsp;<\/p>\n<p>&nbsp;<\/p>\n<p>&nbsp;<\/p>\n<p>&nbsp;<\/p>\n<p>&nbsp;<\/p>\n<p>&nbsp;<\/p>\n<p>&nbsp;<\/p>\n<p>&nbsp;<\/p>\n<p>&nbsp;<\/p>\n<p>&nbsp;<\/p>\n<p>&nbsp;<\/p>\n<p>&nbsp;<\/p>\n<p>&nbsp;<\/p>\n<p>&nbsp;<\/p>\n<p>&nbsp;<\/p>\n<p>&nbsp;<\/p>\n<p>&nbsp;<\/p>\n<p>&nbsp;<\/p>\n<h3><strong><span style=\"color: #ffffff;\">.<\/span>D&rsquo;Avril \u00e0 Juin 2024<\/strong><\/h3>\n<table style=\"border-collapse: collapse; width: 100%;\" border=\"1\">\n<tbody>\n<tr>\n<td style=\"width: 100%;\"><strong><br \/>\nDIMANCHE 28 AVRIL 2024\u00a0:<br \/>\n<\/strong>L\u2019ANTONIENNE 7<sup>\u00e8me<\/sup> \u00e9dition : D\u00e8s 8h30 au Parc Heller<br \/>\nInscription par internet <a href=\"http:\/\/l-antonienne.fr\" target=\"_blank\" rel=\"noopener\"><strong>http:\/\/l-antonienne.fr<\/strong><\/a><br \/>\n<span style=\"color: #ffffff;\">.<\/span>Promenades de 5 \u00e0 10 km alliant la balade et la d\u00e9couverte de divers lieux en r\u00e9gion parisienne.<br \/>\nDeux promenades go\u00fbters sont pr\u00e9vues<br \/>\n(Inscription obligatoire sur le site de l\u2019AVF Antony):<br \/>\n<strong>VENDREDI 26 AVRIL 2024<\/strong> <strong>apr\u00e8s-midi<\/strong><br \/>\n\u00abLes jardins du Plessis Robinson\u00bb, environ 5 \u00e0 10 km<br \/>\n<strong>MERCREDI 19 JUIN matin<\/strong>.<br \/>\n\u00abLe jardin du Luxembourg\u00bb, visite guid\u00e9e<\/p>\n<p><strong>SAMEDI 25 MAI 2024<\/strong> \u2013 Sortie annuelle des adh\u00e9rents : croisi\u00e8re avec d\u00e9jeuner sur la Marne.<br \/>\nInscription en ligne sur le site http :\/\/avfantony.com, du lundi 12 f\u00e9vrier au vendredi 15 mars inclus.<\/p>\n<p><strong>MERCREDI 12 JUIN 2024<\/strong> : Portes ouvertes AVF Antony \u00e0 Vasarely :<br \/>\nRencontre avec les animateurs des activit\u00e9s propos\u00e9es, expositions des \u0153uvres r\u00e9alis\u00e9es par les adh\u00e9rents de l\u2019AVF, d\u00e9monstrations de danses et pr\u00e9sentation du th\u00e9\u00e2tre.<\/p>\n<p><strong>MERCREDI 12 JUIN 2024 :<\/strong> Ouverture des inscriptions pour la saison 2024-2025, uniquement pour les nouveaux adh\u00e9rents 2024-2025 et les b\u00e9n\u00e9voles de l\u2019AVF Antony.<\/p>\n<p>&nbsp;<\/td>\n<\/tr>\n<\/tbody>\n<\/table>\n<p>&nbsp;<\/p>\n<p style=\"text-align: right;\">\n","protected":false},"excerpt":{"rendered":"<p>Cette page a \u00e9t\u00e9 modifi\u00e9e. Veuillez cliquer ici &nbsp; &nbsp; &nbsp; &nbsp; &nbsp; &nbsp; &nbsp; &nbsp; &nbsp; &nbsp; &nbsp; &nbsp; &nbsp; &nbsp; &nbsp; &nbsp; &nbsp; &nbsp; &nbsp; &nbsp; &nbsp; &nbsp; &nbsp; &nbsp; &nbsp; &nbsp; &nbsp; &nbsp; &nbsp; &nbsp; &nbsp; &nbsp; &nbsp; &nbsp; &nbsp; &nbsp; &nbsp; &nbsp; .D&rsquo;Avril \u00e0 Juin 2024 DIMANCHE 28 AVRIL 2024\u00a0: L\u2019ANTONIENNE [&hellip;]<\/p>\n","protected":false},"author":10,"featured_media":0,"parent":248,"menu_order":0,"comment_status":"closed","ping_status":"closed","template":"","meta":[],"acf":[],"_links":{"self":[{"href":"https:\/\/avf.asso.fr\/antony\/wp-json\/wp\/v2\/pages\/2678"}],"collection":[{"href":"https:\/\/avf.asso.fr\/antony\/wp-json\/wp\/v2\/pages"}],"about":[{"href":"https:\/\/avf.asso.fr\/antony\/wp-json\/wp\/v2\/types\/page"}],"author":[{"embeddable":true,"href":"https:\/\/avf.asso.fr\/antony\/wp-json\/wp\/v2\/users\/10"}],"replies":[{"embeddable":true,"href":"https:\/\/avf.asso.fr\/antony\/wp-json\/wp\/v2\/comments?post=2678"}],"version-history":[{"count":13,"href":"https:\/\/avf.asso.fr\/antony\/wp-json\/wp\/v2\/pages\/2678\/revisions"}],"predecessor-version":[{"id":8924,"href":"https:\/\/avf.asso.fr\/antony\/wp-json\/wp\/v2\/pages\/2678\/revisions\/8924"}],"up":[{"embeddable":true,"href":"https:\/\/avf.asso.fr\/antony\/wp-json\/wp\/v2\/pages\/248"}],"wp:attachment":[{"href":"https:\/\/avf.asso.fr\/antony\/wp-json\/wp\/v2\/media?parent=2678"}],"curies":[{"name":"wp","href":"https:\/\/api.w.org\/{rel}","templated":true}]}}