{"id":1950,"date":"2019-04-10T23:04:37","date_gmt":"2019-04-10T21:04:37","guid":{"rendered":"https:\/\/avf.asso.fr\/antony\/?page_id=1950"},"modified":"2023-12-18T09:15:59","modified_gmt":"2023-12-18T08:15:59","slug":"photos-manifestations","status":"publish","type":"page","link":"https:\/\/avf.asso.fr\/antony\/photos\/photos-manifestations\/","title":{"rendered":"Photos Ev\u00e8nements-Manifestations"},"content":{"rendered":"<div>\n<h4><span style=\"color: #339966;\">2023-2024<\/span><\/h4>\n<ul>\n<li><a href=\"https:\/\/avf.asso.fr\/antony\/photos\/photos-soiree-benevoles-du-12-12-2023\">Soir\u00e9e des b\u00e9n\u00e9voles<\/a> du 12\/12\/2023<\/li>\n<li><a href=\"https:\/\/photos.app.goo.gl\/LmGEDoEA1QTsYN93A\" target=\"_blank\" rel=\"noopener\">Assembl\u00e9e G\u00e9n\u00e9rale<\/a> du 25\/11\/2023<\/li>\n<\/ul>\n<h4><span style=\"color: #008000;\">2022-2023<\/span><\/h4>\n<ul>\n<li><a href=\"https:\/\/photos.google.com\/share\/AF1QipOzoaLiIJFedXjzt_MG8S8-FbBF9sJC1vg0gwAIrAb6PrasvDJiCFM0u2KSAb08gg?key=b0tFbG9WRTd5MTUtU0hKNFVlQ1R0M3lNMDdGeXJR\">Forum Giga Senior<\/a> 16\/3\/2023<\/li>\n<li><a href=\"https:\/\/photos.app.goo.gl\/7NjkdLFvcVxMSVgf6\" target=\"_blank\" rel=\"noopener\">Galette des rois<\/a> le 7\/1\/2023<\/li>\n<li><a href=\"https:\/\/photos.app.goo.gl\/MuRs5TYasuMjqJZXA\" target=\"_blank\" rel=\"noopener\">Accueil des Nouveaux Adh\u00e9rents et Habitants<\/a> le 5\/12\/2022<\/li>\n<li><a href=\"https:\/\/photos.app.goo.gl\/1bDnYe17FWUMFBL3A\" target=\"_blank\" rel=\"noopener\">Assembl\u00e9e G\u00e9n\u00e9rale<\/a> du 26\/11\/2022<\/li>\n<\/ul>\n<h4><span style=\"color: #008000;\">2021-2022<\/span><\/h4>\n<ul>\n<li><a href=\"https:\/\/photos.app.goo.gl\/U5EMYZLUdQPt5HYg8\" target=\"_blank\" rel=\"noopener noreferrer\">Go\u00fbter convivial<\/a> du 29 juillet 2022<\/li>\n<li><a href=\"https:\/\/photos.app.goo.gl\/GdU6UqcXQ7KreV2k8\" target=\"_blank\" rel=\"noopener noreferrer\">Go\u00fbter convivial<\/a> du 30 juin 2022<\/li>\n<li><a href=\"https:\/\/photos.app.goo.gl\/jpJg5RGK9gp1s6C98\" target=\"_blank\" rel=\"noopener noreferrer\">Portes ouvertes<\/a> du 13 juin 2022<\/li>\n<li><a href=\"https:\/\/photos.app.goo.gl\/arpC4wbnHoyRyvR38\" target=\"_blank\" rel=\"noopener noreferrer\">Sortie des adh\u00e9rents<\/a> du 21 mai 2022 &#8211; La Fert\u00e9 Milon<\/li>\n<li><a href=\"https:\/\/photos.app.goo.gl\/xRETRopSgEpgz1ZX6\" target=\"_blank\" rel=\"noopener noreferrer\">Sortie des b\u00e9n\u00e9voles<\/a> du 14 mai 2022 &#8211; Moret sur Loing<\/li>\n<li>D\u00e9jeuner Spectacle Oh! Happy par <a href=\"https:\/\/photos.app.goo.gl\/m9sb31DhEWnDw1XB7\" target=\"_blank\" rel=\"noopener noreferrer\">Christian<\/a> ou <a href=\"https:\/\/photos.app.goo.gl\/CFiF25nL7SWMu2Gw5\" target=\"_blank\" rel=\"noopener noreferrer\">Jean<\/a> (dont une vid\u00e9o) le 27\/11<\/li>\n<li><a href=\"https:\/\/photos.app.goo.gl\/kX4UAs1VsSaR8dD59\" target=\"_blank\" rel=\"noopener noreferrer\">Accueil des Nouveaux Adh\u00e9rents et Habitants<\/a> le 19\/11<\/li>\n<li><a href=\"https:\/\/photos.app.goo.gl\/YRwgaGYSk97UQnSD7\" target=\"_blank\" rel=\"noopener noreferrer\">AG 2021<\/a> le 13\/11<\/li>\n<li>https:\/\/photos.app.goo.gl\/7NjkdLFvcVxMSVgf6<\/li>\n<\/ul>\n<h4><span style=\"color: #008000;\">2020-2021<\/span><\/h4>\n<ul>\n<li>~~<\/li>\n<\/ul>\n<\/div>\n<div>\n<h4><span style=\"color: #008000;\">2019-2020<\/span><\/h4>\n<ul>\n<li>Galette des Rois, par <a href=\"https:\/\/photos.google.com\/share\/AF1QipMNKAP_6mjRotGv-1I2IB9WpnKAsMpedHCuONFcOFtZ3nKHPAwZ0utjSKfXBElOIA?key=RS10N1RmWF9XR1ZURzU3V3BVelZOZVdwZWpMTlB3\" target=\"_blank\" rel=\"noopener noreferrer\">Jean<\/a> ou <a href=\"https:\/\/photos.app.goo.gl\/5YGLUVMfFxodUhGE6\" target=\"_blank\" rel=\"noopener noreferrer\">Sophie<\/a> le 11\/01<\/li>\n<li>AG 2019, par <a href=\"https:\/\/photos.app.goo.gl\/5QtxFX299hd9KHbf8\" target=\"_blank\" rel=\"noopener noreferrer\">Christian<\/a> ou <a href=\"https:\/\/photos.google.com\/share\/AF1QipOa-2tccwaps66A7U27C3mFdoQzw2LVUfBxSby80aR8rskWAd8aTblD_5AZxsyHIw?key=c3BWWGtIZWNjamdkVnc0R3FUcjRtRlRqcTV1aVlR\" target=\"_blank\" rel=\"noopener noreferrer\">Jean<\/a> le 09\/11<\/li>\n<\/ul>\n<h4><span style=\"color: #008000;\">2018-2019<\/span><\/h4>\n<ul>\n<li><a href=\"https:\/\/photos.app.goo.gl\/nAbxuRJ4W1FySZrq5\" target=\"_blank\" rel=\"noopener noreferrer\">Spectacle \u00ab AVF Antony \u00bb<\/a> le 29\/06<\/li>\n<li><a href=\"https:\/\/photos.google.com\/share\/AF1QipONYGsFNkP3J8lgH3t0BpOFKL9MQlxwX0-u-nE46MdVB_6_nek8H8RywDoDAMVw2A?key=R19MS1h0TmVTblJlLUFzdFVBNWtiLUlGMW9aME1B\" target=\"_blank\" rel=\"noopener noreferrer\">Sortie des adh\u00e9rents &#8211; D\u00eener croisi\u00e8re sur la Seine<\/a> le 25\/05<\/li>\n<li><a href=\"https:\/\/photos.app.goo.gl\/paiXw1ye97nM4rkt5\" target=\"_blank\" rel=\"noopener noreferrer\">Sortie des b\u00e9n\u00e9voles \u00e0 Troyes<\/a> le 11\/05<\/li>\n<li><a href=\"https:\/\/photos.app.goo.gl\/VRGQszE8HA181qW78\" target=\"_blank\" rel=\"noopener noreferrer\">D\u00e9jeuner de convivialit\u00e9<\/a> le 23\/03<\/li>\n<li><a href=\"https:\/\/photos.app.goo.gl\/T7Gb4ZuSZRVED8dv5\" target=\"_blank\" rel=\"noopener noreferrer\">Galette des Rois<\/a> le 12\/01<\/li>\n<li><a href=\"https:\/\/photos.app.goo.gl\/4aHwLo8CiCgbzhEU8\" target=\"_blank\" rel=\"noopener noreferrer\">Accueil des nouveaux adh\u00e9rents<\/a> le 16\/11<\/li>\n<li>AG 2018, <a href=\"https:\/\/photos.app.goo.gl\/XN6DniHy351Lt69F9\" target=\"_blank\" rel=\"noopener noreferrer\">1\u00e8re s\u00e9rie<\/a> et <a href=\"https:\/\/photos.app.goo.gl\/aTeJreqqD82Tr1Dv8\" target=\"_blank\" rel=\"noopener noreferrer\">2\u00e8me s\u00e9rie<\/a> le 10\/11<\/li>\n<\/ul>\n<h4><\/h4>\n<h4><span style=\"color: #008000;\">2017-2018<\/span><\/h4>\n<\/div>\n<ul>\n<li><a href=\"https:\/\/photos.app.goo.gl\/cyjGejZljVRYkxkR2\" target=\"_blank\" rel=\"noopener noreferrer\">Sortie des des adh\u00e9rents \u00e0 Rouen<\/a> le 02\/06<\/li>\n<li><a href=\"https:\/\/photos.app.goo.gl\/I6uHZh2DnhMVvqKP2\" target=\"_blank\" rel=\"noopener noreferrer\">Sortie des b\u00e9n\u00e9voles sur la Marne<\/a> le 05\/05<\/li>\n<li><a href=\"https:\/\/photos.app.goo.gl\/qPcV7yHKUQnH5rHW2\" target=\"_blank\" rel=\"noopener noreferrer\">D\u00e9jeuner de convivialit\u00e9<\/a> le 07\/04<\/li>\n<li><a href=\"https:\/\/photos.app.goo.gl\/5svdC3gnb3JNo2I52\" target=\"_blank\" rel=\"noopener noreferrer\">Galette des Rois<\/a> le 20\/01<\/li>\n<li><a href=\"https:\/\/photos.google.com\/share\/AF1QipNNVP99H2hBZklPFLjsNlKKUyccEMU8zEPnklqWp9CLEViWzWdvoc7a-9MvBUE7-A?key=RFpTS2RyZGN6RzZ2alVyREszTTBkN0lVTXdsMTl3\" target=\"_blank\" rel=\"noopener noreferrer\">AG 2017<\/a> le 18\/11<\/li>\n<\/ul>\n<p>&nbsp;<\/p>\n<div style=\"text-align: right;\"><em>29\/11\/2023<\/em><\/div>\n<p><a href=\"http:\/\/www.mon-compteur.fr\"><img decoding=\"async\" src=\"http:\/\/www.mon-compteur.fr\/html_c02genv2-77129-5\" border=\"0\" \/><\/a><\/p>\n","protected":false},"excerpt":{"rendered":"<p>2023-2024 Soir\u00e9e des b\u00e9n\u00e9voles du 12\/12\/2023 Assembl\u00e9e G\u00e9n\u00e9rale du 25\/11\/2023 2022-2023 Forum Giga Senior 16\/3\/2023 Galette des rois le 7\/1\/2023 Accueil des Nouveaux Adh\u00e9rents et Habitants le 5\/12\/2022 Assembl\u00e9e G\u00e9n\u00e9rale du 26\/11\/2022 2021-2022 Go\u00fbter convivial du 29 juillet 2022 Go\u00fbter convivial du 30 juin 2022 Portes ouvertes du 13 juin 2022 Sortie des adh\u00e9rents du [&hellip;]<\/p>\n","protected":false},"author":10,"featured_media":0,"parent":1032,"menu_order":0,"comment_status":"closed","ping_status":"closed","template":"","meta":[],"acf":[],"_links":{"self":[{"href":"https:\/\/avf.asso.fr\/antony\/wp-json\/wp\/v2\/pages\/1950"}],"collection":[{"href":"https:\/\/avf.asso.fr\/antony\/wp-json\/wp\/v2\/pages"}],"about":[{"href":"https:\/\/avf.asso.fr\/antony\/wp-json\/wp\/v2\/types\/page"}],"author":[{"embeddable":true,"href":"https:\/\/avf.asso.fr\/antony\/wp-json\/wp\/v2\/users\/10"}],"replies":[{"embeddable":true,"href":"https:\/\/avf.asso.fr\/antony\/wp-json\/wp\/v2\/comments?post=1950"}],"version-history":[{"count":12,"href":"https:\/\/avf.asso.fr\/antony\/wp-json\/wp\/v2\/pages\/1950\/revisions"}],"predecessor-version":[{"id":8478,"href":"https:\/\/avf.asso.fr\/antony\/wp-json\/wp\/v2\/pages\/1950\/revisions\/8478"}],"up":[{"embeddable":true,"href":"https:\/\/avf.asso.fr\/antony\/wp-json\/wp\/v2\/pages\/1032"}],"wp:attachment":[{"href":"https:\/\/avf.asso.fr\/antony\/wp-json\/wp\/v2\/media?parent=1950"}],"curies":[{"name":"wp","href":"https:\/\/api.w.org\/{rel}","templated":true}]}}