{"id":1831,"date":"2019-04-08T11:57:47","date_gmt":"2019-04-08T09:57:47","guid":{"rendered":"https:\/\/avf.asso.fr\/antony\/?page_id=1831"},"modified":"2024-07-05T17:02:03","modified_gmt":"2024-07-05T15:02:03","slug":"activites-sport-et-relaxation","status":"publish","type":"page","link":"https:\/\/avf.asso.fr\/antony\/activites\/activites-sport-et-relaxation\/","title":{"rendered":"Activit\u00e9s Relaxation  et Sport d&rsquo;Interieur"},"content":{"rendered":"<p>cette page a \u00e9t\u00e9 modifi\u00e9e. Veuillez <a href=\"https:\/\/site.avfantony.com\/C3\/SportInt.php\">cliquer ici<\/a><\/p>\n<p>&nbsp;<\/p>\n<p>&nbsp;<\/p>\n<p>&nbsp;<\/p>\n<p>&nbsp;<\/p>\n<p>&nbsp;<\/p>\n<p>&nbsp;<\/p>\n<p>&nbsp;<\/p>\n<p>&nbsp;<\/p>\n<p>&nbsp;<\/p>\n<p>&nbsp;<\/p>\n<p>&nbsp;<\/p>\n<p>&nbsp;<\/p>\n<table style=\"width: 100%; border-collapse: collapse;\" border=\"0\">\n<tbody>\n<tr style=\"height: 62px;\">\n<td style=\"text-align: left; vertical-align: top; width: 20%; height: 62px;\"><\/td>\n<td style=\"width: 80%; text-align: left; vertical-align: middle; height: 62px;\">\n<h2><span style=\"color: #ff6600;\">RELAXATION <\/span><span style=\"color: #800080;\"><span style=\"color: #ff6600;\">ET SPORT D&rsquo;INT\u00c9RIEUR<\/span><strong><br \/>\n<\/strong><\/span><\/h2>\n<\/td>\n<\/tr>\n<tr style=\"height: 18px;\">\n<td style=\"text-align: left; vertical-align: top; width: 20%; height: 18px;\"><\/td>\n<td style=\"width: 80%; text-align: left; vertical-align: middle; height: 18px;\"><span style=\"color: #ffffff;\">.<\/span><span style=\"color: #800080;\"><strong><br \/>\n<\/strong><\/span><\/td>\n<\/tr>\n<tr style=\"height: 127px;\">\n<td style=\"height: 104px; text-align: left; vertical-align: top; width: 20%;\">\n<h1><span style=\"color: #ff6600;\"><img decoding=\"async\" loading=\"lazy\" src=\"https:\/\/avf.asso.fr\/antony\/wp-content\/uploads\/sites\/380\/2021\/06\/Bowling.png\" alt=\"\" class=\"alignnone wp-image-5405\" width=\"120\" height=\"87\" \/><\/span><\/h1>\n<\/td>\n<td style=\"height: 104px; width: 80%; text-align: left; vertical-align: middle;\"><span style=\"color: #800080;\"><strong><\/strong><\/span><strong><span style=\"color: #993366;\">BOWLING<\/span><\/strong> ~ Jean-Paul ARRENAULT<br \/>\nVenez passer un bon moment en se joignant \u00e0 notre \u00e9quipe pour d\u00e9couvrir ou am\u00e9liorer la pratique du bowling. Inutile d\u2019\u00eatre un champion, nous jouons pour le plaisir mais aussi pour r\u00e9aliser de meilleurs scores,dans une ambiance tr\u00e8s conviviale.<br \/>\nPrix de la s\u00e9ance 7\u20ac et 6,60 \u20ac si le pratiquant vient avec son mat\u00e9riel.<br \/>\n<span style=\"color: #00ccff;\"><em>1er et 3e vendredi \u00e0 14h\u00a0au Bowling de Thiais<\/em><\/span><\/td>\n<\/tr>\n<tr style=\"height: 10px;\">\n<td style=\"height: 10px; width: 20%; text-align: left; vertical-align: top;\"><\/td>\n<td style=\"height: 10px; width: 80%; text-align: left; vertical-align: middle;\"><span style=\"color: #ffffff;\">.<\/span><\/td>\n<\/tr>\n<tr style=\"height: 10px;\">\n<td style=\"height: 10px; width: 20%; text-align: left; vertical-align: top;\"><img decoding=\"async\" loading=\"lazy\" src=\"https:\/\/avf.asso.fr\/antony\/wp-content\/uploads\/sites\/380\/2021\/06\/Country.png\" alt=\"\" class=\"alignnone wp-image-5387\" width=\"120\" height=\"111\" \/><\/td>\n<td style=\"height: 10px; width: 80%; text-align: left; vertical-align: middle;\"><span style=\"color: #993366;\"><strong>COUNTRY<\/strong><\/span><br \/>\nLa country est une danse collective et conviviale s\u2019ex\u00e9cutant sur des chor\u00e9graphies \u00e9tablies selon des styles et des rythmes vari\u00e9s. Les cours sont organis\u00e9s par niveau, acquisitions de pas de base et conna\u00eetre leur appellation, figures simples puis acqu\u00e9rir la technique, le style et la rythmique.<br \/>\nQuatre niveaux sont propos\u00e9s, <span style=\"color: #00ccff;\"><em>\u00e0 l\u2019Herbier<\/em><\/span> :<br \/>\n<span style=\"color: #00ccff;\"><em>1. D\u00e9butants : mardi de 14h30 \u00e0 16h<\/em><\/span>\u00a0~ Mich\u00e8le DOYEN<br \/>\n<span style=\"color: #ffffff;\">.<\/span>\u00a0\u00a0 <span style=\"color: #ffffff;\"><a href=\"https:\/\/avf.asso.fr\/antony\/wp-content\/uploads\/sites\/380\/2023\/07\/2023-2024-en-savoir-plus-Atelier-Country-1-MDoyen.pdf\">Lire la suite<\/a>&#8230;<br \/>\n.<\/span><em><span style=\"color: #00ccff;\">2. Novices d\u00e9butants : samedi de 14h00 \u00e0 15h00<\/span><\/em> ~ Monique CORBIN<br \/>\n<span style=\"color: #ffffff;\">. <\/span>\u00a0 <a href=\"https:\/\/avf.asso.fr\/antony\/wp-content\/uploads\/sites\/380\/2023\/07\/2023-2024-en-savoir-plus-Ateliers-Linedance-Country-2-3-4-MCorbin.pdf\">Lire la suite<\/a>&#8230;<br \/>\n<em><span style=\"color: #00ccff;\">3. Novices : samedi de 15h00 \u00e0 16h00<\/span><\/em> ~ Monique CORBIN<br \/>\n<em><span style=\"color: #00ccff;\"><span style=\"color: #ffffff;\">. <\/span>\u00a0 <a href=\"https:\/\/avf.asso.fr\/antony\/wp-content\/uploads\/sites\/380\/2023\/07\/2023-2024-en-savoir-plus-Ateliers-Linedance-Country-2-3-4-MCorbin.pdf\">Lire la suite<\/a>&#8230;<br \/>\n<span><\/span>4. Confirm\u00e9s : samedi de 16h00 \u00e0 17h00<\/span><\/em> ~ Monique CORBIN<br \/>\n<span style=\"color: #ffffff;\">. <\/span>\u00a0 <a href=\"https:\/\/avf.asso.fr\/antony\/wp-content\/uploads\/sites\/380\/2023\/07\/2023-2024-en-savoir-plus-Ateliers-Linedance-Country-2-3-4-MCorbin.pdf\">Lire la suite<\/a>&#8230;<br \/>\n<em><span><\/span><\/em><\/td>\n<\/tr>\n<tr style=\"height: 10px;\">\n<td style=\"height: 10px; width: 20%; text-align: left; vertical-align: top;\"><\/td>\n<td style=\"height: 10px; width: 80%; text-align: left; vertical-align: middle;\"><span style=\"color: #ffffff;\">.<\/span><\/td>\n<\/tr>\n<tr style=\"height: 10px;\">\n<td style=\"height: 10px; width: 20%; text-align: left; vertical-align: top;\"><img decoding=\"async\" loading=\"lazy\" src=\"https:\/\/avf.asso.fr\/antony\/wp-content\/uploads\/sites\/380\/2021\/09\/GymIntegrale.png\" alt=\"\" class=\"alignnone size-full wp-image-5862\" width=\"121\" height=\"97\" \/><\/td>\n<td style=\"height: 10px; width: 80%; text-align: left; vertical-align: middle;\"><span style=\"color: #993366;\"><strong>GYMNASTIQUE D\u2019EXPRESSION ET D\u2019ENTRETIEN <\/strong><\/span>~ Bako MOUILLERON<a href=\"https:\/\/avf.asso.fr\/antony\/wp-content\/uploads\/sites\/380\/2021\/09\/2021T3-en-savoir-plus-Atelier-Gym-Integrale-B-Mouilleron-v2.pdf\" target=\"_blank\" rel=\"noopener noreferrer\"><img decoding=\"async\" loading=\"lazy\" src=\"https:\/\/avf.asso.fr\/antony\/wp-content\/uploads\/sites\/380\/2021\/07\/EnSavoirPlusP.jpg\" alt=\"\" class=\"alignnone wp-image-5469\" width=\"31\" height=\"24\" \/><\/a><br \/>\nPratique corporelle de la version originale du Tai Chi Int\u00e9gral. C\u2019est une approche globale et \u00e9quilibr\u00e9e de l\u2019\u00e9volution personnelle, adapt\u00e9e \u00e0 la vie moderne : une contribution innovante \u00e0 l\u2019hygi\u00e8ne de vie.<br \/>\n<span style=\"color: #00ccff;\"><em>Mercredi de 9h \u00e0 10h45 <\/em><\/span><span style=\"color: #00ccff;\"><em>\u00e0 Eric Tabarly<br \/>\n<span style=\"color: #ffffff;\">.<\/span> <\/em><a href=\"https:\/\/avf.asso.fr\/antony\/wp-content\/uploads\/sites\/380\/2023\/07\/2023-2024-en-savoir-plus-Gym-Expression-et-Entretien-BMouilleron.pdf\"><span style=\"color: #000000;\">Lire la suite&#8230;<\/span><\/a><em><br \/>\n<\/em><\/span><\/td>\n<\/tr>\n<tr style=\"height: 10px;\">\n<td style=\"height: 10px; width: 20%; text-align: left; vertical-align: top;\"><\/td>\n<td style=\"height: 10px; width: 80%; text-align: left; vertical-align: middle;\"><span style=\"color: #ffffff;\">.<\/span><\/td>\n<\/tr>\n<tr style=\"height: 10px;\">\n<td style=\"height: 10px; width: 20%; text-align: left; vertical-align: top;\"><img decoding=\"async\" loading=\"lazy\" src=\"https:\/\/avf.asso.fr\/antony\/wp-content\/uploads\/sites\/380\/2021\/06\/Qi-Gong.png\" alt=\"\" class=\"alignnone wp-image-5395\" width=\"120\" height=\"102\" \/><\/td>\n<td style=\"height: 10px; width: 80%; text-align: left; vertical-align: middle;\"><strong><span style=\"color: #800080;\">QI GONG<\/span><\/strong><br \/>\nQi gong qu\u2019on peut traduire par travail sur l\u2019\u00e9nergie est un terme r\u00e9cent qui recouvre des pratiques corporelles, respiratoires et m\u00e9ditatives issues de la tradition mill\u00e9naire chinoise. Elles visent \u00e0 r\u00e9tablir l\u2019harmonie entre les diff\u00e9rentes parties du corps ainsi qu\u2019entre le corps et son environnement cosmique.<br \/>\n<span style=\"color: #00ccff;\"><em>1. Mercredi (**) de 9h \u00e0 10h30 \u00e0 l\u2019Herbier<\/em><\/span> ~ Marie-Claude FERRIER<a href=\"https:\/\/avf.asso.fr\/antony\/wp-content\/uploads\/sites\/380\/2021\/07\/2021T3-en-savoir-plus-Atelier-Qi-GONG-1-et-2-MC-Ferrier-et-JM-Fremy-.pdf\" target=\"_blank\" rel=\"noopener noreferrer\"><img decoding=\"async\" loading=\"lazy\" src=\"https:\/\/avf.asso.fr\/antony\/wp-content\/uploads\/sites\/380\/2021\/07\/EnSavoirPlusP.jpg\" alt=\"\" class=\"alignnone wp-image-5469\" width=\"31\" height=\"24\" \/><\/a><br \/>\n<span style=\"color: #00ccff;\"><em>2. mercredi de 10h30 \u00e0 12h \u00e0 l\u2019Herbier<\/em><\/span> ~ Jean-Marc FREMY<a href=\"https:\/\/avf.asso.fr\/antony\/wp-content\/uploads\/sites\/380\/2021\/07\/2021T3-en-savoir-plus-Atelier-Qi-GONG-1-et-2-MC-Ferrier-et-JM-Fremy-.pdf\" target=\"_blank\" rel=\"noopener noreferrer\"><img decoding=\"async\" loading=\"lazy\" src=\"https:\/\/avf.asso.fr\/antony\/wp-content\/uploads\/sites\/380\/2021\/07\/EnSavoirPlusP.jpg\" alt=\"\" class=\"alignnone wp-image-5469\" width=\"31\" height=\"24\" \/><\/a><br \/>\n<span><span style=\"color: #ffffff;\">.<\/span>\u00a0<\/span>\u00a0 <a href=\"https:\/\/avf.asso.fr\/antony\/wp-content\/uploads\/sites\/380\/2023\/07\/2023-2024-en-savoir-plus-Atelier-Qi-Gong-JMFremy.pdf\">Lire la suite<\/a>&#8230;<\/td>\n<\/tr>\n<tr style=\"height: 10px;\">\n<td style=\"height: 10px; width: 20%; text-align: left; vertical-align: top;\"><\/td>\n<td style=\"height: 10px; width: 80%; text-align: left; vertical-align: middle;\"><span style=\"color: #ffffff;\">.<\/span><\/td>\n<\/tr>\n<tr style=\"height: 10px;\">\n<td style=\"height: 10px; width: 20%; text-align: left; vertical-align: top;\"><img decoding=\"async\" loading=\"lazy\" src=\"https:\/\/avf.asso.fr\/antony\/wp-content\/uploads\/sites\/380\/2021\/06\/Sophrologie.png\" alt=\"\" class=\"alignnone wp-image-5397\" width=\"120\" height=\"119\" \/><\/td>\n<td style=\"height: 10px; width: 80%; text-align: left; vertical-align: middle;\"><span style=\"color: #800080;\"><strong>SOPHROLOGIE<\/strong><\/span> ~ Marie RICHARD<a href=\"https:\/\/avf.asso.fr\/antony\/wp-content\/uploads\/sites\/380\/2021\/07\/2021T3-en-savoir-plus-Ateliers-SOPHRO-1-et-2-M-Richard.pdf\" target=\"_blank\" rel=\"noopener noreferrer\"><img decoding=\"async\" loading=\"lazy\" src=\"https:\/\/avf.asso.fr\/antony\/wp-content\/uploads\/sites\/380\/2021\/07\/EnSavoirPlusP.jpg\" alt=\"\" class=\"alignnone wp-image-5469\" width=\"31\" height=\"24\" \/><\/a><br \/>\nLa sophrologie est une d\u00e9marche personnelle vers un mieux-\u00eatre. Sa pratique r\u00e9guli\u00e8re procure une d\u00e9tente physique,<br \/>\nune aide pour canaliser le stress, une meilleure concentration.<br \/>\nDeux groupes organis\u00e9s \u00e0 Vasarely<br \/>\n<em><span style=\"color: #00ccff;\">1. mardi de 9h \u00e0 10h30<\/span><\/em><br \/>\n<em><span style=\"color: #00ccff;\">2. mardi de 10h30 \u00e0 12h<br \/>\n<span><span style=\"color: #ffffff;\">.<\/span>\u00a0<\/span>\u00a0 <a href=\"https:\/\/avf.asso.fr\/antony\/wp-content\/uploads\/sites\/380\/2023\/07\/2023-2024-en-savoir-plus-Ateliers-Sophrologie-MRichard.pdf\">Lire la suite<\/a>&#8230;<br \/>\n<\/span><\/em><\/td>\n<\/tr>\n<tr style=\"height: 10px;\">\n<td style=\"height: 10px; width: 20%; text-align: left; vertical-align: top;\"><\/td>\n<td style=\"height: 10px; width: 80%; text-align: left; vertical-align: middle;\"><span style=\"color: #ffffff;\">.<\/span><\/td>\n<\/tr>\n<tr style=\"height: 10px;\">\n<td style=\"height: 10px; width: 20%; text-align: left; vertical-align: top;\"><img decoding=\"async\" loading=\"lazy\" src=\"https:\/\/avf.asso.fr\/antony\/wp-content\/uploads\/sites\/380\/2021\/06\/DansesEnLigne.png\" alt=\"\" class=\"alignnone wp-image-5388\" width=\"119\" height=\"71\" \/><\/td>\n<td style=\"height: 10px; width: 80%; text-align: left; vertical-align: middle;\"><strong><span style=\"color: #800080;\">TOUTES DANSES EN LIGNE<\/span><\/strong> ~ Mich\u00e8le DOYEN<a href=\"https:\/\/avf.asso.fr\/antony\/wp-content\/uploads\/sites\/380\/2021\/07\/2021T3-en-savoir-plus-Atelier-Toutes-danses-en-ligne-pour-tous-M-Doyen.pdf\" target=\"_blank\" rel=\"noopener noreferrer\"><img decoding=\"async\" loading=\"lazy\" src=\"https:\/\/avf.asso.fr\/antony\/wp-content\/uploads\/sites\/380\/2021\/07\/EnSavoirPlusP.jpg\" alt=\"\" class=\"alignnone wp-image-5469\" width=\"31\" height=\"24\" \/><\/a><br \/>\nEn couple ou non, que vous ayez l&rsquo;oreille musicale ou pas, venez apprendre toutes sortes de danses, country, line dance, cha-cha, rumba, bachata, salsa, madison, charleston, etc.<br \/>\n<em><span style=\"color: #00ccff;\">Mardi de 16h \u00e0 17h30 \u00e0 l\u2019Herbier<\/span><\/em><a href=\"https:\/\/avf.asso.fr\/antony\/wp-content\/uploads\/sites\/380\/2023\/08\/2023-2024-en-savoir-plus-Atelier-Toutes-Danses-en-ligne-MDoyen.pdf\" target=\"_blank\" rel=\"noopener\"><span style=\"color: #800080;\"><em><strong><\/strong><\/em><\/span><\/a><\/td>\n<\/tr>\n<tr style=\"height: 18px;\">\n<td style=\"width: 20%; text-align: left; vertical-align: top; height: 18px;\"><\/td>\n<td style=\"width: 80%; text-align: left; vertical-align: middle; padding-left: 40px; height: 18px;\"><span style=\"color: #ffffff;\"><a href=\"https:\/\/avf.asso.fr\/antony\/wp-content\/uploads\/sites\/380\/2023\/08\/2023-2024-en-savoir-plus-Atelier-Toutes-Danses-en-ligne-MDoyen.pdf\" target=\"_blank\" rel=\"noopener\"><span><em><strong>D\u00e9tails et informations<\/strong><\/em><\/span><\/a><\/span><\/td>\n<\/tr>\n<tr style=\"height: 10px;\">\n<td style=\"height: 10px; width: 20%; text-align: left; vertical-align: top;\"><\/td>\n<td style=\"height: 10px; width: 80%; text-align: left; vertical-align: middle;\"><span style=\"color: #ffffff;\">.<\/span><\/td>\n<\/tr>\n<tr style=\"height: 10px;\">\n<td style=\"height: 10px; width: 20%; text-align: left; vertical-align: top;\"><img decoding=\"async\" loading=\"lazy\" src=\"https:\/\/avf.asso.fr\/antony\/wp-content\/uploads\/sites\/380\/2021\/06\/Yoga.png\" alt=\"\" class=\"alignnone wp-image-5400\" width=\"120\" height=\"81\" \/><\/td>\n<td style=\"height: 10px; width: 80%; text-align: left; vertical-align: middle;\"><span style=\"color: #800080;\"><strong>YOGA et HATHA YOGA<\/strong><\/span><br \/>\nCinq groupes sont propos\u00e9s, trois Yoga et deux Hatha Yoga<br \/>\nYoga : Avec le souffle le corps et le mental tu r\u00e9uniras, avec simplicit\u00e9 jugement et comp\u00e9tition tu l\u00e2cheras, puis dans la plante des pieds, ta conscience tu placeras. Avec concentration ton corps tu \u00e9tireras, et ses limites tu accepteras, dans les postures et la m\u00e9ditation le l\u00e2cher-prise et l\u2019harmonie tu atteindras.<br \/>\nHatha yoga : Un travail concret sur le corps mais aussi sur la prise de conscience du souffle, des pens\u00e9es et des \u00e9motions pour apporter bien-\u00eatre et fluidit\u00e9 au corps et \u00e0 l\u2019esprit.<br \/>\n<span style=\"color: #00ccff;\"><em>1. (supprim\u00e9)<\/em><\/span><br \/>\n<em><span style=\"color: #00ccff;\">2. lundi de 18h30 \u00e0 20h<\/span><\/em>\u00a0~ Fran\u00e7oise LUBEIGT et Peter HERMAN<a href=\"https:\/\/avf.asso.fr\/antony\/wp-content\/uploads\/sites\/380\/2021\/07\/2021T3-en-savoir-plus-Ateliers-YOGA-2-et-3-F-Lubeigt-et-P-Herman.pdf\" target=\"_blank\" rel=\"noopener noreferrer\"><img decoding=\"async\" loading=\"lazy\" src=\"https:\/\/avf.asso.fr\/antony\/wp-content\/uploads\/sites\/380\/2021\/07\/EnSavoirPlusP.jpg\" alt=\"\" class=\"alignnone wp-image-5469\" width=\"31\" height=\"24\" \/><\/a>, <span style=\"color: #00ccff;\">\u00e0 Vasarely<br \/>\n<em><span><span style=\"color: #ffffff;\">.\u00a0<\/span>\u00a0 <a href=\"https:\/\/avf.asso.fr\/antony\/wp-content\/uploads\/sites\/380\/2023\/07\/2023-2024-en-savoir-plus-Ateliers-Yoga2-et-Yoga3-FLubeigtPHerman.pdf\">Lire la suite<\/a>&#8230;<\/span><\/em><\/span><br \/>\n<em><span style=\"color: #00ccff;\">3. jeudi de 9h \u00e0 10h30<\/span><\/em>\u00a0~ Fran\u00e7oise LUBEIGT et Peter HERMAN, <span style=\"color: #00ccff;\"><em>\u00e0 Vasarely<br \/>\n<span><span style=\"color: #ffffff;\">.<\/span>\u00a0\u00a0 <a href=\"https:\/\/avf.asso.fr\/antony\/wp-content\/uploads\/sites\/380\/2023\/07\/2023-2024-en-savoir-plus-Ateliers-Yoga2-et-Yoga3-FLubeigtPHerman.pdf\">Lire la suite<\/a>&#8230;<br \/>\n<\/span><\/em><\/span><em><span style=\"color: #00ccff;\">4. Hatha yoga doux, lundi de 10h30 \u00e0 12h<\/span><\/em>\u00a0~ Nicole AZAN-CANOUI<a href=\"https:\/\/avf.asso.fr\/antony\/wp-content\/uploads\/sites\/380\/2021\/07\/2021T3-en-savoir-plus-Ateliers-Hatha-Yoga-1-et-2-N-Azan-Canoui-.pdf\" target=\"_blank\" rel=\"noopener noreferrer\"><img decoding=\"async\" loading=\"lazy\" src=\"https:\/\/avf.asso.fr\/antony\/wp-content\/uploads\/sites\/380\/2021\/07\/EnSavoirPlusP.jpg\" alt=\"\" class=\"alignnone wp-image-5469\" width=\"31\" height=\"24\" \/><\/a>, <em><span style=\"color: #00ccff;\">\u00e0 L\u2019Herbier<br \/>\n<\/span><\/em><span><em><span style=\"color: #ffffff;\">.\u00a0<\/span>\u00a0 <a href=\"https:\/\/avf.asso.fr\/antony\/wp-content\/uploads\/sites\/380\/2023\/07\/2023-2024-en-savoir-plus-Atelier-Yoga-4-Hatha-Yoga-N-Azan.pdf\">Lire la suite<\/a>&#8230;<\/em><\/span><br \/>\n<span style=\"color: #00ccff;\"><em>5. yoga doux Seniors, mercredi de <\/em><em>9h \u00e0 10h30<\/em><\/span> ~ Anne\u2013Marie GAUSSENS, <span style=\"color: #00ccff;\"><em>\u00e0 l\u2019Herbier\u00a0 <\/em><strong><span style=\"color: #339966;\">NOUVEAUTE 2023-2024<\/span><\/strong><em><br \/>\n<span><span style=\"color: #ffffff;\">.\u00a0\u00a0<\/span><a href=\"https:\/\/avf.asso.fr\/antony\/wp-content\/uploads\/sites\/380\/2023\/11\/Yoga-5-dAnne-Marie-.pdf\">Lire la suite<\/a>&#8230;<\/span><br \/>\n<\/em><\/span><\/td>\n<\/tr>\n<tr style=\"height: 18px;\">\n<td style=\"width: 20%; text-align: left; vertical-align: top; height: 18px;\"><\/td>\n<td style=\"width: 80%; text-align: left; vertical-align: middle; height: 18px;\"><span style=\"color: #ffffff;\">.<\/span><\/td>\n<\/tr>\n<tr style=\"height: 18px;\">\n<td style=\"width: 20%; text-align: left; vertical-align: top; height: 18px;\"><img decoding=\"async\" loading=\"lazy\" src=\"https:\/\/avf.asso.fr\/antony\/wp-content\/uploads\/sites\/380\/2021\/06\/Zumba.png\" alt=\"\" class=\"alignnone wp-image-5401\" width=\"120\" height=\"77\" \/><\/td>\n<td style=\"width: 80%; text-align: left; vertical-align: middle; height: 18px;\"><span style=\"color: #800080;\"><strong>FUN DANCE<\/strong><\/span>\u00a0~ Malika NICOLAS<a href=\"https:\/\/avf.asso.fr\/antony\/wp-content\/uploads\/sites\/380\/2021\/07\/2021T3-en-savoir-plus-Atelier-ZUMBA-M-Nicolas.pdf\" target=\"_blank\" rel=\"noopener noreferrer\"><img decoding=\"async\" loading=\"lazy\" src=\"https:\/\/avf.asso.fr\/antony\/wp-content\/uploads\/sites\/380\/2021\/07\/EnSavoirPlusP.jpg\" alt=\"\" class=\"alignnone wp-image-5469\" width=\"31\" height=\"24\" \/><\/a><br \/>\nNovices ou non, que vous sachiez danser ou non, il est facile et agr\u00e9able pour tous de participer \u00e0 ce cours tr\u00e8s festif et fun. Une v\u00e9ritable panac\u00e9e pour le corps, l&rsquo;\u00e2me et l\u2019esprit.<br \/>\n<span style=\"color: #00ccff;\"><em>Jeudi de 17h \u00e0 18h \u00e0 l\u2019Herbier<\/em><\/span><\/td>\n<\/tr>\n<tr style=\"height: 18px;\">\n<td style=\"width: 20%; text-align: left; vertical-align: top; height: 18px;\"><\/td>\n<td style=\"width: 80%; text-align: left; vertical-align: middle; height: 18px;\"><span style=\"color: #ffffff;\">.<\/span><\/td>\n<\/tr>\n<\/tbody>\n<\/table>\n<p>&nbsp;<\/p>\n<p>&nbsp;<\/p>\n<p style=\"text-align: right;\"><em>12\/9\/2023<\/em><\/p>\n<p>&nbsp;<\/p>\n","protected":false},"excerpt":{"rendered":"<p>cette page a \u00e9t\u00e9 modifi\u00e9e. Veuillez cliquer ici &nbsp; &nbsp; &nbsp; &nbsp; &nbsp; &nbsp; &nbsp; &nbsp; &nbsp; &nbsp; &nbsp; &nbsp; RELAXATION ET SPORT D&rsquo;INT\u00c9RIEUR . BOWLING ~ Jean-Paul ARRENAULT Venez passer un bon moment en se joignant \u00e0 notre \u00e9quipe pour d\u00e9couvrir ou am\u00e9liorer la pratique du bowling. Inutile d\u2019\u00eatre un champion, nous jouons pour [&hellip;]<\/p>\n","protected":false},"author":10,"featured_media":0,"parent":7968,"menu_order":1,"comment_status":"closed","ping_status":"closed","template":"","meta":[],"acf":[],"_links":{"self":[{"href":"https:\/\/avf.asso.fr\/antony\/wp-json\/wp\/v2\/pages\/1831"}],"collection":[{"href":"https:\/\/avf.asso.fr\/antony\/wp-json\/wp\/v2\/pages"}],"about":[{"href":"https:\/\/avf.asso.fr\/antony\/wp-json\/wp\/v2\/types\/page"}],"author":[{"embeddable":true,"href":"https:\/\/avf.asso.fr\/antony\/wp-json\/wp\/v2\/users\/10"}],"replies":[{"embeddable":true,"href":"https:\/\/avf.asso.fr\/antony\/wp-json\/wp\/v2\/comments?post=1831"}],"version-history":[{"count":14,"href":"https:\/\/avf.asso.fr\/antony\/wp-json\/wp\/v2\/pages\/1831\/revisions"}],"predecessor-version":[{"id":8920,"href":"https:\/\/avf.asso.fr\/antony\/wp-json\/wp\/v2\/pages\/1831\/revisions\/8920"}],"up":[{"embeddable":true,"href":"https:\/\/avf.asso.fr\/antony\/wp-json\/wp\/v2\/pages\/7968"}],"wp:attachment":[{"href":"https:\/\/avf.asso.fr\/antony\/wp-json\/wp\/v2\/media?parent=1831"}],"curies":[{"name":"wp","href":"https:\/\/api.w.org\/{rel}","templated":true}]}}