{"id":1036,"date":"2019-03-18T15:06:14","date_gmt":"2019-03-18T14:06:14","guid":{"rendered":"https:\/\/avf.asso.fr\/antony\/?page_id=1036"},"modified":"2023-12-01T06:22:32","modified_gmt":"2023-12-01T05:22:32","slug":"activites-artistiques","status":"publish","type":"page","link":"https:\/\/avf.asso.fr\/antony\/activites\/activites-artistiques\/","title":{"rendered":"Activit\u00e9s Artistiques"},"content":{"rendered":"<div>\n<div>\n<p>&nbsp;<\/p>\n<\/div>\n<\/div>\n<table style=\"width: 100%; border-collapse: collapse;\" border=\"0\">\n<tbody>\n<tr style=\"height: 200px;\">\n<td style=\"text-align: left; vertical-align: top; width: 19.6852%; height: 200px;\">\n<h2><em><span style=\"color: #008000;\">2023-2024<br \/>\n<\/span><\/em><\/h2>\n<p>&nbsp;<\/td>\n<td style=\"width: 80.3148%; vertical-align: middle; text-align: center; height: 200px;\">\n<p>&nbsp;<\/p>\n<p><span style=\"color: #800080;\"><em><strong>(*)<\/strong> : Activit\u00e9 requ\u00e9rant d\u2019avoir des connaissances de base en la mati\u00e8re.<\/em><\/span><\/p>\n<p><span style=\"color: #800080;\"><em>Pour en savoir plus sur certaines activit\u00e9s, cliquer sur le lien : <span><strong>D\u00e9tails et informations<\/strong><\/span><br \/>\n<\/em><em>Localisation des salles : <a href=\"https:\/\/avf.asso.fr\/antony\/votre-avf\/locaux-des-activites\/\" target=\"_blank\" rel=\"noopener noreferrer\" style=\"color: #800080;\"><img decoding=\"async\" loading=\"lazy\" class=\"alignnone wp-image-4097\" src=\"https:\/\/avf.asso.fr\/antony\/wp-content\/uploads\/sites\/380\/2020\/06\/plan-locaux-273x300.jpg\" alt=\"\" width=\"29\" height=\"31\" \/><\/a><\/em><\/span><\/td>\n<\/tr>\n<tr style=\"height: 18px;\">\n<td style=\"text-align: left; vertical-align: top; width: 19.6852%; height: 18px;\"><\/td>\n<td style=\"width: 80.3148%; text-align: left; vertical-align: middle; height: 18px;\"><span style=\"color: #ffffff;\">.<\/span><span style=\"color: #800080;\"><strong><br \/>\n<\/strong><\/span><\/td>\n<\/tr>\n<tr style=\"height: 127px;\">\n<td style=\"height: 127px; text-align: left; vertical-align: top; width: 19.6852%;\"><img decoding=\"async\" loading=\"lazy\" src=\"https:\/\/avf.asso.fr\/antony\/wp-content\/uploads\/sites\/380\/2021\/06\/Aquarelle.png\" alt=\"\" class=\"alignnone wp-image-5318\" width=\"120\" height=\"102\" \/><\/td>\n<td style=\"height: 127px; width: 80.3148%; text-align: left; vertical-align: middle;\"><span style=\"color: #800080;\"><strong>AQUARELLE<\/strong><\/span><br \/>\nNous avons tous un potentiel cr\u00e9atif que l\u2019on peut d\u00e9velopper en partageant ensemble nos connaissances.<br \/>\nDeux groupes au choix <span style=\"color: #3366ff;\"><em>\u00e0 Vasarely<\/em><\/span> :<br \/>\n<span style=\"color: #3366ff;\"><em>1. le mardi de 16h30 \u00e0 19h <\/em><\/span>~ Alain GRAINAUT-MAGALLON\u00a0 <a href=\"https:\/\/avf.asso.fr\/antony\/wp-content\/uploads\/sites\/380\/2022\/02\/2021T3-en-savoir-plus-Atelier-AQUARELLE-1-A-Grainaut-scaled-1.jpg\" target=\"_blank\" rel=\"noopener noreferrer\"><\/a><br \/>\n<span style=\"color: #ffffff;\">.<\/span> \u00a0 <span style=\"color: #000080;\"><a href=\"https:\/\/avf.asso.fr\/antony\/wp-content\/uploads\/sites\/380\/2023\/05\/2023-2024-en-savoir-plus-Atelier-AQUARELLE-1-A-Grainaut-M.jpg\" style=\"color: #000080;\"><em><strong>D\u00e9tails et informations<\/strong><\/em><\/a><\/span><br \/>\n<span style=\"color: #3366ff;\"><em>2. le jeudi de 14h \u00e0 16h30\u00a0 <\/em><\/span>~ Fran\u00e7ois GOUTET et Philippe ALGARON\u00a0 <a href=\"https:\/\/avf.asso.fr\/antony\/wp-content\/uploads\/sites\/380\/2021\/07\/2021T3-en-savoir-plus-Atelier-Aquarelle-2-F-Goutet-P-Algaron.pdf\" target=\"_blank\" rel=\"noopener noreferrer\"><\/a><br \/>\n<span style=\"color: #ffffff;\">.<\/span>\u00a0\u00a0 <span style=\"color: #000080;\"><em><strong><a href=\"https:\/\/avf.asso.fr\/antony\/wp-content\/uploads\/sites\/380\/2023\/08\/2023-2024-en-savoir-plus-Atelier-Aquarelle-2-F-Goutet.pdf\" style=\"color: #000080;\">D\u00e9tails et informations<\/a><\/strong><\/em><\/span><br \/>\n<em><span style=\"color: #ff0000;\"><\/span><\/em><\/td>\n<\/tr>\n<tr style=\"height: 10px;\">\n<td style=\"height: 10px; width: 19.6852%; text-align: left; vertical-align: top;\"><\/td>\n<td style=\"height: 10px; width: 80.3148%; text-align: left; vertical-align: middle;\"><span style=\"color: #ffffff;\">.<\/span><\/td>\n<\/tr>\n<tr style=\"height: 10px;\">\n<td style=\"height: 10px; width: 19.6852%; text-align: left; vertical-align: top;\"><img decoding=\"async\" loading=\"lazy\" src=\"https:\/\/avf.asso.fr\/antony\/wp-content\/uploads\/sites\/380\/2021\/06\/ArtFloral.png\" alt=\"\" class=\"alignnone wp-image-5319\" width=\"120\" height=\"181\" \/><\/td>\n<td style=\"height: 10px; width: 80.3148%; text-align: left; vertical-align: middle;\">\n<p><span style=\"color: #800080;\"><strong>ART FLORAL<\/strong><\/span>\u00a0~ Mary-France BELMONT\u00a0 <a href=\"https:\/\/avf.asso.fr\/antony\/wp-content\/uploads\/sites\/380\/2021\/07\/2021T3-en-savoir-plus-Atelier-ART-FLORAL-MF-Belmont.pdf\" target=\"_blank\" rel=\"noopener noreferrer\"><\/a><\/p>\n<p>Initiation \u00e0 l\u2019Ik\u00e9bana, \u00e9cole Sogetsu, une composition florale qui met en valeur fleurs et v\u00e9g\u00e9taux dans un ensemble harmonieux, d\u00e9pouill\u00e9 et dynamique, tout en laissant une large part \u00e0 l\u2019imagination.<br \/>\n<span style=\"color: #ffffff;\">.<\/span>\u00a0\u00a0 <span style=\"color: #000080;\"><a href=\"https:\/\/avf.asso.fr\/antony\/wp-content\/uploads\/sites\/380\/2023\/05\/2023-2024-en-savoir-plus-Atelier-Art-floral-MFBelmont.pdf\" style=\"color: #000080;\"><em><strong>D\u00e9tails et informations<\/strong><\/em><\/a><\/span><br \/>\n<em><span style=\"color: #00ccff;\"><span style=\"color: #3366ff;\">3<sup>e<\/sup> vendredi de 14h \u00e0 17h au Centre Andr\u00e9 Malraux<\/span><br \/>\n<\/span><\/em><em><span style=\"color: #ff0000;\"><\/span><\/em><\/td>\n<\/tr>\n<tr style=\"height: 18px;\">\n<td style=\"width: 19.6852%; text-align: left; vertical-align: top; height: 18px;\"><\/td>\n<td style=\"width: 80.3148%; text-align: left; vertical-align: middle; height: 18px;\"><span style=\"color: #ffffff;\">\u00a0<\/span><\/td>\n<\/tr>\n<tr style=\"height: 121px;\">\n<td style=\"width: 19.6852%; text-align: left; vertical-align: top; height: 121px;\"><img decoding=\"async\" loading=\"lazy\" src=\"https:\/\/avf.asso.fr\/antony\/wp-content\/uploads\/sites\/380\/2021\/06\/TricotCrochet.png\" alt=\"\" class=\"alignnone wp-image-5324\" width=\"120\" height=\"117\" \/><\/td>\n<td style=\"width: 80.3148%; text-align: left; vertical-align: middle; height: 121px;\"><span style=\"color: #ffffff;\"><span><strong><span style=\"color: #800080;\">CLUB TRICOT<\/span> <span style=\"color: #000000;\">~<\/span>\u00a0<\/strong><span class=\"markedContent\" id=\"page3R_mcid17\"><span role=\"presentation\" dir=\"ltr\"><span style=\"color: #000000;\">Fran\u00e7oise Meaudre<\/span><br \/>\n<\/span><\/span><strong><\/strong><\/span><span style=\"color: #000000;\"><span class=\"markedContent\" id=\"page3R_mcid23\"><span role=\"presentation\" dir=\"ltr\">Vous \u00eates d\u00e9butants ou d\u00e9butantes, ou vous cherchez \u00e0 vous perfectionner.<\/span><\/span><span class=\"markedContent\" id=\"page3R_mcid24\"><br role=\"presentation\" \/><span role=\"presentation\" dir=\"ltr\">Venez nous rejoindre avec aiguilles et laine<\/span><\/span>s.<\/span><br \/>\n<a href=\"https:\/\/avf.asso.fr\/antony\/wp-content\/uploads\/sites\/380\/2023\/05\/2023-2024-en-savoir-plus-ClubTricot-F-Meaudre.pdf\"><span><em><strong>Lire la suite&#8230;<\/strong><\/em><\/span><\/a><br \/>\n<span style=\"color: #3366ff;\"><em><span class=\"markedContent\" id=\"page3R_mcid20\"><span role=\"presentation\" dir=\"ltr\">Le lundi de 10h \u00e0 12h \u00e0 Vasarely <\/span><\/span><\/em><\/span><\/span><\/td>\n<\/tr>\n<tr style=\"height: 10px;\">\n<td style=\"height: 10px; width: 19.6852%; text-align: left; vertical-align: top;\"><\/td>\n<td style=\"height: 10px; width: 80.3148%; text-align: left; vertical-align: middle;\"><span style=\"color: #ffffff;\">.<\/span><\/td>\n<\/tr>\n<tr style=\"height: 10px;\">\n<td style=\"height: 10px; width: 19.6852%; text-align: left; vertical-align: top;\"><img decoding=\"async\" loading=\"lazy\" src=\"https:\/\/avf.asso.fr\/antony\/wp-content\/uploads\/sites\/380\/2021\/06\/Dessin.png\" alt=\"\" class=\"alignnone wp-image-5320\" width=\"120\" height=\"103\" \/><\/td>\n<td style=\"height: 10px; width: 80.3148%; text-align: left; vertical-align: middle;\"><span style=\"color: #800080;\"><strong>DESSIN<\/strong><\/span> ~ Alain GRAINAUT-MAGALLON\u00a0 <a href=\"https:\/\/avf.asso.fr\/antony\/wp-content\/uploads\/sites\/380\/2022\/02\/2021T3-en-savoir-plus-Atelier-DESSIN-A-Grainaut-scaled-1.jpg\" target=\"_blank\" rel=\"noopener noreferrer\"><\/a><br \/>\nCet atelier nous permet de go\u00fbter et de retrouver tout simplement le plaisir de dessiner ensemble. Les th\u00e8mes abord\u00e9s peuvent \u00eatre aussi personnalis\u00e9s au rythme de chacun.<br \/>\n<span style=\"color: #ffffff;\">.\u00a0<\/span>\u00a0 <span style=\"color: #000080;\"><a href=\"https:\/\/avf.asso.fr\/antony\/wp-content\/uploads\/sites\/380\/2023\/07\/2023-2024-en-savoir-plus-Atelier-DESSIN-A-Grainaut-M.jpg\" style=\"color: #000080;\"><em><strong>D\u00e9tails et informations<\/strong><\/em><\/a><\/span><br \/>\n<span style=\"color: #3366ff;\"><em>Jeudi de 16h30 \u00e0 18h30 \u00e0 Vasarely<\/em><\/span><\/td>\n<\/tr>\n<tr style=\"height: 10px;\">\n<td style=\"height: 10px; width: 19.6852%; text-align: left; vertical-align: top;\"><\/td>\n<td style=\"height: 10px; width: 80.3148%; text-align: left; vertical-align: middle;\"><span style=\"color: #ffffff;\">.<\/span><\/td>\n<\/tr>\n<tr style=\"height: 10px;\">\n<td style=\"height: 10px; width: 19.6852%; text-align: left; vertical-align: top;\"><img decoding=\"async\" loading=\"lazy\" src=\"https:\/\/avf.asso.fr\/antony\/wp-content\/uploads\/sites\/380\/2021\/06\/PatchworkABB.png\" alt=\"\" class=\"alignnone wp-image-5321\" width=\"120\" height=\"96\" \/><\/td>\n<td style=\"height: 10px; width: 80.3148%; text-align: left; vertical-align: middle;\"><strong><span style=\"color: #800080;\">PATCHWORK, APPLIQU\u00c9, BRODERIE, BOUTIS<\/span><\/strong> ~ Nicole MARC\u00a0 <a href=\"https:\/\/avf.asso.fr\/antony\/wp-content\/uploads\/sites\/380\/2021\/11\/2021-2022-en-savoir-plus-Atelier-Patchwork-N-Marc-v3.pdf\" target=\"_blank\" rel=\"noopener noreferrer\"><\/a><br \/>\nNovices ou non, venez r\u00e9aliser des ouvrages utiles, d\u00e9coratifs ou ludiques.<br \/>\n<span style=\"color: #ffffff;\">.\u00a0\u00a0 <\/span><a href=\"https:\/\/avf.asso.fr\/antony\/activites\/patchwork-applique-broderie-boutis\/\"><span style=\"color: #000080;\"><em><strong>D\u00e9tails et informations<\/strong><\/em><\/span><\/a><br \/>\n<em><span><\/span><\/em><span style=\"color: #3366ff;\"><em>Le Lundi de 13h30 \u00e0 15h30 \u00e0 Vasarely<\/em><\/span><\/td>\n<\/tr>\n<tr style=\"height: 10px;\">\n<td style=\"height: 10px; width: 19.6852%; text-align: left; vertical-align: top;\"><\/td>\n<td style=\"height: 10px; width: 80.3148%; text-align: left; vertical-align: middle;\"><span style=\"color: #ffffff;\">.<\/span><\/td>\n<\/tr>\n<tr style=\"height: 10px;\">\n<td style=\"height: 10px; width: 19.6852%; text-align: left; vertical-align: top;\"><img decoding=\"async\" loading=\"lazy\" src=\"https:\/\/avf.asso.fr\/antony\/wp-content\/uploads\/sites\/380\/2021\/06\/PeintureHA.png\" alt=\"\" class=\"alignnone wp-image-5322\" width=\"120\" height=\"103\" \/><\/td>\n<td style=\"height: 10px; width: 80.3148%; text-align: left; vertical-align: middle;\"><strong><span style=\"color: #800080;\">PEINTURE Huile et acrylique<\/span><\/strong> (*) ~ Esp\u00e9rance ROCA\u00a0 <a href=\"https:\/\/avf.asso.fr\/antony\/wp-content\/uploads\/sites\/380\/2021\/07\/2021T3-en-savoir-plus-Atelier-PEINTURE-a-lhuile-ERoca.pdf\" target=\"_blank\" rel=\"noopener noreferrer\"><\/a><br \/>\nChaque participant choisit son sujet et sa mati\u00e8re, l\u2019animatrice leur donne des conseils pour l\u2019ex\u00e9cution des tableaux.<br \/>\n<a href=\"https:\/\/avf.asso.fr\/antony\/wp-content\/uploads\/sites\/380\/2023\/05\/2023-2024-en-savoir-plus-Atelier-Peinture-ERoca.pdf\"><span><span style=\"color: #800080;\"><em><strong><span style=\"color: #000080;\">Lire la suite&#8230;<\/span><\/strong><\/em><\/span><\/span><\/a><br \/>\n<span style=\"color: #3366ff;\"><em>Le Mardi de 13h30 \u00e0 16h \u00e0 Vasarely<\/em><\/span><\/td>\n<\/tr>\n<tr style=\"height: 10px;\">\n<td style=\"height: 10px; width: 19.6852%; text-align: left; vertical-align: top;\"><\/td>\n<td style=\"height: 10px; width: 80.3148%; text-align: left; vertical-align: middle;\"><span style=\"color: #ffffff;\">.<\/span><\/td>\n<\/tr>\n<tr style=\"height: 10px;\">\n<td style=\"height: 10px; width: 19.6852%; text-align: left; vertical-align: top;\"><img decoding=\"async\" loading=\"lazy\" src=\"https:\/\/avf.asso.fr\/antony\/wp-content\/uploads\/sites\/380\/2021\/06\/Theatre.png\" alt=\"\" class=\"alignnone wp-image-5323\" width=\"120\" height=\"101\" \/><\/td>\n<td style=\"height: 10px; width: 80.3148%; text-align: left; vertical-align: middle;\"><span style=\"color: #800080;\"><strong>TH\u00c9\u00c2TRE<\/strong><\/span> ~ Florence JOLIER\u00a0 <a href=\"https:\/\/avf.asso.fr\/antony\/wp-content\/uploads\/sites\/380\/2021\/07\/2021T3-en-savoir-plus-Atelier-THEATRE-F-Jolier.pdf\" target=\"_blank\" rel=\"noopener noreferrer\"><\/a><br \/>\nLes ma\u00eetres mots de l\u2019atelier : amusement, plaisir, bienveillance et surtout esprit de groupe. Laissons libre court \u00e0 notre imagination et notre fantaisie, en \u00e9tant cr\u00e9atif et spontan\u00e9, et pr\u00eat \u00e0 sortir de notre zone de confort ! La pr\u00e9sentation aura lieu le 26 septembre 2022 en salle Indigo.<br \/>\n<a href=\"https:\/\/avf.asso.fr\/antony\/wp-content\/uploads\/sites\/380\/2023\/05\/2023-2024-en-savoir-plus-Atelier-Theatre-F-Jolier.pdf\"><span><span style=\"color: #800080;\"><em><strong><span style=\"color: #000080;\">Lire la suite&#8230;<\/span><\/strong><\/em><\/span><\/span><\/a><br \/>\n<span style=\"color: #3366ff;\"><em>Le Lundi de 19h30 \u00e0 22h \u00e0 Vasarely<\/em><\/span><\/td>\n<\/tr>\n<tr style=\"height: 10px;\">\n<td style=\"height: 10px; width: 19.6852%; text-align: left; vertical-align: top;\"><\/td>\n<td style=\"height: 10px; width: 80.3148%; text-align: left; vertical-align: middle;\"><span style=\"color: #ffffff;\">.<\/span><\/td>\n<\/tr>\n<tr style=\"height: 10px;\">\n<td style=\"height: 10px; width: 19.6852%; text-align: left; vertical-align: top;\"><img decoding=\"async\" loading=\"lazy\" src=\"https:\/\/avf.asso.fr\/antony\/wp-content\/uploads\/sites\/380\/2021\/06\/TricotCrochet.png\" alt=\"\" class=\"alignnone wp-image-5324\" width=\"120\" height=\"117\" \/><\/td>\n<td style=\"height: 10px; width: 80.3148%; text-align: left; vertical-align: middle;\"><span style=\"color: #800080;\"><strong>TRICOT, CROCHET<\/strong><\/span> ~ Alice MIRALLES\u00a0 <a href=\"https:\/\/avf.asso.fr\/antony\/wp-content\/uploads\/sites\/380\/2021\/07\/2021T3-en-savoir-plus-Ateliers-Tricot-Crochet-1-et-2-A-Mirales-.pdf\" target=\"_blank\" rel=\"noopener noreferrer\"><\/a><br \/>\n<span>Pour apprendre \u00e0 tricoter ou crocheter, ou vous perfectionner, ou si vous besoin de conseils pour finaliser un ouvrage, venez nous rejoindre.<\/span><br \/>\n<a href=\"https:\/\/avf.asso.fr\/antony\/wp-content\/uploads\/sites\/380\/2023\/10\/AVF_ATELIER-TRICOT-CROCHET_en-savoir-plus-2023-avec-photo.pdf\" target=\"_blank\" rel=\"noopener\"><span><span style=\"color: #800080;\"><em><strong><span style=\"color: #000080;\">Lire la suite&#8230;<\/span><\/strong><\/em><\/span><\/span><\/a><br \/>\nDeux groupes au choix, <span style=\"color: #3366ff;\"><em>\u00e0 Vasarely :<\/em><\/span><br \/>\n<span style=\"color: #3366ff;\"><em>1. le mardi de 17h00 \u00e0 18h30<\/em><\/span><br \/>\n<span style=\"color: #3366ff;\"><em>2. le mardi de 18h30 \u00e0 20H00<\/em><\/span><\/td>\n<\/tr>\n<tr style=\"height: 18px;\">\n<td style=\"width: 19.6852%; text-align: left; vertical-align: top; height: 18px;\"><\/td>\n<td style=\"width: 80.3148%; text-align: left; vertical-align: middle; height: 18px;\"><span style=\"color: #800080;\"><strong>\u00a0<\/strong><\/span><\/td>\n<\/tr>\n<\/tbody>\n<\/table>\n<p>&nbsp;<\/p>\n<p>&nbsp;<\/p>\n<p style=\"text-align: right;\"><em>25\/5\/2023<\/em><\/p>\n<p>&nbsp;<\/p>\n","protected":false},"excerpt":{"rendered":"<p>&nbsp; 2023-2024 &nbsp; &nbsp; (*) : Activit\u00e9 requ\u00e9rant d\u2019avoir des connaissances de base en la mati\u00e8re. Pour en savoir plus sur certaines activit\u00e9s, cliquer sur le lien : D\u00e9tails et informations Localisation des salles : . AQUARELLE Nous avons tous un potentiel cr\u00e9atif que l\u2019on peut d\u00e9velopper en partageant ensemble nos connaissances. Deux groupes au [&hellip;]<\/p>\n","protected":false},"author":10,"featured_media":0,"parent":7968,"menu_order":1,"comment_status":"closed","ping_status":"closed","template":"","meta":[],"acf":[],"_links":{"self":[{"href":"https:\/\/avf.asso.fr\/antony\/wp-json\/wp\/v2\/pages\/1036"}],"collection":[{"href":"https:\/\/avf.asso.fr\/antony\/wp-json\/wp\/v2\/pages"}],"about":[{"href":"https:\/\/avf.asso.fr\/antony\/wp-json\/wp\/v2\/types\/page"}],"author":[{"embeddable":true,"href":"https:\/\/avf.asso.fr\/antony\/wp-json\/wp\/v2\/users\/10"}],"replies":[{"embeddable":true,"href":"https:\/\/avf.asso.fr\/antony\/wp-json\/wp\/v2\/comments?post=1036"}],"version-history":[{"count":14,"href":"https:\/\/avf.asso.fr\/antony\/wp-json\/wp\/v2\/pages\/1036\/revisions"}],"predecessor-version":[{"id":8369,"href":"https:\/\/avf.asso.fr\/antony\/wp-json\/wp\/v2\/pages\/1036\/revisions\/8369"}],"up":[{"embeddable":true,"href":"https:\/\/avf.asso.fr\/antony\/wp-json\/wp\/v2\/pages\/7968"}],"wp:attachment":[{"href":"https:\/\/avf.asso.fr\/antony\/wp-json\/wp\/v2\/media?parent=1036"}],"curies":[{"name":"wp","href":"https:\/\/api.w.org\/{rel}","templated":true}]}}