{"id":1032,"date":"2019-03-18T15:07:34","date_gmt":"2019-03-18T14:07:34","guid":{"rendered":"https:\/\/avf.asso.fr\/antony\/?page_id=1032"},"modified":"2023-04-25T21:55:24","modified_gmt":"2023-04-25T19:55:24","slug":"photos","status":"publish","type":"page","link":"https:\/\/avf.asso.fr\/antony\/photos\/","title":{"rendered":"Photos"},"content":{"rendered":"<p><strong style=\"text-align: right;\">Cette rubrique propose des liens <\/strong><strong>vers :<\/strong><\/p>\n<ul>\n<li>des photos-souvenirs prises par des participants lors d&rsquo;Activit\u00e9s, Sorties et Manifestations d&rsquo;AVF Antony,<\/li>\n<li>d&rsquo;autres photos de l&rsquo;Association.<\/li>\n<\/ul>\n<table class=\" cke_show_border\" style=\"height: 894px;\">\n<tbody>\n<tr style=\"height: 54px;\">\n<td style=\"height: 54px; width: 14px;\">\n<h3><span style=\"color: #008000;\">&gt;<br \/>\n<\/span><\/h3>\n<\/td>\n<td style=\"height: 54px; width: 512px;\">\n<h3><span style=\"color: #008000;\"> PHOTOS DES ACTIVIT\u00c9S :<\/span><\/h3>\n<\/td>\n<td style=\"height: 54px; width: 10px;\"><\/td>\n<\/tr>\n<tr style=\"height: 55px;\">\n<td style=\"width: 14px; height: 55px;\"><\/td>\n<td style=\"width: 512px; height: 55px;\">\n<h4><em><span style=\"color: #0000ff;\"><span style=\"color: #ff6600;\">ACTIVIT\u00c9S SPORT ET RELAXATION<\/span><br \/>\n<\/span><\/em><\/h4>\n<\/td>\n<td style=\"width: 10px; height: 55px;\"><\/td>\n<\/tr>\n<tr style=\"height: 55px;\">\n<td style=\"height: 55px; width: 14px;\"><\/td>\n<td style=\"height: 55px; width: 512px;\">\n<h4 style=\"padding-left: 30px;\"><a href=\"https:\/\/avf.asso.fr\/antony\/photos\/photos-bowling\" rel=\"noopener\"><em><img decoding=\"async\" loading=\"lazy\" src=\"https:\/\/avf.asso.fr\/antony\/wp-content\/uploads\/sites\/380\/2021\/06\/Bowling.png\" alt=\"\" class=\"alignnone wp-image-5405\" width=\"108\" height=\"78\" \/>Bowling&#8230;<\/em><\/a><\/h4>\n<\/td>\n<td style=\"height: 55px; width: 10px;\"><\/td>\n<\/tr>\n<tr style=\"height: 55px;\">\n<td style=\"height: 55px; width: 14px;\"><\/td>\n<td style=\"height: 55px; width: 512px;\">\n<h5 style=\"padding-left: 30px;\"><a href=\"https:\/\/avf.asso.fr\/antony\/photos\/photos-gymnastique-agee\" rel=\"noopener\"><em><img decoding=\"async\" loading=\"lazy\" src=\"https:\/\/avf.asso.fr\/antony\/wp-content\/uploads\/sites\/380\/2021\/09\/GymIntegrale.png\" alt=\"\" class=\"alignnone wp-image-5862\" width=\"104\" height=\"83\" \/>Gymnastique AGEE&#8230;<\/em><\/a><\/h5>\n<\/td>\n<td style=\"height: 55px; width: 10px;\"><\/td>\n<\/tr>\n<tr style=\"height: 55px;\">\n<td style=\"height: 55px; width: 14px;\"><\/td>\n<td style=\"height: 55px; width: 512px;\">\n<h5 style=\"padding-left: 30px;\"><a href=\"https:\/\/avf.asso.fr\/antony\/photos\/photos-marche-nordique\"><em><img decoding=\"async\" loading=\"lazy\" src=\"https:\/\/avf.asso.fr\/antony\/wp-content\/uploads\/sites\/380\/2021\/06\/Marche-Nordique.png\" alt=\"\" class=\"alignnone wp-image-5390\" width=\"99\" height=\"74\" \/>Marche Nordique&#8230;<\/em><\/a><em><\/em><span style=\"color: #ff0000;\"><em><br \/>\n<\/em><\/span><\/h5>\n<\/td>\n<td style=\"height: 55px; width: 10px;\"><\/td>\n<\/tr>\n<tr style=\"height: 55px;\">\n<td style=\"height: 55px; width: 14px;\"><\/td>\n<td style=\"height: 55px; width: 512px;\">\n<h5 style=\"padding-left: 30px;\"><a href=\"https:\/\/avf.asso.fr\/antony\/photos\/photos-petanque\/\" rel=\"noopener\"><em><img decoding=\"async\" loading=\"lazy\" src=\"https:\/\/avf.asso.fr\/antony\/wp-content\/uploads\/sites\/380\/2021\/06\/Petanque.png\" alt=\"\" class=\"alignnone wp-image-5393\" width=\"103\" height=\"92\" \/>P\u00e9tanque&#8230;<\/em><\/a><\/h5>\n<\/td>\n<td style=\"height: 55px; width: 10px;\"><\/td>\n<\/tr>\n<tr style=\"height: 55px;\">\n<td style=\"height: 55px; width: 14px;\"><\/td>\n<td style=\"height: 55px; width: 512px;\">\n<h5 style=\"padding-left: 30px;\"><a href=\"https:\/\/avf.asso.fr\/antony\/photos\/photos-promenades-conviviales\"><em><img decoding=\"async\" loading=\"lazy\" src=\"https:\/\/avf.asso.fr\/antony\/wp-content\/uploads\/sites\/380\/2021\/06\/PromenadesConviviales.png\" alt=\"\" class=\"alignnone wp-image-5394\" width=\"102\" height=\"66\" \/>Promenades Conviviales&#8230;<\/em><\/a><\/h5>\n<\/td>\n<td style=\"height: 55px; width: 10px;\"><\/td>\n<\/tr>\n<tr>\n<td style=\"width: 14px;\"><\/td>\n<td style=\"width: 512px;\">\n<h5><a href=\"https:\/\/avf.asso.fr\/antony\/photos\/photos-promenades-conviviales\"><em><\/em><\/a><\/h5>\n<h5>\u00a0 <a href=\"https:\/\/avf.asso.fr\/antony\/photos\/photos-promenades-conviviales\"><em><img decoding=\"async\" loading=\"lazy\" src=\"https:\/\/avf.asso.fr\/antony\/wp-content\/uploads\/sites\/380\/2023\/04\/groupe-guide-tenant-drapeau-illustration-plate_74855-18752-300x140.jpg\" alt=\"\" class=\"alignnone wp-image-7339\" width=\"133\" height=\"62\" srcset=\"https:\/\/avf.asso.fr\/antony\/wp-content\/uploads\/sites\/380\/2023\/04\/groupe-guide-tenant-drapeau-illustration-plate_74855-18752-300x140.jpg 300w, https:\/\/avf.asso.fr\/antony\/wp-content\/uploads\/sites\/380\/2023\/04\/groupe-guide-tenant-drapeau-illustration-plate_74855-18752-768x359.jpg 768w, https:\/\/avf.asso.fr\/antony\/wp-content\/uploads\/sites\/380\/2023\/04\/groupe-guide-tenant-drapeau-illustration-plate_74855-18752.jpg 902w\" sizes=\"(max-width: 133px) 100vw, 133px\" \/><\/em><\/a><a href=\"https:\/\/avf.asso.fr\/antony\/photos-balades-parisiennes\/\"><em>Balades Parisiennes&#8230;<\/em><\/a><\/h5>\n<h5 style=\"padding-left: 30px;\"><\/h5>\n<\/td>\n<td style=\"width: 10px;\"><\/td>\n<\/tr>\n<tr style=\"height: 55px;\">\n<td style=\"height: 55px; width: 14px;\"><\/td>\n<td style=\"height: 55px; width: 512px;\">\n<h5 style=\"padding-left: 30px;\"><a href=\"https:\/\/avf.asso.fr\/antony\/photos\/photos-qi-gong\/\"><em><img decoding=\"async\" loading=\"lazy\" src=\"https:\/\/avf.asso.fr\/antony\/wp-content\/uploads\/sites\/380\/2021\/06\/Qi-Gong.png\" alt=\"\" class=\"alignnone wp-image-5395\" width=\"100\" height=\"85\" \/>Qi Gong&#8230;<\/em><\/a><em><\/em><span style=\"color: #ff0000;\"><em><br \/>\n<\/em><\/span><\/h5>\n<\/td>\n<td style=\"height: 55px; width: 10px;\"><\/td>\n<\/tr>\n<tr style=\"height: 55px;\">\n<td style=\"height: 55px; width: 14px;\"><\/td>\n<td style=\"height: 55px; width: 512px;\">\n<h5 style=\"padding-left: 30px;\"><a href=\"https:\/\/avf.asso.fr\/antony\/photos\/photos-randonnee\/\"><em><img decoding=\"async\" loading=\"lazy\" src=\"https:\/\/avf.asso.fr\/antony\/wp-content\/uploads\/sites\/380\/2021\/06\/RandonneePedestre.png\" alt=\"\" class=\"alignnone wp-image-5396\" width=\"100\" height=\"84\" \/> \u00a0 Randonn\u00e9e (dont l&rsquo;Antonienne)&#8230;<\/em><\/a><\/h5>\n<\/td>\n<td style=\"height: 55px; width: 10px;\"><\/td>\n<\/tr>\n<tr style=\"height: 128px;\">\n<td style=\"width: 14px; height: 128px;\"><\/td>\n<td style=\"width: 512px; height: 128px;\">\n<h5 style=\"padding-left: 30px;\"><em><img decoding=\"async\" loading=\"lazy\" src=\"https:\/\/avf.asso.fr\/antony\/wp-content\/uploads\/sites\/380\/2023\/04\/Bungy-Pump-800x600-1-300x225.jpg\" alt=\"\" class=\"alignnone wp-image-7291\" width=\"96\" height=\"72\" srcset=\"https:\/\/avf.asso.fr\/antony\/wp-content\/uploads\/sites\/380\/2023\/04\/Bungy-Pump-800x600-1-300x225.jpg 300w, https:\/\/avf.asso.fr\/antony\/wp-content\/uploads\/sites\/380\/2023\/04\/Bungy-Pump-800x600-1-1024x768.jpg 1024w, https:\/\/avf.asso.fr\/antony\/wp-content\/uploads\/sites\/380\/2023\/04\/Bungy-Pump-800x600-1-768x576.jpg 768w, https:\/\/avf.asso.fr\/antony\/wp-content\/uploads\/sites\/380\/2023\/04\/Bungy-Pump-800x600-1.jpg 1200w\" sizes=\"(max-width: 96px) 100vw, 96px\" \/> \u00a0\u00a0 <a href=\"https:\/\/avf.asso.fr\/antony\/photos\/photos-bungy-pump\">Bungy Pump&#8230;<\/a><br \/>\n<\/em><\/h5>\n<\/td>\n<td style=\"width: 10px; height: 128px;\"><\/td>\n<\/tr>\n<tr style=\"height: 106px;\">\n<td style=\"width: 14px; height: 106px;\"><\/td>\n<td style=\"width: 512px; height: 106px;\">\n<h5 style=\"padding-left: 30px;\"><em><img decoding=\"async\" loading=\"lazy\" src=\"https:\/\/avf.asso.fr\/antony\/wp-content\/uploads\/sites\/380\/2023\/02\/0902_armstrong_4-300x200.jpg\" alt=\"\" class=\"alignnone wp-image-6991\" width=\"98\" height=\"65\" srcset=\"https:\/\/avf.asso.fr\/antony\/wp-content\/uploads\/sites\/380\/2023\/02\/0902_armstrong_4-300x200.jpg 300w, https:\/\/avf.asso.fr\/antony\/wp-content\/uploads\/sites\/380\/2023\/02\/0902_armstrong_4.jpg 600w\" sizes=\"(max-width: 98px) 100vw, 98px\" \/><span style=\"color: #ffffff;\">. \u00a0 <\/span><\/em><a href=\"https:\/\/avf.asso.fr\/antony\/photos\/photos-velo-loisir\/\"><em>V\u00e9lo Loisir&#8230;<\/em><\/a><em><\/em><\/h5>\n<\/td>\n<td style=\"width: 10px; height: 106px;\"><\/td>\n<\/tr>\n<tr style=\"height: 92px;\">\n<td style=\"width: 14px; height: 92px;\"><\/td>\n<td style=\"width: 512px; height: 92px;\">\n<h4><span style=\"color: #ffffff;\">.<\/span><\/h4>\n<h4><span style=\"color: #ff6600;\"><em>ACTIVIT\u00c9S <\/em><\/span><em><span style=\"color: #ff6600;\">ARTISTIQUES<\/span><span style=\"color: #0000ff;\"><br \/>\n<\/span><\/em><\/h4>\n<\/td>\n<td style=\"width: 10px; height: 92px;\"><\/td>\n<\/tr>\n<tr style=\"height: 55px;\">\n<td style=\"height: 55px; width: 14px;\"><\/td>\n<td style=\"height: 55px; width: 512px;\">\n<h5 style=\"padding-left: 30px;\"><a href=\"https:\/\/avf.asso.fr\/antony\/photos\/photos-aquarelle\/\" rel=\"noopener\"><em><img decoding=\"async\" loading=\"lazy\" src=\"https:\/\/avf.asso.fr\/antony\/wp-content\/uploads\/sites\/380\/2021\/06\/Aquarelle.png\" alt=\"\" class=\"alignnone wp-image-5318\" width=\"100\" height=\"85\" \/>Aquarelle&#8230;<\/em><\/a><em><\/em><span style=\"color: #ff0000;\"><em><br \/>\n<\/em><\/span><\/h5>\n<\/td>\n<td style=\"height: 55px; width: 10px;\"><\/td>\n<\/tr>\n<tr style=\"height: 53px;\">\n<td style=\"width: 14px; height: 54px;\"><\/td>\n<td style=\"width: 512px; height: 54px;\">\n<h5 style=\"padding-left: 30px;\"><a href=\"https:\/\/photos.app.goo.gl\/UFgyX2iVdWEjyzh79\" rel=\"noopener\"><em><img decoding=\"async\" loading=\"lazy\" src=\"https:\/\/avf.asso.fr\/antony\/wp-content\/uploads\/sites\/380\/2021\/06\/PatchworkABB.png\" alt=\"\" class=\"alignnone wp-image-5321\" width=\"100\" height=\"80\" \/>Patchwork, appliqu\u00e9, broderie, boutis&#8230;<\/em><\/a><\/h5>\n<\/td>\n<td style=\"width: 10px; height: 54px;\"><\/td>\n<\/tr>\n<tr style=\"height: 55px;\">\n<td style=\"height: 55px; width: 14px;\"><\/td>\n<td style=\"height: 55px; width: 512px;\">\n<h5 style=\"padding-left: 30px;\"><a href=\"https:\/\/photos.google.com\/share\/AF1QipNrJPVhCor4GwEDof-hBQJLVamck2ZaQ0RfdYlgKctZLy5iXR-TUNCyaroVn-bY-w?key=MThqWjIwN0NEenVDYkY4RGRxY1ozSnNSMjZjYkp3\" rel=\"noopener\"><em><img decoding=\"async\" loading=\"lazy\" src=\"https:\/\/avf.asso.fr\/antony\/wp-content\/uploads\/sites\/380\/2021\/06\/PeintureHA.png\" alt=\"\" class=\"alignnone wp-image-5322\" width=\"100\" height=\"86\" \/>Peinture \u00e0 l&rsquo;huile (acrylique)&#8230;<\/em><\/a><\/h5>\n<\/td>\n<td style=\"height: 55px; width: 10px;\"><\/td>\n<\/tr>\n<tr style=\"height: 54px;\">\n<td style=\"height: 54px; width: 14px;\">\n<h3><span style=\"color: #008000;\">&gt;<\/span><\/h3>\n<\/td>\n<td style=\"height: 54px; width: 512px;\">\n<h3><span style=\"color: #008000;\"> PHOTOS DES SORTIES :<\/span><\/h3>\n<\/td>\n<td style=\"height: 54px; width: 10px;\"><\/td>\n<\/tr>\n<tr style=\"height: 55px;\">\n<td style=\"height: 55px; width: 14px;\"><\/td>\n<td style=\"height: 55px; width: 512px;\">\n<h5 style=\"padding-left: 30px;\"><a href=\"https:\/\/avf.asso.fr\/antony\/photos\/photos-sorties-culturelles\"><em><img decoding=\"async\" loading=\"lazy\" src=\"https:\/\/avf.asso.fr\/antony\/wp-content\/uploads\/sites\/380\/2022\/02\/Sortie-culturelle.jpg\" alt=\"\" class=\"alignnone wp-image-6161\" width=\"101\" height=\"68\" \/>Sorties culturelles&#8230;<\/em><\/a><\/h5>\n<\/td>\n<td style=\"height: 55px; width: 10px;\"><\/td>\n<\/tr>\n<tr style=\"height: 54px;\">\n<td style=\"height: 54px; width: 14px;\">\n<h3><span style=\"color: #008000;\">&gt;<br \/>\n<\/span><\/h3>\n<\/td>\n<td style=\"height: 54px; width: 512px;\">\n<h3><span style=\"color: #008000;\"> PHOTOS DES MANIFESTATIONS :<\/span><\/h3>\n<\/td>\n<td style=\"height: 54px; width: 10px;\"><\/td>\n<\/tr>\n<tr style=\"height: 55px;\">\n<td style=\"height: 55px; width: 14px;\"><\/td>\n<td style=\"height: 55px; width: 512px;\">\n<h5 style=\"padding-left: 30px;\"><a href=\"https:\/\/avf.asso.fr\/antony\/photos\/photos-manifestations\/\" rel=\"noopener\"><em><img decoding=\"async\" loading=\"lazy\" src=\"https:\/\/avf.asso.fr\/antony\/wp-content\/uploads\/sites\/380\/2020\/01\/Galette-des-rois.jpg\" alt=\"\" class=\"alignnone wp-image-3331\" width=\"101\" height=\"54\" srcset=\"https:\/\/avf.asso.fr\/antony\/wp-content\/uploads\/sites\/380\/2020\/01\/Galette-des-rois.jpg 461w, https:\/\/avf.asso.fr\/antony\/wp-content\/uploads\/sites\/380\/2020\/01\/Galette-des-rois-300x160.jpg 300w\" sizes=\"(max-width: 101px) 100vw, 101px\" \/>A.G. &#8211; Galette des Rois &#8211; Soir\u00e9es &#8211; Sorties des Adh\u00e9rents, etc. &#8230;<\/em><\/a><\/h5>\n<\/td>\n<td style=\"height: 55px; width: 10px;\"><\/td>\n<\/tr>\n<tr style=\"height: 54px;\">\n<td style=\"height: 54px; width: 14px;\">\n<h3><span style=\"color: #008000;\">&gt;<br \/>\n<\/span><\/h3>\n<\/td>\n<td style=\"height: 54px; width: 512px;\">\n<h3><span style=\"color: #008000;\"> PHOTOS DE L&rsquo;ASSOCIATION :<\/span><\/h3>\n<\/td>\n<td style=\"height: 54px; width: 10px;\"><\/td>\n<\/tr>\n<tr style=\"height: 55px;\">\n<td style=\"height: 55px; width: 14px;\"><\/td>\n<td style=\"height: 55px; width: 512px; padding-left: 30px;\">\n<h5><em>03\/02\/2020 <\/em><em><a href=\"https:\/\/photos.app.goo.gl\/Db7oh1k2f7EK7JYy5\" target=\"_blank\" rel=\"noopener noreferrer\">Rencontre C.A. + Accueillants + Animateurs de randonn\u00e9e&#8230;<\/a><br \/>\n<\/em><\/h5>\n<\/td>\n<td style=\"height: 55px; width: 10px;\"><\/td>\n<\/tr>\n<\/tbody>\n<\/table>\n<p>&nbsp;<\/p>\n<p style=\"text-align: right;\"><em>15\/02\/2021<\/em><\/p>\n<p>&#8211;<\/p>\n","protected":false},"excerpt":{"rendered":"<p>Cette rubrique propose des liens vers : des photos-souvenirs prises par des participants lors d&rsquo;Activit\u00e9s, Sorties et Manifestations d&rsquo;AVF Antony, d&rsquo;autres photos de l&rsquo;Association. &gt; PHOTOS DES ACTIVIT\u00c9S : ACTIVIT\u00c9S SPORT ET RELAXATION Bowling&#8230; Gymnastique AGEE&#8230; Marche Nordique&#8230; P\u00e9tanque&#8230; Promenades Conviviales&#8230; \u00a0 Balades Parisiennes&#8230; Qi Gong&#8230; \u00a0 Randonn\u00e9e (dont l&rsquo;Antonienne)&#8230; \u00a0\u00a0 Bungy Pump&#8230; . \u00a0 [&hellip;]<\/p>\n","protected":false},"author":10,"featured_media":0,"parent":0,"menu_order":0,"comment_status":"closed","ping_status":"closed","template":"","meta":[],"acf":[],"_links":{"self":[{"href":"https:\/\/avf.asso.fr\/antony\/wp-json\/wp\/v2\/pages\/1032"}],"collection":[{"href":"https:\/\/avf.asso.fr\/antony\/wp-json\/wp\/v2\/pages"}],"about":[{"href":"https:\/\/avf.asso.fr\/antony\/wp-json\/wp\/v2\/types\/page"}],"author":[{"embeddable":true,"href":"https:\/\/avf.asso.fr\/antony\/wp-json\/wp\/v2\/users\/10"}],"replies":[{"embeddable":true,"href":"https:\/\/avf.asso.fr\/antony\/wp-json\/wp\/v2\/comments?post=1032"}],"version-history":[{"count":11,"href":"https:\/\/avf.asso.fr\/antony\/wp-json\/wp\/v2\/pages\/1032\/revisions"}],"predecessor-version":[{"id":7343,"href":"https:\/\/avf.asso.fr\/antony\/wp-json\/wp\/v2\/pages\/1032\/revisions\/7343"}],"wp:attachment":[{"href":"https:\/\/avf.asso.fr\/antony\/wp-json\/wp\/v2\/media?parent=1032"}],"curies":[{"name":"wp","href":"https:\/\/api.w.org\/{rel}","templated":true}]}}