{"id":226,"date":"2018-04-26T19:17:52","date_gmt":"2018-04-26T17:17:52","guid":{"rendered":"https:\/\/avf.asso.fr\/angouleme\/?page_id=226"},"modified":"2023-12-18T16:10:04","modified_gmt":"2023-12-18T15:10:04","slug":"animations_regulieres","status":"publish","type":"page","link":"https:\/\/avf.asso.fr\/angouleme\/animations_regulieres\/","title":{"rendered":"Animations r\u00e9guli\u00e8res"},"content":{"rendered":"<p><strong><span style=\"color: #000080;\">LUNDI<\/span><\/strong><\/p>\n<p>13 h 45 : Randonn\u00e9e avec Jacques ou Emmanuel.<\/p>\n<p>18h : Conversation espagnole avec Pierre-Yves.<\/p>\n<p>&nbsp;<\/p>\n<p><strong><span style=\"color: #000080;\">MARDI<\/span><\/strong><\/p>\n<p>15h30 : Conversation italienne avec Ninon.<\/p>\n<p>&nbsp;<\/p>\n<p><strong><span style=\"color: #000080;\">MERCREDI<\/span><\/strong><\/p>\n<p>10 h : Marche douce avec Brigitte.<\/p>\n<p>14 h 15 (une fois par mois) : \u00ab Autour des livres \u00bb (biblioth\u00e8que) anim\u00e9e par Danielle.<\/p>\n<p>14 h 30 (une fois par mois) : Jeux d&rsquo;\u00e9criture &#8211; s\u00e9ances anim\u00e9es par Dani\u00e8le.<\/p>\n<p>&nbsp;<\/p>\n<p><strong><span style=\"color: #000080;\">JEUDI<\/span><\/strong><\/p>\n<p>14 h 30 : Scrabble et jeux de cartes avec Jackie.<\/p>\n<p>&nbsp;<\/p>\n<p>&nbsp;<\/p>\n<p><strong><span style=\"color: #000080;\">VENDREDI\u00a0<\/span><\/strong><\/p>\n<p>10 h \u00a0 \u00a0\u00a0 : Conversation anglaise, d\u00e9butants\/interm\u00e9diaires avec Martin.<\/p>\n<p>14h30 (une fois par mois) : Caf\u00e9-philo avec Magdeleine.<\/p>\n<p>&nbsp;<\/p>\n<p><strong><span style=\"color: #000080;\">mais aussi &#8230;<\/span><\/strong><\/p>\n<p>Des ap\u00e9ros \u2026 une fois par mois en ville. (voir date, heure et lieu sur le programme).<\/p>\n<p>Des ateliers cr\u00e9atifs multi-activit\u00e9s\/caf\u00e9s-accueil avec Karine\u2026 tous les 1er vendredis du mois \u00e0 14 h30 au local.<\/p>\n<p>Des caf\u00e9s-conviviaux \u2026 r\u00e9guli\u00e8rement (voir heure, date et lieu sur le programme).<\/p>\n<p>Des soir\u00e9es saveurs&#8230; un jeudi par mois (souvent le 3\u00e8me jeudi du mois \/ voir programme.)<\/p>\n<p>Des soir\u00e9es Jeux-Desserts avec Ludovic, un jeudi par mois, \u00e0 20h.<\/p>\n<p>Des cin\u00e9-d\u00e9bats&#8230; un jeudi par mois \/ s\u00e9ance autour de 18 h&#8230; une s\u00e9ance de cin\u00e9ma suivie d&rsquo;une discussion dans un caf\u00e9 voisin autour d&rsquo;un pot.<\/p>\n<p>Des visites et sorties culturelles, \u00e0 la d\u00e9couverte du patrimoine local et r\u00e9gional, en semaine, ou le week-end.<\/p>\n<p>Des journ\u00e9es rando-restau, \u00e0 la d\u00e9couverte de la nature environnante et de ses saveurs, le week-end.<\/p>\n<p>&nbsp;<\/p>\n<p>&nbsp;<\/p>\n","protected":false},"excerpt":{"rendered":"<p>LUNDI 13 h 45 : Randonn\u00e9e avec Jacques ou Emmanuel. 18h : Conversation espagnole avec Pierre-Yves. &nbsp; MARDI 15h30 : Conversation italienne avec Ninon. &nbsp; MERCREDI 10 h : Marche douce avec Brigitte. 14 h 15 (une fois par mois) : \u00ab Autour des livres \u00bb (biblioth\u00e8que) anim\u00e9e par Danielle. 14 h 30 (une fois [&hellip;]<\/p>\n","protected":false},"author":1,"featured_media":0,"parent":0,"menu_order":0,"comment_status":"closed","ping_status":"closed","template":"","meta":[],"acf":[],"_links":{"self":[{"href":"https:\/\/avf.asso.fr\/angouleme\/wp-json\/wp\/v2\/pages\/226"}],"collection":[{"href":"https:\/\/avf.asso.fr\/angouleme\/wp-json\/wp\/v2\/pages"}],"about":[{"href":"https:\/\/avf.asso.fr\/angouleme\/wp-json\/wp\/v2\/types\/page"}],"author":[{"embeddable":true,"href":"https:\/\/avf.asso.fr\/angouleme\/wp-json\/wp\/v2\/users\/1"}],"replies":[{"embeddable":true,"href":"https:\/\/avf.asso.fr\/angouleme\/wp-json\/wp\/v2\/comments?post=226"}],"version-history":[{"count":11,"href":"https:\/\/avf.asso.fr\/angouleme\/wp-json\/wp\/v2\/pages\/226\/revisions"}],"predecessor-version":[{"id":1873,"href":"https:\/\/avf.asso.fr\/angouleme\/wp-json\/wp\/v2\/pages\/226\/revisions\/1873"}],"wp:attachment":[{"href":"https:\/\/avf.asso.fr\/angouleme\/wp-json\/wp\/v2\/media?parent=226"}],"curies":[{"name":"wp","href":"https:\/\/api.w.org\/{rel}","templated":true}]}}