{"id":193,"date":"2018-04-25T11:15:28","date_gmt":"2018-04-25T09:15:28","guid":{"rendered":"https:\/\/avf.asso.fr\/angouleme\/?page_id=193"},"modified":"2023-11-13T16:04:34","modified_gmt":"2023-11-13T15:04:34","slug":"informations-pratiques","status":"publish","type":"page","link":"https:\/\/avf.asso.fr\/angouleme\/informations-pratiques\/","title":{"rendered":"Informations pratiques"},"content":{"rendered":"<div tabindex=\"-1\" id=\"malwarebytes-root\" style=\"position: fixed; inset: 0px 0px auto; z-index: 2147483647; width: 100%;\"><\/div>\n<p>Vous pouvez\u00a0 nous joindre par t\u00e9l\u00e9phone au 07 67 72 24 33<\/p>\n<p>Si nous sommes absents, n&rsquo;h\u00e9sitez pas \u00e0 laisser un message, nous vous appellerons tr\u00e8s vite.<\/p>\n<p>Enfin, vous pouvez nous joindre par courriel : avf.angouleme@gmail.com<\/p>\n<p>L&rsquo;AVF est ferm\u00e9 pendant les vacances scolaires.<\/p>\n<p>&nbsp;<\/p>\n","protected":false},"excerpt":{"rendered":"<p>Vous pouvez\u00a0 nous joindre par t\u00e9l\u00e9phone au 07 67 72 24 33 Si nous sommes absents, n&rsquo;h\u00e9sitez pas \u00e0 laisser un message, nous vous appellerons tr\u00e8s vite. Enfin, vous pouvez nous joindre par courriel : avf.angouleme@gmail.com L&rsquo;AVF est ferm\u00e9 pendant les vacances scolaires. &nbsp;<\/p>\n","protected":false},"author":1,"featured_media":0,"parent":0,"menu_order":0,"comment_status":"closed","ping_status":"closed","template":"","meta":[],"acf":[],"_links":{"self":[{"href":"https:\/\/avf.asso.fr\/angouleme\/wp-json\/wp\/v2\/pages\/193"}],"collection":[{"href":"https:\/\/avf.asso.fr\/angouleme\/wp-json\/wp\/v2\/pages"}],"about":[{"href":"https:\/\/avf.asso.fr\/angouleme\/wp-json\/wp\/v2\/types\/page"}],"author":[{"embeddable":true,"href":"https:\/\/avf.asso.fr\/angouleme\/wp-json\/wp\/v2\/users\/1"}],"replies":[{"embeddable":true,"href":"https:\/\/avf.asso.fr\/angouleme\/wp-json\/wp\/v2\/comments?post=193"}],"version-history":[{"count":9,"href":"https:\/\/avf.asso.fr\/angouleme\/wp-json\/wp\/v2\/pages\/193\/revisions"}],"predecessor-version":[{"id":1855,"href":"https:\/\/avf.asso.fr\/angouleme\/wp-json\/wp\/v2\/pages\/193\/revisions\/1855"}],"wp:attachment":[{"href":"https:\/\/avf.asso.fr\/angouleme\/wp-json\/wp\/v2\/media?parent=193"}],"curies":[{"name":"wp","href":"https:\/\/api.w.org\/{rel}","templated":true}]}}