{"id":176,"date":"2018-04-25T11:07:11","date_gmt":"2018-04-25T09:07:11","guid":{"rendered":"https:\/\/avf.asso.fr\/angouleme\/?page_id=176"},"modified":"2023-11-15T17:35:09","modified_gmt":"2023-11-15T16:35:09","slug":"equipe","status":"publish","type":"page","link":"https:\/\/avf.asso.fr\/angouleme\/equipe\/","title":{"rendered":"Equipe"},"content":{"rendered":"<p>Le conseil d&rsquo;administration et le bureau<\/p>\n<p><span style=\"color: #000000;\">\u00a0 \u00a0 \u00a0 \u00a0 \u00a0 \u00a0 \u00a0 \u00a0 \u00a0\u00a0<\/span><\/p>\n<p><strong>Annie AUREGAN<\/strong><\/p>\n<p><strong>Fatima BELARBI\u00a0 \u00a0 \u00a0 \u00a0 \u00a0 \u00a0 \u00a0 \u00a0 \u00a0 \u00a0 \u00a0 <\/strong>\u00a0Animations Familles-Enfants<\/p>\n<p><strong>Marie-Liesse GARANDEAU\u00a0<\/strong>\u00a0 \u00a0 \u00a0 Formation (Bureau)<\/p>\n<p><span style=\"color: #000000;\"><strong>Val\u00e9rie MARTEAU<\/strong>\u00a0 \u00a0 \u00a0 \u00a0 \u00a0 \u00a0 \u00a0 \u00a0 \u00a0 \u00a0 \u00a0Tr\u00e9sori\u00e8re (Bureau)<\/span><\/p>\n<p><strong>Dominique MASCHIO<\/strong>\u00a0 \u00a0 \u00a0 \u00a0 \u00a0 \u00a0 \u00a0 \u00a0Gestion du local et Ev\u00e9nements<\/p>\n<p><span style=\"color: #000000;\"><strong>Jean-Pierre MURA\u00a0 \u00a0 \u00a0 \u00a0 \u00a0 \u00a0 \u00a0 \u00a0 \u00a0<\/strong>\u00a0 \u00a0Pr\u00e9sident, Communication (Bureau)<\/span><\/p>\n<p><strong>Val\u00e9rie de OLIVEIRA\u00a0 \u00a0 \u00a0 \u00a0 \u00a0 \u00a0 \u00a0<\/strong>\u00a0 \u00a0Vice-Pr\u00e9sidente Accueil (Bureau)<\/p>\n<p><span style=\"color: #000000;\"><strong>Karine PERCHE\u00a0 \u00a0 \u00a0 \u00a0 \u00a0 \u00a0 \u00a0 \u00a0 \u00a0 \u00a0 \u00a0 \u00a0<\/strong>\u00a0 Secr\u00e9taire G\u00e9n\u00e9rale (Bureau)<\/span><\/p>\n<p><strong>Ninon RENAUDET<\/strong>\u00a0 \u00a0 \u00a0 \u00a0 \u00a0 \u00a0 \u00a0 \u00a0 \u00a0 \u00a0 Coordinatrice Animations<\/p>\n<p>&nbsp;<\/p>\n<p>&nbsp;<\/p>\n<p>&nbsp;<\/p>\n","protected":false},"excerpt":{"rendered":"<p>Le conseil d&rsquo;administration et le bureau \u00a0 \u00a0 \u00a0 \u00a0 \u00a0 \u00a0 \u00a0 \u00a0 \u00a0\u00a0 Annie AUREGAN Fatima BELARBI\u00a0 \u00a0 \u00a0 \u00a0 \u00a0 \u00a0 \u00a0 \u00a0 \u00a0 \u00a0 \u00a0 \u00a0Animations Familles-Enfants Marie-Liesse GARANDEAU\u00a0\u00a0 \u00a0 \u00a0 Formation (Bureau) Val\u00e9rie MARTEAU\u00a0 \u00a0 \u00a0 \u00a0 \u00a0 \u00a0 \u00a0 \u00a0 \u00a0 \u00a0 \u00a0Tr\u00e9sori\u00e8re (Bureau) Dominique MASCHIO\u00a0 \u00a0 \u00a0 \u00a0 [&hellip;]<\/p>\n","protected":false},"author":1,"featured_media":0,"parent":0,"menu_order":0,"comment_status":"closed","ping_status":"closed","template":"","meta":[],"acf":[],"_links":{"self":[{"href":"https:\/\/avf.asso.fr\/angouleme\/wp-json\/wp\/v2\/pages\/176"}],"collection":[{"href":"https:\/\/avf.asso.fr\/angouleme\/wp-json\/wp\/v2\/pages"}],"about":[{"href":"https:\/\/avf.asso.fr\/angouleme\/wp-json\/wp\/v2\/types\/page"}],"author":[{"embeddable":true,"href":"https:\/\/avf.asso.fr\/angouleme\/wp-json\/wp\/v2\/users\/1"}],"replies":[{"embeddable":true,"href":"https:\/\/avf.asso.fr\/angouleme\/wp-json\/wp\/v2\/comments?post=176"}],"version-history":[{"count":11,"href":"https:\/\/avf.asso.fr\/angouleme\/wp-json\/wp\/v2\/pages\/176\/revisions"}],"predecessor-version":[{"id":1869,"href":"https:\/\/avf.asso.fr\/angouleme\/wp-json\/wp\/v2\/pages\/176\/revisions\/1869"}],"wp:attachment":[{"href":"https:\/\/avf.asso.fr\/angouleme\/wp-json\/wp\/v2\/media?parent=176"}],"curies":[{"name":"wp","href":"https:\/\/api.w.org\/{rel}","templated":true}]}}