{"id":170,"date":"2018-04-25T11:06:10","date_gmt":"2018-04-25T09:06:10","guid":{"rendered":"https:\/\/avf.asso.fr\/angouleme\/?page_id=170"},"modified":"2020-11-05T17:23:54","modified_gmt":"2020-11-05T16:23:54","slug":"presentation","status":"publish","type":"page","link":"https:\/\/avf.asso.fr\/angouleme\/presentation\/","title":{"rendered":"Pr\u00e9sentation de l&rsquo;AVF Angoul\u00eame"},"content":{"rendered":"<div>\n<p>L&rsquo;AVF (Accueil des Villes Fran\u00e7aises) d&rsquo;Angoul\u00eame, association appartenant au r\u00e9seau des Accueils des Villes Fran\u00e7aises, a pour objectif de faciliter votre installation dans la ville que vous venez d&rsquo;adopter.<\/p>\n<p>L&rsquo;AVF d&rsquo;Angoul\u00eame a \u00e9t\u00e9 cr\u00e9\u00e9e en septembre 1977 et depuis plus de 40 ans pas moins de 20 pr\u00e9sidentes et pr\u00e9sidents, accompagn\u00e9s de centaines de b\u00e9n\u00e9voles, se sont succ\u00e9d\u00e9s pour vous accueillir.<\/p>\n<p>Aujourd&rsquo;hui, outre le Conseil d&rsquo;administration compos\u00e9 de 9 membres, une dizaine de b\u00e9n\u00e9voles sont investis pour vous permettre de partager des moments conviviaux tout au long de l&rsquo;ann\u00e9e. Ils sont \u00e0 votre disposition pour vous accueillir et vous parler de <a href=\"https:\/\/avf.asso.fr\/angouleme\/animations_regulieres\/\">l&rsquo;animation<\/a> qu&rsquo;ils encadrent.<\/p>\n<p>&nbsp;<\/p>\n<\/div>\n<div><\/div>\n<div><\/div>\n<blockquote>\n<div><\/div>\n<\/blockquote>\n<div><\/div>\n<div>\n<p>&nbsp;<\/p>\n<h2><\/h2>\n<\/div>\n","protected":false},"excerpt":{"rendered":"<p>L&rsquo;AVF (Accueil des Villes Fran\u00e7aises) d&rsquo;Angoul\u00eame, association appartenant au r\u00e9seau des Accueils des Villes Fran\u00e7aises, a pour objectif de faciliter votre installation dans la ville que vous venez d&rsquo;adopter. L&rsquo;AVF d&rsquo;Angoul\u00eame a \u00e9t\u00e9 cr\u00e9\u00e9e en septembre 1977 et depuis plus de 40 ans pas moins de 20 pr\u00e9sidentes et pr\u00e9sidents, accompagn\u00e9s de centaines de b\u00e9n\u00e9voles, [&hellip;]<\/p>\n","protected":false},"author":1,"featured_media":1252,"parent":0,"menu_order":0,"comment_status":"closed","ping_status":"closed","template":"","meta":[],"acf":[],"_links":{"self":[{"href":"https:\/\/avf.asso.fr\/angouleme\/wp-json\/wp\/v2\/pages\/170"}],"collection":[{"href":"https:\/\/avf.asso.fr\/angouleme\/wp-json\/wp\/v2\/pages"}],"about":[{"href":"https:\/\/avf.asso.fr\/angouleme\/wp-json\/wp\/v2\/types\/page"}],"author":[{"embeddable":true,"href":"https:\/\/avf.asso.fr\/angouleme\/wp-json\/wp\/v2\/users\/1"}],"replies":[{"embeddable":true,"href":"https:\/\/avf.asso.fr\/angouleme\/wp-json\/wp\/v2\/comments?post=170"}],"version-history":[{"count":30,"href":"https:\/\/avf.asso.fr\/angouleme\/wp-json\/wp\/v2\/pages\/170\/revisions"}],"predecessor-version":[{"id":1253,"href":"https:\/\/avf.asso.fr\/angouleme\/wp-json\/wp\/v2\/pages\/170\/revisions\/1253"}],"wp:featuredmedia":[{"embeddable":true,"href":"https:\/\/avf.asso.fr\/angouleme\/wp-json\/wp\/v2\/media\/1252"}],"wp:attachment":[{"href":"https:\/\/avf.asso.fr\/angouleme\/wp-json\/wp\/v2\/media?parent=170"}],"curies":[{"name":"wp","href":"https:\/\/api.w.org\/{rel}","templated":true}]}}