{"id":143,"date":"2018-02-08T11:23:49","date_gmt":"2018-02-08T10:23:49","guid":{"rendered":"https:\/\/avf.asso.fr\/angouleme\/?page_id=143"},"modified":"2023-11-13T16:30:46","modified_gmt":"2023-11-13T15:30:46","slug":"adherer-a-association","status":"publish","type":"page","link":"https:\/\/avf.asso.fr\/angouleme\/adherer-a-association\/","title":{"rendered":"Adh\u00e9rer \u00e0 notre association"},"content":{"rendered":"<p>Venez nous rencontrer \u00e0 notre local, 71 boulevard Besson Bey \u00e0 Angoul\u00eame, lors d&rsquo;une permanence. Une accueillante, b\u00e9n\u00e9vole, sera \u00e0 votre disposition pour vous recevoir et vous informer.<\/p>\n<p>&nbsp;<\/p>\n<p>L\u2019adh\u00e9sion \u00e0 notre association vous permet l&rsquo;acc\u00e8s \u00e0 toutes les animations et inclut l&rsquo;assurance pour toutes les activit\u00e9s.<\/p>\n<p>&nbsp;<\/p>\n<p>Cette adh\u00e9sion impliquera :<\/p>\n<div>\n<p><strong>1\u00b0)<\/strong> Le r\u00e8glement de la cotisation annuelle<\/p>\n<ul>\n<li>\u00a0la premi\u00e8re ann\u00e9e :<\/li>\n<\/ul>\n<p>&#8211; en individuel 38\u20ac<\/p>\n<p>&#8211; en couple 57\u20ac<\/p>\n<ul><\/ul>\n<div>\n<ul>\n<li>les ann\u00e9es suivantes :<\/li>\n<\/ul>\n<p style=\"padding-left: 60px;\">&#8211; en individuel : 44 \u20ac<\/p>\n<p style=\"padding-left: 60px;\">&#8211; en un couple : 66 \u20ac<\/p>\n<ul>\n<li>Tarif jeunes pour les moins de 35 ans :<\/li>\n<\/ul>\n<p>&#8211; en individuel 20 \u20ac et en couple 30\u20ac<\/p>\n<p>&#8211; \u00e0 partir de la deuxi\u00e8me ann\u00e9e, en individuel 25\u20ac, et en couple 40\u20ac.<\/p>\n<p><em>En fonction de la sortie propos\u00e9e, il peut \u00eatre demand\u00e9 une participation financi\u00e8re (ex. visite d&rsquo;une exposition ou sortie au mus\u00e9e)<\/em><\/p>\n<p>&nbsp;<\/p>\n<p><strong>2\u00b0)<\/strong> L&rsquo;adh\u00e9sion \u00e0 notre Charte<\/p>\n<p>&nbsp;<\/p>\n<p><strong>3\u00b0)<\/strong> L\u2019acceptation de notre r\u00e8glement int\u00e9rieur<\/p>\n<\/div>\n<\/div>\n<div><\/div>\n<div>\n<div><\/div>\n<\/div>\n","protected":false},"excerpt":{"rendered":"<p>Venez nous rencontrer \u00e0 notre local, 71 boulevard Besson Bey \u00e0 Angoul\u00eame, lors d&rsquo;une permanence. Une accueillante, b\u00e9n\u00e9vole, sera \u00e0 votre disposition pour vous recevoir et vous informer. &nbsp; L\u2019adh\u00e9sion \u00e0 notre association vous permet l&rsquo;acc\u00e8s \u00e0 toutes les animations et inclut l&rsquo;assurance pour toutes les activit\u00e9s. &nbsp; Cette adh\u00e9sion impliquera : 1\u00b0) Le r\u00e8glement [&hellip;]<\/p>\n","protected":false},"author":1,"featured_media":0,"parent":0,"menu_order":0,"comment_status":"closed","ping_status":"closed","template":"","meta":[],"acf":[],"_links":{"self":[{"href":"https:\/\/avf.asso.fr\/angouleme\/wp-json\/wp\/v2\/pages\/143"}],"collection":[{"href":"https:\/\/avf.asso.fr\/angouleme\/wp-json\/wp\/v2\/pages"}],"about":[{"href":"https:\/\/avf.asso.fr\/angouleme\/wp-json\/wp\/v2\/types\/page"}],"author":[{"embeddable":true,"href":"https:\/\/avf.asso.fr\/angouleme\/wp-json\/wp\/v2\/users\/1"}],"replies":[{"embeddable":true,"href":"https:\/\/avf.asso.fr\/angouleme\/wp-json\/wp\/v2\/comments?post=143"}],"version-history":[{"count":9,"href":"https:\/\/avf.asso.fr\/angouleme\/wp-json\/wp\/v2\/pages\/143\/revisions"}],"predecessor-version":[{"id":1859,"href":"https:\/\/avf.asso.fr\/angouleme\/wp-json\/wp\/v2\/pages\/143\/revisions\/1859"}],"wp:attachment":[{"href":"https:\/\/avf.asso.fr\/angouleme\/wp-json\/wp\/v2\/media?parent=143"}],"curies":[{"name":"wp","href":"https:\/\/api.w.org\/{rel}","templated":true}]}}