{"id":1048,"date":"2019-12-18T10:05:01","date_gmt":"2019-12-18T09:05:01","guid":{"rendered":"https:\/\/avf.asso.fr\/angouleme\/?page_id=1048"},"modified":"2019-12-18T10:05:01","modified_gmt":"2019-12-18T09:05:01","slug":"qui-sommes-nous-2","status":"publish","type":"page","link":"https:\/\/avf.asso.fr\/angouleme\/qui-sommes-nous-2\/","title":{"rendered":"Qui sommes nous?"},"content":{"rendered":"<p>L\u2019Accueil des Villes Fran\u00e7aises est une association loi 1901, reconnue d\u2019int\u00e9r\u00eat g\u00e9n\u00e9ral, agr\u00e9\u00e9e par le Ministre du Logement et de la Vie Associative, en partenariat avec l\u2019Association des Maires de France et, depuis 2010, le P\u00f4le Emploi.<\/p>\n<p>Sans appartenance politique ou confessionnelle, elle a pour but d\u2019offrir un service d\u2019accueil et d\u2019information \u00e0 ceux qui changent de ville ou de pays.<\/p>\n<p>Cr\u00e9\u00e9s pour donner une r\u00e9ponse humaine aux probl\u00e8mes engendr\u00e9s par la mobilit\u00e9 et faciliter l\u2019adaptation dans un nouveau cadre de vie, les AVF repr\u00e9sentent un v\u00e9ritable service dans la ville.<\/p>\n<h3><span style=\"color: #000080\">L\u2019AVF, une organisation nationale<\/span><\/h3>\n<p>Cette Association est r\u00e9gie par une charte et des statuts.<\/p>\n<p>Chaque AVF locale dispose d\u2019un r\u00e8glement int\u00e9rieur qui pr\u00e9cise et compl\u00e8te les statuts.<\/p>\n<p>En y adh\u00e9rant, vous vous engagez \u00e0 les accepter et \u00e0 contribuer \u00e0 votre tour \u00e0 participer \u00e0 la vie de l\u2019Association, \u00e0 son d\u00e9veloppement par une aide ponctuelle ou un engagement b\u00e9n\u00e9vole en fonction de vos comp\u00e9tences, capacit\u00e9s et disponibilit\u00e9s<\/p>\n","protected":false},"excerpt":{"rendered":"<p>L\u2019Accueil des Villes Fran\u00e7aises est une association loi 1901, reconnue d\u2019int\u00e9r\u00eat g\u00e9n\u00e9ral, agr\u00e9\u00e9e par le Ministre du Logement et de la Vie Associative, en partenariat avec l\u2019Association des Maires de France et, depuis 2010, le P\u00f4le Emploi. Sans appartenance politique ou confessionnelle, elle a pour but d\u2019offrir un service d\u2019accueil et d\u2019information \u00e0 ceux qui [&hellip;]<\/p>\n","protected":false},"author":215,"featured_media":0,"parent":0,"menu_order":0,"comment_status":"closed","ping_status":"closed","template":"","meta":[],"acf":[],"_links":{"self":[{"href":"https:\/\/avf.asso.fr\/angouleme\/wp-json\/wp\/v2\/pages\/1048"}],"collection":[{"href":"https:\/\/avf.asso.fr\/angouleme\/wp-json\/wp\/v2\/pages"}],"about":[{"href":"https:\/\/avf.asso.fr\/angouleme\/wp-json\/wp\/v2\/types\/page"}],"author":[{"embeddable":true,"href":"https:\/\/avf.asso.fr\/angouleme\/wp-json\/wp\/v2\/users\/215"}],"replies":[{"embeddable":true,"href":"https:\/\/avf.asso.fr\/angouleme\/wp-json\/wp\/v2\/comments?post=1048"}],"version-history":[{"count":2,"href":"https:\/\/avf.asso.fr\/angouleme\/wp-json\/wp\/v2\/pages\/1048\/revisions"}],"predecessor-version":[{"id":1050,"href":"https:\/\/avf.asso.fr\/angouleme\/wp-json\/wp\/v2\/pages\/1048\/revisions\/1050"}],"wp:attachment":[{"href":"https:\/\/avf.asso.fr\/angouleme\/wp-json\/wp\/v2\/media?parent=1048"}],"curies":[{"name":"wp","href":"https:\/\/api.w.org\/{rel}","templated":true}]}}