{"id":229,"date":"2018-04-26T19:21:33","date_gmt":"2018-04-26T17:21:33","guid":{"rendered":"https:\/\/avf.asso.fr\/ales\/?page_id=229"},"modified":"2019-10-01T15:56:22","modified_gmt":"2019-10-01T13:56:22","slug":"avf-vous-accompagne","status":"publish","type":"page","link":"https:\/\/avf.asso.fr\/ales\/avf-vous-accompagne\/","title":{"rendered":"AVF vous accompagne"},"content":{"rendered":"<div id=\"headings\">\n<div class=\"container\">\n<div class=\"row\">\n<div class=\"col-12 col-md-8\">\n<p><strong>AVF vous accompagne<\/strong><\/p>\n<p><strong>Le Service au Nouvel Arrivant<\/strong><\/p>\n<p>S\u2019installer dans une nouvelle ville est une exp\u00e9rience d\u00e9licate, il n\u2019est pas facile de prendre ses marques en territoire inconnu, d\u2019apprivoiser les lieux, de reconstituer un r\u00e9seau social\u2026<\/p>\n<p>&nbsp;<\/p>\n<\/div>\n<div id=\"thumb\" class=\"col-4 mobile-hide\"><\/div>\n<\/div>\n<\/div>\n<\/div>\n<div id=\"contents\">\n<div class=\"container\">\n<div class=\"row no-gutter\">\n<article id=\"post-229\" class=\"post-229 page type-page status-publish hentry\">\n<div class=\"entry-content\">\n<h3>Qu\u2019est-ce que l\u2019AVF\u00a0?<\/h3>\n<p>Comme tous les Accueils des Villes Fran\u00e7aises l\u2019AVF de B\u00e9ziers est une association locale loi de 1901 dont la vocation premi\u00e8re est l\u2019accueil des nouveaux arrivants. Elle accueille\u00a0 les nouveaux habitants aussi bien actifs que retrait\u00e9s.<\/p>\n<p>L\u2019 AVF propose de nombreuses activit\u00e9s anim\u00e9es par des b\u00e9n\u00e9voles, le but des diff\u00e9rentes activit\u00e9s \u00e9tant de cr\u00e9er un lien social et amical entre les anciens et les nouveaux.<\/p>\n<p>Notre association fait partie d\u2019un r\u00e9seau national regroupant environ 300 AVF, dont 15 en Languedoc-Roussillon. Le r\u00e9seau national AVF compte plus de 70\u00a0000 adh\u00e9rents.<\/p>\n<p>&nbsp;<\/p>\n<h3>Qui peut s\u2019inscrire \u00e0 l\u2019AVF\u00a0?<\/h3>\n<p>Ont tout naturellement leur place \u00e0 l\u2019AVF les personnes arriv\u00e9es depuis moins de trois ans sur le territoire Biterrois<\/p>\n<p>L\u2019adh\u00e9sion est \u00e9galement possible, pour ceux qui r\u00e9sident dans la r\u00e9gion depuis plus de 3 ans sous r\u00e9serve de s\u2019engager \u00e0 contribuer b\u00e9n\u00e9volement au fonctionnement de l\u2019association.<\/p>\n<p>&nbsp;<\/p>\n<h3>Comment fonctionne l\u2019AVF\u00a0?<\/h3>\n<p>Tous les membres actifs de l\u2019AVF sont b\u00e9n\u00e9voles. Des formations sont propos\u00e9es par l\u2019AVF pour aider les nouveaux \u00e0 devenir des b\u00e9n\u00e9voles accueillants, bienveillants et chaleureux.<\/p>\n<p>Trois cat\u00e9gories de b\u00e9n\u00e9voles g\u00e8rent l\u2019 association :<\/p>\n<p>\u2013 les animateurs : ce sont les rouages essentiels du fonctionnement. Ils proposent et animent des activit\u00e9s r\u00e9guli\u00e8res (ateliers hebdomadaires en divers domaines) ou ponctuelles (conf\u00e9rences, sorties, \u2026). Ce sont ces activit\u00e9s qui sont les supports d\u2019accueil, de rencontres conviviales qui vous aideront \u00e0 trouver les liens n\u00e9cessaires \u00e0 votre int\u00e9gration.<\/p>\n<p>\u2013 les accueillants (es) : ce sont les premi\u00e8res personnes que vous rencontrez en arrivant \u00e0 l\u2019 AVF. Elles vous renseignent, vous guident, vous accueillent.<\/p>\n<p>\u2013 le CA (Conseil d\u2019 Administration) \u00e9lu en assembl\u00e9e g\u00e9n\u00e9rale pour un mandat de 3 ans, renouvelable. Il\u00a0 organise le fonctionnement de l\u2019association.<\/p>\n<p>Des bulletins trimestriels ou chaque fois que n\u00e9cessaire annoncent toutes les activit\u00e9s et manifestations de lAssociation<\/p>\n<p>Le site internet de l\u2019AVF indique aussi les diff\u00e9rentes manifestations, les publications des animateurs et m\u00eame les comptes rendus des festivit\u00e9s de l\u2019 Association.<\/p>\n<\/div>\n<\/article>\n<\/div>\n<\/div>\n<\/div>\n","protected":false},"excerpt":{"rendered":"<p>AVF vous accompagne Le Service au Nouvel Arrivant S\u2019installer dans une nouvelle ville est une exp\u00e9rience d\u00e9licate, il n\u2019est pas facile de prendre ses marques en territoire inconnu, d\u2019apprivoiser les lieux, de reconstituer un r\u00e9seau social\u2026 &nbsp; Qu\u2019est-ce que l\u2019AVF\u00a0? Comme tous les Accueils des Villes Fran\u00e7aises l\u2019AVF de B\u00e9ziers est une association locale loi [&hellip;]<\/p>\n","protected":false},"author":1,"featured_media":0,"parent":0,"menu_order":0,"comment_status":"closed","ping_status":"closed","template":"","meta":[],"acf":[],"_links":{"self":[{"href":"https:\/\/avf.asso.fr\/ales\/wp-json\/wp\/v2\/pages\/229"}],"collection":[{"href":"https:\/\/avf.asso.fr\/ales\/wp-json\/wp\/v2\/pages"}],"about":[{"href":"https:\/\/avf.asso.fr\/ales\/wp-json\/wp\/v2\/types\/page"}],"author":[{"embeddable":true,"href":"https:\/\/avf.asso.fr\/ales\/wp-json\/wp\/v2\/users\/1"}],"replies":[{"embeddable":true,"href":"https:\/\/avf.asso.fr\/ales\/wp-json\/wp\/v2\/comments?post=229"}],"version-history":[{"count":3,"href":"https:\/\/avf.asso.fr\/ales\/wp-json\/wp\/v2\/pages\/229\/revisions"}],"predecessor-version":[{"id":935,"href":"https:\/\/avf.asso.fr\/ales\/wp-json\/wp\/v2\/pages\/229\/revisions\/935"}],"wp:attachment":[{"href":"https:\/\/avf.asso.fr\/ales\/wp-json\/wp\/v2\/media?parent=229"}],"curies":[{"name":"wp","href":"https:\/\/api.w.org\/{rel}","templated":true}]}}